{"id":60,"date":"2013-03-18T13:51:48","date_gmt":"2013-03-18T17:51:48","guid":{"rendered":"http:\/\/csmer.uprrp.edu\/?page_id=60"},"modified":"2025-01-27T15:52:02","modified_gmt":"2025-01-27T19:52:02","slug":"resenas-del-proyecto","status":"publish","type":"page","link":"https:\/\/csmer.uprrp.edu\/?page_id=60","title":{"rendered":"Rese\u00f1as del Proyecto"},"content":{"rendered":"\n<ul class=\"wp-block-list\">\n<li><strong><a href=\"http:\/\/alacima.uprrp.edu\/alfa\/Noticias\/AlACiMa%20Inaugura%20en%20Barraquitas.pdf\" target=\"_blank\" rel=\"noopener noreferrer\">AlACiMa Inaugura en Barranquitas<\/a><\/strong><br>La Cordillera<\/li>\n\n\n\n<li><strong><a href=\"http:\/\/graduados.uprrp.edu\/index.php?evt_id=35&amp;lang=es\" target=\"_blank\" rel=\"noopener noreferrer\"><i>National Science Foundation<\/i>&nbsp;(NSF, por sus siglas en ingl\u00e9s) subvenciona propuesta de la Dra. Josefina Arce.<\/a><\/strong><\/li>\n\n\n\n<li><strong><a href=\"http:\/\/alacima.uprrp.edu\/alfa\/Noticias\/noticiamasterteacher.htm\" target=\"_blank\" rel=\"noopener noreferrer\">Los Mejores En Ciencias Nuevo programa de certifica\u00e7i\u00f3n de Maestros M\u00e1ster en Ciencias<\/a><\/strong><br>El Nuevo D\u00eda<\/li>\n\n\n\n<li><strong><a href=\"http:\/\/alacima.uprrp.edu\/alfa\/Noticias\/Comunidad%20de%20aprendices.pdf\" target=\"_blank\" rel=\"noopener noreferrer\">Comunidad de aprendices<\/a><\/strong><br>Notas de El Nuevo D\u00eda Educador<\/li>\n\n\n\n<li><strong><a href=\"http:\/\/alacima.uprrp.edu\/alfa\/Noticias\/apren_ciencias_mate.pdf\" target=\"_blank\" rel=\"noopener noreferrer\">Aprendiendo a hacer ciencias y matematicas<\/a>,<br><\/strong>El Nuevo Dia Educador (27-nov-07)<\/li>\n\n\n\n<li><strong><a href=\"http:\/\/alacima.uprrp.edu\/alfa\/Noticias\/aprender_deleite.pdf\" target=\"_blank\" rel=\"noopener noreferrer\">Aprender es un deleite<\/a>,<br><\/strong>El Nuevo Dia Educador (23-oct-07)<\/li>\n\n\n\n<li><strong><a href=\"http:\/\/alacima.uprrp.edu\/alfa\/Noticias\/comunidades_aprendizaje_cientifico.pdf\" target=\"_blank\" rel=\"noopener noreferrer\">Comunidades de Aprendizaje Cient\u00edfico<\/a>,<br><\/strong>Di\u00e1logo (septiembre- octubre 2007)<\/li>\n\n\n\n<li><strong><a href=\"http:\/\/alacima.uprrp.edu\/alfa\/Noticias\/composta.pdf\" target=\"_blank\" rel=\"noopener noreferrer\">Las Ciencias y los desperdicios s\u00f3lidos<\/a>,<br><\/strong>El Nuevo D\u00eda Educador (22-may-07)<\/li>\n\n\n\n<li><strong><a href=\"http:\/\/alacima.uprrp.edu\/alfa\/Noticias\/decisiones_ciencia_mate.pdf\" target=\"_blank\" rel=\"noopener noreferrer\">Las Ciencias y&nbsp; matem\u00e1ticas nos ayudan a tomar mejores decisiones<\/a>,<br><\/strong>Notas de El Nuevo D\u00eda Educador (10-abr-07)<\/li>\n\n\n\n<li><strong><a href=\"http:\/\/alacima.uprrp.edu\/alfa\/Noticias\/estudiar_ciencia_mate2.jpg\" target=\"_blank\" rel=\"noopener noreferrer\">Para qu\u00e9 nos sirve estudiar ciencias y&nbsp; matematicas<\/a>,<br><\/strong>Notas de El Nuevo D\u00eda Educador (5-mar-07)<\/li>\n\n\n\n<li><strong><a href=\"http:\/\/alacima.uprrp.edu\/alfa\/Noticias\/estudiar_ciencias_mate.pdf\" target=\"_blank\" rel=\"noopener noreferrer\">Para qu\u00e9 nos sirve estudiar ciencias y matematicas<\/a>,<br><\/strong>Notas de El Nuevo D\u00eda Educador (5-feb-07)<\/li>\n\n\n\n<li><strong><a href=\"http:\/\/alacima.uprrp.edu\/alfa\/Noticias\/campkarso.pdf\" target=\"_blank\" rel=\"noopener noreferrer\">Campamento de Investigaci\u00f3n Cient\u00edfica en el Karso<\/a>,<br><\/strong>El Nuevo Dia Educador (22-ago-06)<\/li>\n\n\n\n<li><strong><a href=\"http:\/\/alacima.uprrp.edu\/alfa\/Noticias\/noticia_20feb06.pdf\" target=\"_blank\" rel=\"noopener noreferrer\">Saber y entender<\/a><br><\/strong>Notas de El Nuevo D\u00eda Educador (20-feb-06)<\/li>\n\n\n\n<li><strong><a href=\"http:\/\/alacima.uprrp.edu\/alfa\/Noticias\/Inauguracion_Coamo_ENDI.pdf\" target=\"_blank\" rel=\"noopener noreferrer\">Inaugura el centro AlACiMa en Coamo<\/a>,<br><\/strong>El Nuevo D\u00eda Educador (31-ene-06)<\/li>\n\n\n\n<li><strong><a href=\"http:\/\/alacima.uprrp.edu\/alfa\/Noticias\/vocero27enero06.pdf\" target=\"_blank\" rel=\"noopener noreferrer\">Ven frutos alianza UPR y Educaci\u00f3n<\/a><\/strong><br>El Vocero (27-ene-06)<\/li>\n\n\n\n<li><strong><a href=\"http:\/\/alacima.uprrp.edu\/alfa\/Noticias\/noticia_fideicomiso.pdf\" target=\"_blank\" rel=\"noopener noreferrer\">En contacto directo con la naturaleza<\/a><br><\/strong>&#8220;Estilos de vida&#8221;, El Nuevo D\u00eda (02-jul-04)<\/li>\n\n\n\n<li><strong><a href=\"http:\/\/alacima.uprrp.edu\/alfa\/Noticias\/capacitaciones.pdf\" target=\"_blank\" rel=\"noopener noreferrer\">Capacitaciones de AlACiMa<\/a><\/strong><br>Notas de El Nuevo D\u00eda Educador<\/li>\n\n\n\n<li><strong><a href=\"http:\/\/alacima.uprrp.edu\/alfa\/Noticias\/comunidades_aprendizaje.pdf\" target=\"_blank\" rel=\"noopener noreferrer\">Comunidades de aprendizaje<\/a><\/strong><br>Notas de El Nuevo D\u00eda Educador<\/li>\n\n\n\n<li><strong><a href=\"http:\/\/alacima.uprrp.edu\/alfa\/Noticias\/foroeducacion.pdf\" target=\"_blank\" rel=\"noopener noreferrer\">Desaf\u00edo para estudiar ciencias y matem\u00e1ticas<\/a><\/strong><\/li>\n\n\n\n<li><strong><a href=\"http:\/\/alacima.uprrp.edu\/alfa\/Noticias\/q_es_alacima.pdf\" target=\"_blank\" rel=\"noopener noreferrer\">Que es AlACiMa<\/a><\/strong><\/li>\n\n\n\n<li><strong>UPR R\u00edo Piedras: alianza por una educaci\u00f3n de excelencias&nbsp;<span style=\"color: #003300;\">Vea&nbsp;<span style=\"color: #003300;\"><a href=\"http:\/\/alacima.uprrp.edu\/alfa\/Noticias\/zonai.htm\" target=\"_blank\" rel=\"noopener noreferrer\">m\u00e1s detalles<\/a>.<\/span><\/span><\/strong><\/li>\n\n\n\n<li><strong>MAESTROS INMERSOS EN SEMINARIOS DEL PROYECTO AlACiMa DE LA UPR<\/strong><br><span style=\"color: #003300;\">Vea&nbsp;<span style=\"color: #003300;\"><a href=\"http:\/\/alacima.uprrp.edu\/alfa\/Noticias\/maestros_inmersos.htm\" target=\"_blank\" rel=\"noopener noreferrer\">m\u00e1s detalles<\/a>.<\/span><\/span><\/li>\n\n\n\n<li><strong>Abriendo caminos, escribiendo la historia<\/strong><span style=\"color: #003300;\"><br><span style=\"color: #003300;\">Vea las diferentes rese\u00f1as period\u00edsticas.<\/span><span style=\"line-height: 1.5; color: #333333;\">&nbsp;<\/span><br><\/span><b>&#8211; <a href=\"http:\/\/alacima.uprrp.edu\/alfa\/Noticias\/endi01-12-04.htm\">El Nuevo D\u00eda<\/a><br>&#8211; <a href=\"http:\/\/alacima.uprrp.edu\/alfa\/Noticias\/SJ_Star01-12-04.htm\">San Juan Star<\/a><br>&#8211;<a href=\"https:\/\/www.elvocero.com\/_services\/v1\/client_captcha\/challenge?request=X2xiX3JhdGVfZm9yZWlnbjpMMjV2ZEdsamFXRXVZWE53UDI0OU5EazRNREVtWkQweE1pOHhMekl3TURRPToxNTU2NTUxNzI1OjB4YjAyZmMxZjEzMWJlNDYyM2YxZDQyZDAzZGQ1YjExNjYyMDIzYzJmYw==\" target=\"_blank\" rel=\"noopener noreferrer\"> Vocero<\/a><\/b><br><b>&#8211; <\/b><b><a href=\"http:\/\/alacima.uprrp.edu\/alfa\/Noticias\/noticia_dialogo.jpg\" target=\"_blank\" rel=\"noopener noreferrer\">Di\u00e1logo<\/a><\/b><\/li>\n\n\n\n<li>Proyecto AlACiMa y UPR anuncian primer a\u00f1o de logros acad\u00e9micos en colaboraci\u00f3n con escuelas p\u00fablicas.&nbsp;<span style=\"color: #003300;\">Vea&nbsp;<span style=\"color: #003300;\"><a href=\"http:\/\/alacima.uprrp.edu\/alfa\/Noticias\/noticampus.htm\" target=\"_blank\" rel=\"noopener noreferrer\">m\u00e1s detalles<\/a>.<\/span><\/span><\/li>\n\n\n\n<li>Busy Summer 2004&nbsp;<span style=\"color: #003300;\">Vea&nbsp;<a href=\"http:\/\/alacima.uprrp.edu\/alfa\/english\/busysummer.htm\" target=\"_blank\" rel=\"noopener noreferrer\">m\u00e1s detalles<\/a>.<\/span><\/li>\n\n\n\n<li>Taller Fideicomiso de Conservaci\u00f3n &#8211; ecosistemas costeros&nbsp;<span style=\"color: #003300;\">Vea&nbsp;<a href=\"http:\/\/alacima.uprrp.edu\/alfa\/images\/PDF\/noticia_fideicomiso.pdf\" target=\"_blank\" rel=\"noopener noreferrer\">m\u00e1s detalles<\/a>.<\/span><\/li>\n\n\n\n<li><div align=\"left\">Vea las diferentes rese\u00f1as period\u00edsticas.<\/div><p>&#8211;\u00a0<a href=\"http:\/\/alacima.uprrp.edu\/alfa\/imagenes_actividades\/orientafeb04.htm\">Orientaciones<\/a><br>&#8211;\u00a0<a href=\"http:\/\/alacima.uprrp.edu\/alfa\/images\/SJS_31oct.jpg\">Rese\u00f1a San Juan Star<\/a><br>&#8211;\u00a0<a href=\"http:\/\/alacima.uprrp.edu\/alfa\/images\/vocero_1nov03.jpg\">Rese\u00f1a Vocero<\/a><br>&#8211;\u00a0<a href=\"http:\/\/alacima.uprrp.edu\/alfa\/Noticias\/ConfPresOct31endi.htm\" target=\"_blank\" rel=\"noopener noreferrer\">Rese\u00f1a El Nuevo Dia<\/a><br>&#8211;\u00a0<a href=\"http:\/\/alacima.uprrp.edu\/alfa\/Noticias\/Universia\/_%20Universia%20Puerto%20Rico%20-%20El%20portal%20de%20los%20universitarios.htm\" target=\"_blank\" rel=\"noopener noreferrer\">Rese\u00f1a Universia<\/a><br>&#8211;\u00a0<a href=\"http:\/\/www.uprm.edu\/news\/articles\/as1292003.html\" target=\"_blank\" rel=\"noopener noreferrer\">RUM en AlACiMa<\/a><\/p><\/li>\n\n\n\n<li>\u00a1<strong>\u00c9xito Reuni\u00f3n de trabajo AlACiMa! <\/strong>Vea <span style=\"color: #003300;\"><a href=\"http:\/\/alacima.uprrp.edu\/alfa\/Noticias\/retirodetrabajo.htm\" target=\"_blank\" rel=\"noopener noreferrer\">m\u00e1s detalles<\/a>.<\/span><\/li>\n\n\n\n<li>\u00a1Puerto Rico Math and Science Establece Presencia en la Internet! <span style=\"color: #003300;\">Vea\u00a0<a href=\"http:\/\/alacima.uprrp.edu\/alfa\/Noticias\/act1.htm\">m\u00e1s detalles<\/a>.<\/span><\/li>\n<\/ul>\n","protected":false},"excerpt":{"rendered":"","protected":false},"author":1,"featured_media":0,"parent":13,"menu_order":2,"comment_status":"closed","ping_status":"closed","template":"","meta":{"_kad_post_transparent":"","_kad_post_title":"","_kad_post_layout":"","_kad_post_sidebar_id":"","_kad_post_content_style":"","_kad_post_vertical_padding":"","_kad_post_feature":"","_kad_post_feature_position":"","_kad_post_header":false,"_kad_post_footer":false,"_kad_post_classname":"","footnotes":""},"class_list":["post-60","page","type-page","status-publish","hentry"],"_links":{"self":[{"href":"https:\/\/csmer.uprrp.edu\/index.php?rest_route=\/wp\/v2\/pages\/60","targetHints":{"allow":["GET"]}}],"collection":[{"href":"https:\/\/csmer.uprrp.edu\/index.php?rest_route=\/wp\/v2\/pages"}],"about":[{"href":"https:\/\/csmer.uprrp.edu\/index.php?rest_route=\/wp\/v2\/types\/page"}],"author":[{"embeddable":true,"href":"https:\/\/csmer.uprrp.edu\/index.php?rest_route=\/wp\/v2\/users\/1"}],"replies":[{"embeddable":true,"href":"https:\/\/csmer.uprrp.edu\/index.php?rest_route=%2Fwp%2Fv2%2Fcomments&post=60"}],"version-history":[{"count":4,"href":"https:\/\/csmer.uprrp.edu\/index.php?rest_route=\/wp\/v2\/pages\/60\/revisions"}],"predecessor-version":[{"id":3307,"href":"https:\/\/csmer.uprrp.edu\/index.php?rest_route=\/wp\/v2\/pages\/60\/revisions\/3307"}],"up":[{"embeddable":true,"href":"https:\/\/csmer.uprrp.edu\/index.php?rest_route=\/wp\/v2\/pages\/13"}],"wp:attachment":[{"href":"https:\/\/csmer.uprrp.edu\/index.php?rest_route=%2Fwp%2Fv2%2Fmedia&parent=60"}],"curies":[{"name":"wp","href":"https:\/\/api.w.org\/{rel}","templated":true}]}}