{"id":50,"date":"2013-03-13T16:15:22","date_gmt":"2013-03-13T20:15:22","guid":{"rendered":"http:\/\/csmer.uprrp.edu\/?page_id=50"},"modified":"2025-09-23T11:54:59","modified_gmt":"2025-09-23T15:54:59","slug":"actividades","status":"publish","type":"page","link":"https:\/\/csmer.uprrp.edu\/?page_id=50","title":{"rendered":"Actividades"},"content":{"rendered":"<p><strong>Archivo Fase 4:<\/strong><\/p>\n<p><strong>Verano 2013:<\/strong><\/p>\n<p><em>Matem\u00e1ticas<\/em><\/p>\n<ul>\n<li><span style=\"line-height: 19px;\"><span style=\"line-height: 19px;\">K-3<\/span><\/span>\n<ul>\n<li><a href=\"https:\/\/csmer.uprrp.edu\/wp-content\/uploads\/D\u00eda-1-y-2-Patrones-y-Relaciones.zip\">Figuras de tres dimensiones<\/a><\/li>\n<\/ul>\n<\/li>\n<li>4-6:\n<ul>\n<li><a href=\"https:\/\/csmer.uprrp.edu\/wp-content\/uploads\/D\u00eda-1-y-2-Patrones-y-Relaciones.zip\">D\u00eda 1 y 2 Patrones y Relaciones<\/a><\/li>\n<li><a href=\"https:\/\/csmer.uprrp.edu\/wp-content\/uploads\/D\u00eda-3-Variables-y-Expresiones.zip\">D\u00eda 3 Variables y Expresiones<\/a><\/li>\n<li><a href=\"https:\/\/csmer.uprrp.edu\/wp-content\/uploads\/D\u00eda-4-Ecuaciones-Lineales-con-una-variable.zip\">D\u00eda 4 Ecuaciones Lineales con una variable<\/a><\/li>\n<li><a href=\"https:\/\/csmer.uprrp.edu\/wp-content\/uploads\/D\u00eda-5-Representaciones-y-Relaciones.zip\">D\u00eda 5 Representaciones y Relaciones<\/a><\/li>\n<li><a href=\"https:\/\/csmer.uprrp.edu\/wp-content\/uploads\/D\u00eda-6-Desarrollando-estrategias-para-resolver-problemas-en-algebra.zip\">D\u00eda 6 Desarrollando estrategias para resolver problemas en \u00e1lgebra<\/a><\/li>\n<\/ul>\n<\/li>\n<li>7-9:\n<ul>\n<li><a href=\"https:\/\/csmer.uprrp.edu\/wp-content\/uploads\/Promedio-desviaci\u00f3n-est\u00e1ndard-y-sesgo.zip\">D\u00eda 1 Promedio, desviaci\u00f3n est\u00e1ndar y sesgo<\/a><\/li>\n<li><a href=\"https:\/\/csmer.uprrp.edu\/wp-content\/uploads\/Razonamiento-y-pruebas.zip\">D\u00eda 2\u00a0Razonamiento y pruebas<\/a><\/li>\n<li><a href=\"https:\/\/csmer.uprrp.edu\/wp-content\/uploads\/Rectas-paralelas-y-perpendiculares.zip\">D\u00eda 3\u00a0Rectas paralelas y perpendiculares<\/a><\/li>\n<li><a href=\"https:\/\/csmer.uprrp.edu\/wp-content\/uploads\/Tri\u00e1ngulos.zip\">D\u00eda 4 y 5\u00a0Tri\u00e1ngulos<\/a><\/li>\n<li><a href=\"https:\/\/csmer.uprrp.edu\/wp-content\/uploads\/Transformaciones.zip\">D\u00eda 6\u00a0Transformaciones<\/a><\/li>\n<li><a href=\"https:\/\/csmer.uprrp.edu\/wp-content\/uploads\/Pre-Pos-Unidad-Geometr\u00eda.pdf\">Pre-Pos &#8211; Unidad Geometr\u00eda<\/a><\/li>\n<li><a href=\"https:\/\/csmer.uprrp.edu\/wp-content\/uploads\/Pre-Pos-Clave-Unidad-Geometr\u00eda.pdf\">Pre-Pos Clave &#8211; Unidad Geometr\u00eda<\/a><\/li>\n<\/ul>\n<\/li>\n<\/ul>\n<p><em>Ciencias<\/em><\/p>\n<ul>\n<li>K-3:\n<ul>\n<li><a href=\"https:\/\/csmer.uprrp.edu\/wp-content\/uploads\/D\u00eda-1-Actividades-humanas-y-su-impacto-al-ambiente.zip\">D\u00eda 1 Actividades humanas y su impacto al ambiente<\/a><\/li>\n<li><a href=\"https:\/\/csmer.uprrp.edu\/wp-content\/uploads\/D\u00eda-2-\u00a1Vivimos-pasandole-por-encima.zip\">D\u00eda 2 \u00a1Vivimos pasandole por encima!<\/a><\/li>\n<li><a href=\"https:\/\/csmer.uprrp.edu\/wp-content\/uploads\/D\u00eda-3-Impacto-humano-en-el-recurso-agua.zip\">D\u00eda 3 Impacto humano en el recurso agua<\/a><\/li>\n<li><a href=\"https:\/\/csmer.uprrp.edu\/wp-content\/uploads\/Pre-Pos-Clave3.pdf\">Pre-Pos Clave<\/a><\/li>\n<li><a href=\"https:\/\/csmer.uprrp.edu\/wp-content\/uploads\/Pre-Pos3.pdf\">Pre-Pos<\/a><\/li>\n<\/ul>\n<\/li>\n<li>4-6:\n<ul>\n<li><a href=\"https:\/\/csmer.uprrp.edu\/wp-content\/uploads\/D\u00eda-1-Estados-de-la-materia.zip\">D\u00eda 1 Estados de la materia<\/a><\/li>\n<li><a href=\"https:\/\/csmer.uprrp.edu\/wp-content\/uploads\/D\u00eda-2-Propiedades-y-cambios-f\u00edsicos-de-la-materia.zip\">D\u00eda 2 Propiedades y cambios f\u00edsicos de la materia<\/a><\/li>\n<li><a href=\"https:\/\/csmer.uprrp.edu\/wp-content\/uploads\/D\u00eda-3-Mira-observa-y-modela-una-reacci\u00f3m-qu\u00edmica.zip\">D\u00eda 3 Mira, observa y modela una reacci\u00f3n qu\u00edmica<\/a><\/li>\n<li><a href=\"https:\/\/csmer.uprrp.edu\/wp-content\/uploads\/D\u00eda-4-Ciclo-del-agua.zip\">D\u00eda 4 Ciclo del agua<\/a><\/li>\n<li><a href=\"https:\/\/csmer.uprrp.edu\/wp-content\/uploads\/D\u00eda-5-Zonas-climaticas.zip\">D\u00eda 5 Zonas clim\u00e1ticas<\/a><\/li>\n<li><a href=\"https:\/\/csmer.uprrp.edu\/wp-content\/uploads\/D\u00eda-6-Fen\u00f3menos-naturales-Huracanes.zip\">D\u00eda 6 Fen\u00f3menos naturales Huracanes<\/a><\/li>\n<li><a href=\"https:\/\/csmer.uprrp.edu\/wp-content\/uploads\/Pre-Pos-Clave4.pdf\">Pre-Pos Clave<\/a><\/li>\n<li><a href=\"https:\/\/csmer.uprrp.edu\/wp-content\/uploads\/Pre-Pos4.pdf\">Pre-Pos<\/a><\/li>\n<\/ul>\n<\/li>\n<li>7-9:\n<ul>\n<li><a href=\"https:\/\/csmer.uprrp.edu\/wp-content\/uploads\/Investigando-con-la-composta.zip\">Investigando con la composta<\/a><\/li>\n<li><a href=\"https:\/\/csmer.uprrp.edu\/wp-content\/uploads\/Gu\u00eda-del-Maestro-Fotos\u00edntesis-y-Respiraci\u00f3n-Celular.pdf\">Gu\u00eda del Maestro &#8211; Fotos\u00edntesis y Respiraci\u00f3n Celular<\/a><\/li>\n<li><a href=\"https:\/\/csmer.uprrp.edu\/wp-content\/uploads\/Gu\u00eda-del-Maestro-Mitosis-y-Meiosis.pdf\">Gu\u00eda del Maestro &#8211; Mitosis y Meiosis<\/a><\/li>\n<\/ul>\n<\/li>\n<\/ul>\n<p><strong>Abril 2013:<\/strong><\/p>\n<p><em>Matem\u00e1ticas<\/em><\/p>\n<ul>\n<li>K-3:<strong>\u00a0<\/strong><a href=\"https:\/\/csmer.uprrp.edu\/wp-content\/uploads\/Matematicas-K-3-Abr-2013-Explorando-partes-de-un-entero.zip\">Explorando partes de un entero<\/a><\/li>\n<li>4-6: <a href=\"https:\/\/csmer.uprrp.edu\/wp-content\/uploads\/Matematicas-4-6-Abr-2013-Volumen.zip\">2013 Volumen<\/a><\/li>\n<li>7-9: <a href=\"https:\/\/csmer.uprrp.edu\/wp-content\/uploads\/Matematicas-7-9-Abr-2013-Distribucion-de-frecuencias-e-histogramas.zip\">Distribuci\u00f3n de frecuencias e histogramas<\/a><\/li>\n<\/ul>\n<p><em>Ciencias<\/em><\/p>\n<ul>\n<li>K-3: <a href=\"https:\/\/csmer.uprrp.edu\/wp-content\/uploads\/Ciencias-K-3-Abr-2013-Aereolinea-digestiva.zip\">Aereolinea digestiva<\/a><\/li>\n<li>4-6: <a href=\"https:\/\/csmer.uprrp.edu\/wp-content\/uploads\/Ciencias-4-6-Abr-2013-Estructura-Celular.zip\">Estructura Celular<\/a><\/li>\n<li>7-9: <a href=\"https:\/\/csmer.uprrp.edu\/wp-content\/uploads\/Ciencias-7-9-Abr-2013-El-dogma-central-de-la-biolog\u00eda.zip\">El dogma central de la biolog\u00eda<\/a><\/li>\n<\/ul>\n<p><strong>Febrero 2013:<\/strong><\/p>\n<p><em>Matem\u00e1ticas<\/em><\/p>\n<ul>\n<li>K-3:<strong>\u00a0<\/strong><a href=\"https:\/\/csmer.uprrp.edu\/wp-content\/uploads\/Matematicas-K-3-Feb-2013-\u00bfQU\u00c9-VALOR-TENGO.zip\">\u00bfQu\u00e9 valor tengo?<\/a><\/li>\n<li>4-6: <a href=\"https:\/\/csmer.uprrp.edu\/wp-content\/uploads\/Matematicas-4-6-Feb-2013-\u00c1rea-de-Superficie-II2.zip\">\u00c1rea de Superficie II<\/a><\/li>\n<li>7-9: <a href=\"https:\/\/csmer.uprrp.edu\/wp-content\/uploads\/Matematicas-7-9-Feb-2013-Probabilidad.zip\">Probabilidad<\/a><\/li>\n<\/ul>\n<p><em>Ciencias<\/em><\/p>\n<ul>\n<li>K-3: <a href=\"https:\/\/csmer.uprrp.edu\/wp-content\/uploads\/Ciencias-K-3-Feb-2013-Parque-bucal-Donde-todo-ni\u00f1o-sale-con-una-sonrisa.zip\">Parque bucal: Donde todo ni\u00f1o sale con una sonrisa<\/a><\/li>\n<li>4-6: <a href=\"https:\/\/csmer.uprrp.edu\/wp-content\/uploads\/Ciencias-4-6-Feb-2013-El-sistema-m\u00fasculo-esqueletal-Sost\u00e9n-y-movilidad.zip\">El sistema m\u00fasculo esqueletal: Sost\u00e9n y movilidad<\/a><\/li>\n<li>7-9: <a href=\"https:\/\/csmer.uprrp.edu\/wp-content\/uploads\/Ciencias-7-9-Feb-2013-La-mol\u00e9cula-de-ADN.zip\">La mol\u00e9cula de ADN<\/a><\/li>\n<\/ul>\n<p><strong>Octubre 2012:<\/strong><\/p>\n<p><em>Matem\u00e1ticas<\/em><\/p>\n<ul>\n<li>K-3:<strong>\u00a0<\/strong><a href=\"https:\/\/csmer.uprrp.edu\/wp-content\/uploads\/k-3-mate-Patrones-y-m\u00e1s-patrones.rar\">Patrones y m\u00e1s patrones<\/a><a href=\"https:\/\/csmer.uprrp.edu\/wp-content\/uploads\/Matematicas-K-3-Feb-2013-\u00bfQU\u00c9-VALOR-TENGO.zip\"><br \/>\n<\/a><\/li>\n<li>4-6: <a href=\"https:\/\/csmer.uprrp.edu\/wp-content\/uploads\/4-6-mate-\u00c1rea-de-superficie-I.zip\">\u00c1rea de superficie I<\/a><a href=\"https:\/\/csmer.uprrp.edu\/wp-content\/uploads\/Matematicas-4-6-Feb-2013-\u00c1rea-de-Superficie-II2.zip\"><br \/>\n<\/a><\/li>\n<li>7-9: <a href=\"https:\/\/csmer.uprrp.edu\/wp-content\/uploads\/7-9-mate-Resoluc\u00f3n-de-problemas-verbales.zip\">Resoluci\u00f3n de problemas verbales<\/a><a href=\"https:\/\/csmer.uprrp.edu\/wp-content\/uploads\/Matematicas-7-9-Feb-2013-Probabilidad.zip\"><br \/>\n<\/a><\/li>\n<\/ul>\n<p><em>Ciencias<\/em><\/p>\n<ul>\n<li>K-3: <a href=\"https:\/\/csmer.uprrp.edu\/wp-content\/uploads\/k-3-cs-\u00a1Cambiando-nuestra-apariencia-sin-cambiar-nuestra-estructura.zip\">\u00a1Cambiando nuestra apariencia, sin cambiar nuestra estructura!<\/a><a href=\"https:\/\/csmer.uprrp.edu\/wp-content\/uploads\/Ciencias-K-3-Feb-2013-Parque-bucal-Donde-todo-ni\u00f1o-sale-con-una-sonrisa.zip\"><br \/>\n<\/a><\/li>\n<li>4-6: <a href=\"https:\/\/csmer.uprrp.edu\/wp-content\/uploads\/4-6-cs-\u00a1Trabajamos-trabajamos-sin-derecho-a-vacaciones.zip\">\u00a1Trabajamos trabajamos sin derecho a vacaciones!<\/a><a href=\"https:\/\/csmer.uprrp.edu\/wp-content\/uploads\/Ciencias-4-6-Feb-2013-El-sistema-m\u00fasculo-esqueletal-Sost\u00e9n-y-movilidad.zip\"><br \/>\n<\/a><\/li>\n<li>7-9: <a href=\"https:\/\/csmer.uprrp.edu\/wp-content\/uploads\/7-9-cs-Propiedades-colgativas-de-las-soluciones.zip\">Propiedades coligativas de las soluciones<\/a><\/li>\n<\/ul>\n","protected":false},"excerpt":{"rendered":"<p>Archivo Fase 4: Verano 2013: Matem\u00e1ticas K-3 Figuras de tres dimensiones 4-6: D\u00eda 1 y 2 Patrones y Relaciones D\u00eda 3 Variables y Expresiones D\u00eda 4 Ecuaciones Lineales con una variable D\u00eda 5 Representaciones y Relaciones D\u00eda 6 Desarrollando estrategias para resolver problemas en \u00e1lgebra 7-9: D\u00eda 1 Promedio, desviaci\u00f3n est\u00e1ndar y sesgo D\u00eda 2\u00a0Razonamiento&#8230;<\/p>\n","protected":false},"author":1,"featured_media":0,"parent":48,"menu_order":0,"comment_status":"closed","ping_status":"closed","template":"","meta":{"_kad_post_transparent":"","_kad_post_title":"","_kad_post_layout":"","_kad_post_sidebar_id":"","_kad_post_content_style":"","_kad_post_vertical_padding":"","_kad_post_feature":"","_kad_post_feature_position":"","_kad_post_header":false,"_kad_post_footer":false,"_kad_post_classname":"","footnotes":""},"class_list":["post-50","page","type-page","status-publish","hentry"],"_links":{"self":[{"href":"https:\/\/csmer.uprrp.edu\/index.php?rest_route=\/wp\/v2\/pages\/50","targetHints":{"allow":["GET"]}}],"collection":[{"href":"https:\/\/csmer.uprrp.edu\/index.php?rest_route=\/wp\/v2\/pages"}],"about":[{"href":"https:\/\/csmer.uprrp.edu\/index.php?rest_route=\/wp\/v2\/types\/page"}],"author":[{"embeddable":true,"href":"https:\/\/csmer.uprrp.edu\/index.php?rest_route=\/wp\/v2\/users\/1"}],"replies":[{"embeddable":true,"href":"https:\/\/csmer.uprrp.edu\/index.php?rest_route=%2Fwp%2Fv2%2Fcomments&post=50"}],"version-history":[{"count":4,"href":"https:\/\/csmer.uprrp.edu\/index.php?rest_route=\/wp\/v2\/pages\/50\/revisions"}],"predecessor-version":[{"id":4556,"href":"https:\/\/csmer.uprrp.edu\/index.php?rest_route=\/wp\/v2\/pages\/50\/revisions\/4556"}],"up":[{"embeddable":true,"href":"https:\/\/csmer.uprrp.edu\/index.php?rest_route=\/wp\/v2\/pages\/48"}],"wp:attachment":[{"href":"https:\/\/csmer.uprrp.edu\/index.php?rest_route=%2Fwp%2Fv2%2Fmedia&parent=50"}],"curies":[{"name":"wp","href":"https:\/\/api.w.org\/{rel}","templated":true}]}}