{"id":48,"date":"2013-03-13T16:15:04","date_gmt":"2013-03-13T20:15:04","guid":{"rendered":"http:\/\/csmer.uprrp.edu\/?page_id=48"},"modified":"2025-09-23T11:57:32","modified_gmt":"2025-09-23T15:57:32","slug":"fase-iv","status":"publish","type":"page","link":"https:\/\/csmer.uprrp.edu\/?page_id=48","title":{"rendered":"Fase IV"},"content":{"rendered":"\n<p><strong>Fase IV<\/strong><\/p>\n\n\n\n<p><b id=\"yui_3_13_0_1_1396756425748_2126\">DESCRIPCI\u00d3N DEL PROYECTO<\/b>:&nbsp; Plan Interagencial entre la Universidad de Puerto Rico-Recinto de R\u00edo Piedras y el Departamento de Educaci\u00f3n de Puerto Rico.&nbsp; El objetivo de este plan es el desarrollo un plan de capacitaci\u00f3n en contenido para&nbsp;docentes&nbsp;y directores de escuelas.&nbsp; Estas capacitaciones est\u00e1n dirigidas a maestros y directores de escuelas en plan de mejoramiento y maestros y directores de las Escuelas Siglo XXI.&nbsp;&nbsp;Se utilizar\u00e1n otras modalidades de aprendizaje como lo es el aprendizaje colaborativo, aprendizaje basado en problema (PBL), integraci\u00f3n de la tecnolog\u00eda y uso de manipulativos entre otras. Finalmente, los maestros, junto a su director, se capacitar\u00e1n en estrategias de integraci\u00f3n de padres al proceso educativo de sus hijos, de manera que esa red promueva el mejorar el aprendizaje con entendimiento de los estudiantes en ciencias y matem\u00e1ticas.&nbsp; De igual manera, se espera que al finalizar este programa de desarrollo profesional los maestros de escuelas Siglo XXI se conviertan en dise\u00f1adores instruccionales, ya que se utilizar\u00e1 como estrategia medular en su desarrollo profesional la creaci\u00f3n de Mapas Curriculares, seg\u00fan recomendado por&nbsp;<i>Schools for the 21st Century, Setting a New Global Standard for Excellence.<\/i>&nbsp; La creaci\u00f3n del Mapa Curricular provee a los l\u00edderes y maestros con una oportunidad directa de dise\u00f1ar un curr\u00edculo que atienda las necesidades de sus estudiantes.<\/p>\n\n\n<div class=\"wp-block-image\">\n<figure class=\"aligncenter is-resized\"><a href=\"https:\/\/csmer.uprrp.edu\/wp-content\/uploads\/Traves\u00eda-de-AlACiMa-2003-2013.pdf\"><img loading=\"lazy\" decoding=\"async\" width=\"1024\" height=\"768\" src=\"https:\/\/csmer.uprrp.edu\/wp-content\/uploads\/Traves\u00eda-de-AlACiMa-2003-2013-page-001-1024x768.jpg\" alt=\"Traves\u00eda de AlACiMa 2003-2013-page-001\" class=\"wp-image-1752\" style=\"width:584px;height:auto\" srcset=\"https:\/\/csmer.uprrp.edu\/wp-content\/uploads\/Traves\u00eda-de-AlACiMa-2003-2013-page-001-1024x768.jpg 1024w, https:\/\/csmer.uprrp.edu\/wp-content\/uploads\/Traves\u00eda-de-AlACiMa-2003-2013-page-001-300x225.jpg 300w\" sizes=\"auto, (max-width: 1024px) 100vw, 1024px\" \/><\/a><\/figure>\n<\/div>\n\n\n<p class=\"has-text-align-center\"><\/p>\n","protected":false},"excerpt":{"rendered":"<p>Fase IV DESCRIPCI\u00d3N DEL PROYECTO:&nbsp; Plan Interagencial entre la Universidad de Puerto Rico-Recinto de R\u00edo Piedras y el Departamento de Educaci\u00f3n de Puerto Rico.&nbsp; El objetivo de este plan es el desarrollo un plan de capacitaci\u00f3n en contenido para&nbsp;docentes&nbsp;y directores de escuelas.&nbsp; Estas capacitaciones est\u00e1n dirigidas a maestros y directores de escuelas en plan de&#8230;<\/p>\n","protected":false},"author":1,"featured_media":0,"parent":25,"menu_order":4,"comment_status":"closed","ping_status":"closed","template":"","meta":{"_kad_post_transparent":"","_kad_post_title":"","_kad_post_layout":"","_kad_post_sidebar_id":"","_kad_post_content_style":"","_kad_post_vertical_padding":"","_kad_post_feature":"","_kad_post_feature_position":"","_kad_post_header":false,"_kad_post_footer":false,"_kad_post_classname":"","footnotes":""},"class_list":["post-48","page","type-page","status-publish","hentry"],"_links":{"self":[{"href":"https:\/\/csmer.uprrp.edu\/index.php?rest_route=\/wp\/v2\/pages\/48","targetHints":{"allow":["GET"]}}],"collection":[{"href":"https:\/\/csmer.uprrp.edu\/index.php?rest_route=\/wp\/v2\/pages"}],"about":[{"href":"https:\/\/csmer.uprrp.edu\/index.php?rest_route=\/wp\/v2\/types\/page"}],"author":[{"embeddable":true,"href":"https:\/\/csmer.uprrp.edu\/index.php?rest_route=\/wp\/v2\/users\/1"}],"replies":[{"embeddable":true,"href":"https:\/\/csmer.uprrp.edu\/index.php?rest_route=%2Fwp%2Fv2%2Fcomments&post=48"}],"version-history":[{"count":4,"href":"https:\/\/csmer.uprrp.edu\/index.php?rest_route=\/wp\/v2\/pages\/48\/revisions"}],"predecessor-version":[{"id":4558,"href":"https:\/\/csmer.uprrp.edu\/index.php?rest_route=\/wp\/v2\/pages\/48\/revisions\/4558"}],"up":[{"embeddable":true,"href":"https:\/\/csmer.uprrp.edu\/index.php?rest_route=\/wp\/v2\/pages\/25"}],"wp:attachment":[{"href":"https:\/\/csmer.uprrp.edu\/index.php?rest_route=%2Fwp%2Fv2%2Fmedia&parent=48"}],"curies":[{"name":"wp","href":"https:\/\/api.w.org\/{rel}","templated":true}]}}