{"id":3450,"date":"2025-02-12T14:11:00","date_gmt":"2025-02-12T18:11:00","guid":{"rendered":"https:\/\/csmer.uprrp.edu\/?page_id=3450"},"modified":"2025-10-22T10:31:55","modified_gmt":"2025-10-22T14:31:55","slug":"investigacion-accion-2","status":"publish","type":"page","link":"https:\/\/csmer.uprrp.edu\/?page_id=3450","title":{"rendered":"Investigaci\u00f3n Acci\u00f3n"},"content":{"rendered":"\n<figure class=\"wp-block-table\"><table><thead><tr><th>T\u00edtulo de Investigaci\u00f3n-Acci\u00f3n | Cohorte 3<\/th><th>Autor\/a<\/th><\/tr><\/thead><tbody><tr><td><a href=\"https:\/\/csmer.uprrp.edu\/wp-content\/uploads\/BIORETS-InveAcc-C3-Aixa-Lopez.pdf\">Colecci\u00f3n y An\u00e1lisis de Datos e Interpretaci\u00f3n de Resultados Aplicados a la Calidad del Aire y sus Consecuencias<\/a><\/td><td>Aixa L\u00f3pez <\/td><\/tr><tr><td><a href=\"https:\/\/csmer.uprrp.edu\/wp-content\/uploads\/BIORETS-InveAcc-C3-Carlos-Vazquez.pdf\">Cambiando la Actitud Hacia la Biolog\u00eda de Estudiantes de Sexto Grado Mediante Actividades de Laboratorio<\/a><\/td><td>Carlos V\u00e1zquez<\/td><\/tr><tr><td><a href=\"https:\/\/csmer.uprrp.edu\/wp-content\/uploads\/BIORETS-InveAcc-C3-Elianid-Espinosa.pdf\">El Uso de la Microscop\u00eda Aplicado al Efecto del Calentamiento Global en el Medio Ambiente<\/a><\/td><td>Elianid Espinosa<\/td><\/tr><tr><td><a href=\"https:\/\/csmer.uprrp.edu\/wp-content\/uploads\/BIORETS-InveAcc-C3-Jacqueline-Lo\u0301pez.pdf\">Explorando el M\u00e9todo Cient\u00edfico a trav\u00e9s del Estudio de las Abejas: Aplicaci\u00f3n de un Plan de Investigaci\u00f3n<\/a><\/td><td>Jacqueline L\u00f3pez<\/td><\/tr><tr><td>Reforzando el Aprendizaje de Habilidades de Investigaci\u00f3n Cient\u00edfica mediante la Experimentaci\u00f3n Activa en la Soluci\u00f3n<br>de Problemas Sociales<\/td><td>Marisel Cherena<\/td><\/tr><tr><td><a href=\"https:\/\/csmer.uprrp.edu\/wp-content\/uploads\/BIORETS-InveAcc-C3-Myraida-Torres.pdf\">Hacia una Ense\u00f1anza Eficaz de la Biolog\u00eda: Identificaci\u00f3n de las Dificultades en el Aprendizaje de los Protistas para el <br>Dise\u00f1o de Materiales Did\u00e1cticos<\/a><\/td><td>Myraida Torres<\/td><\/tr><tr><td><a href=\"https:\/\/csmer.uprrp.edu\/wp-content\/uploads\/BIORETS-InveAcc-C3-Wilmari-Torres.pdf\">Reforzando Capacidades de Investigaci\u00f3n y una Actitud Positiva Hacia la Ciencia Evaluando la Calidad del Agua<br>Mediante Macroinvertebrados<\/a><\/td><td>Wilmari Torres<\/td><\/tr><tr><td><a href=\"https:\/\/csmer.uprrp.edu\/wp-content\/uploads\/BIORETS-InveAcc-C3-Yajaira-Torres.pdf\">Medici\u00f3n de la Competencia Investigadora Percibida por Estudiantes Puertorrique\u00f1os de Ense\u00f1anza Media Mediante<br>Intervenciones de Aprendizaje Basadas en Macroinvertebrados<\/a><\/td><td>Yajaira Torres<\/td><\/tr><\/tbody><\/table><\/figure>\n\n\n\n<figure class=\"wp-block-table\"><table><thead><tr><th>T\u00edtulo de Investigaci\u00f3n-Acci\u00f3n | Cohorte 2<\/th><th>Autor\/a<\/th><\/tr><\/thead><tbody><tr><td><a href=\"https:\/\/csmer.uprrp.edu\/wp-content\/uploads\/Inv-accion-Angela-Del-Toro-Biorets-cohorte-2.pdf\">Efecto del Estudio de la Moscas en el Desarrollo de la Comprensi\u00f3n del M\u00e9todo Cient\u00edfico en<br>Estudiantes de Ciencias de D\u00e9cimo Grado<\/a><\/td><td>\u00c1ngela Del Toro<\/td><\/tr><tr><td><a href=\"https:\/\/csmer.uprrp.edu\/wp-content\/uploads\/Inv-accion-SANDRA-BELTRAN-BIORETS-cohorte-2.pdf\" data-type=\"link\" data-id=\"https:\/\/csmer.uprrp.edu\/wp-content\/uploads\/Inv-accion-SANDRA-BELTRAN-BIORETS-cohorte-2.pdf\">Incremento del dominio de alfabetizaci\u00f3n cient\u00edfica en estudiantes de Biolog\u00eda en los procesos de Investigaci\u00f3n Cient\u00edfica<\/a><\/td><td>Sandra Beltr\u00e1n<\/td><\/tr><tr><td>Usando Teor\u00eda del Color y Experimentos Cromatogr\u00e1ficos para Ense\u00f1ar Fotos\u00edntesis a Estudiantes de Secundaria<\/td><td>Brenda Berr\u00edos<\/td><\/tr><tr><td>El Aula Invertida y la Herramienta de Microscopia Virtual en la Formaci\u00f3n Cient\u00edfica aumenta el Aprendizaje Escolar y la <br>Actitud hacia las Ciencias<\/td><td>Cruz V\u00e1zquez<\/td><\/tr><tr><td><a href=\"https:\/\/csmer.uprrp.edu\/wp-content\/uploads\/Inv-accion-MABEL-RODRIGUEZ-BIORETS-cohorte-2.pdf\" data-type=\"link\" data-id=\"https:\/\/csmer.uprrp.edu\/wp-content\/uploads\/Inv-accion-MABEL-RODRIGUEZ-BIORETS-cohorte-2.pdf\">Utilizaci\u00f3n de Especies de Mosquitos para Fomentar las Habilidades de Investigaci\u00f3n Cient\u00edfica (colecci\u00f3n y an\u00e1lisis <br>de datos) en los Estudiantes de Biolog\u00eda Escolar y Desarrollar un Mayor Inter\u00e9s por la Clase de Ciencias.<\/a><\/td><td>Mabel Rodr\u00edguez<\/td><\/tr><tr><td><a href=\"https:\/\/csmer.uprrp.edu\/wp-content\/uploads\/Inv-accion-Edwin-Ramirez-BIORETS-cohorte-2.pdf\">Utilizaci\u00f3n del Tema de Carcin\u00f3genos para desarrollar las competencias de Investigaci\u00f3n de Berkley en estudiantes de <br>nivel secundario<\/a><\/td><td>Edwin Ram\u00edrez<\/td><\/tr><\/tbody><\/table><\/figure>\n\n\n\n<figure class=\"wp-block-table\"><table><thead><tr><th>T\u00edtulo de Investigaci\u00f3n-Acci\u00f3n | Cohorte 1<\/th><th>Autor\/a<\/th><\/tr><\/thead><tbody><tr><td><a href=\"https:\/\/csmer.uprrp.edu\/wp-content\/uploads\/Inv-accion-ANA-PARIS-BIORETS-cohorte-I.pdf\">Desarrollando una cultura cient\u00edfica mediante la integraci\u00f3n curricular en el contexto de la preferencia t\u00e9rmica <br>de <em>Atya Lanipes<\/em><\/a><\/td><td>Ana Par\u00eds Tapia<\/td><\/tr><tr><td><a href=\"https:\/\/drive.google.com\/file\/d\/160pp8b_lnt0pCordksP8FnHyZzCggNi8\/view?usp=sharing\" data-type=\"link\" data-id=\"https:\/\/drive.google.com\/file\/d\/160pp8b_lnt0pCordksP8FnHyZzCggNi8\/view?usp=sharing\">Evaluando el Impacto en la Aplicaci\u00f3n de la Lecci\u00f3n: De la Polinizaci\u00f3n a la Acci\u00f3n Ciudadana, en el Curso de <br>Ciencias Ambientales<\/a><\/td><td>Brenda Est\u00e9vez Moreno<\/td><\/tr><tr><td><a href=\"https:\/\/csmer.uprrp.edu\/wp-content\/uploads\/Inv-accion-DELIZ-ORTIZ-BIORETS-cohorte-I.pdf\">Aprendizaje y aplicaciones a trav\u00e9s de pr\u00e1cticas de laboratorio en estudiantes de nivel secundario en una escuela <br>p\u00fablica Montessori<\/a><\/td><td>Del\u00eds M. Ortiz Santaella<\/td><\/tr><tr><td><a href=\"https:\/\/csmer.uprrp.edu\/wp-content\/uploads\/Inv-accion-DIANA-GALLOZA-BIORETS-cohorte-I.pdf\">La Investigaci\u00f3n Cient\u00edfica a trav\u00e9s del estudio de la Estructura, Funci\u00f3n y Regeneraci\u00f3n Celular<\/a><\/td><td>Diana Galloza Ram\u00edrez<\/td><\/tr><tr><td><a href=\"https:\/\/csmer.uprrp.edu\/wp-content\/uploads\/Inv-accion-DIANA-RODRIGUEZ-BIORETS-cohorte-1.pdf\" data-type=\"link\" data-id=\"https:\/\/csmer.uprrp.edu\/wp-content\/uploads\/Inv-accion-DIANA-RODRIGUEZ-BIORETS-cohorte-1.pdf\">\u00bfC\u00f3mo Afecta la Falta de Motivaci\u00f3n de los Estudiantes con Talento a su Dominio del Pensamiento de Alto Nivel <br>en Conceptos y Habilidades STEM?<\/a><\/td><td>Diana Rodr\u00edguez P\u00e9rez<\/td><\/tr><tr><td><a href=\"https:\/\/csmer.uprrp.edu\/wp-content\/uploads\/Inv-accion-EDNA-MARTINEZ-BIORETS-cohorte-I.pdf\">El Uso de Celadas Solares por estudiantes de 12mo grado para aprender del Comportamiento y las <br>Interacciones de las Ondas por medio del tema de Fotos\u00edntesis y el uso de Celdas Solares<\/a><\/td><td>Edna Mart\u00ednez Medina<\/td><\/tr><tr><td><a href=\"https:\/\/csmer.uprrp.edu\/wp-content\/uploads\/Inv-accion-JOSE-DIAZ-BIORETS-cohorte-I.pdf\">Andamiaje en la Elaboraci\u00f3n de Propuestas de Investigaci\u00f3n<\/a><\/td><td>Jos\u00e9 D\u00edaz Mel\u00e9ndez<\/td><\/tr><tr><td><a href=\"https:\/\/csmer.uprrp.edu\/wp-content\/uploads\/Inv-accion-NELLIE-RODRIGUEZ-BIORETS-cohorte-I.pdf\">Uso de <em>Drosophila Melanogaster<\/em> para promover la comprensi\u00f3n de conceptos de gen\u00e9tica y fomentar el inter\u00e9s <br>y la motivaci\u00f3n en los estudiantes del curso de biolog\u00eda de d\u00e9cimo grado<\/a><\/td><td>Nelly Rodr\u00edguez Pacheco<\/td><\/tr><\/tbody><\/table><\/figure>\n\n\n<style id=\"wp_carousel_dynamic_css4199\">.sp-wp-carousel-free-id-4199.wpcf-fancybox-wrapper .fancybox-bg{background: #0b0b0b;opacity: 0.8;}.sp-wp-carousel-free-id-4199.wpcf-fancybox-wrapper .fancybox-navigation .fancybox-button .wpcp-fancybox-nav-arrow i {color: #ccc;}.sp-wp-carousel-free-id-4199.wpcf-fancybox-wrapper .fancybox-navigation .fancybox-button .wpcp-fancybox-nav-arrow i:hover {color: #fff;}.sp-wp-carousel-free-id-4199.wpcf-fancybox-wrapper .fancybox-navigation .fancybox-button {background: #1e1e1e;}.sp-wp-carousel-free-id-4199.wpcf-fancybox-wrapper .fancybox-navigation .fancybox-button:hover {background: #1e1e1e;}#sp-wp-carousel-free-id-4199 .wpcp-swiper-dots {margin: 40px 0px 0px 0px;}.wpcp-wrapper-4199 .swiper-wrapper .swiper-slide-kenburn, .wpcp-wrapper-4199 .swiper-wrapper, .wpcp-wrapper-4199 .wpcpro-row{align-items: center;}#sp-wp-carousel-free-id-4199 .wpcp-single-item {box-shadow: 0px 0px 0px 0px #dddddd;transition: all .3s;margin: 0px;}#sp-wp-carousel-free-id-4199.swiper-flip .wpcp-single-item{margin: 0!important;}#sp-wp-carousel-free-id-4199 .wpcp-single-item:hover {box-shadow: 0px 0px 0px 0px #dddddd;}#sp-wp-carousel-free-id-4199.sp-wpcp-4199 .wpcp-single-item {border: 1px solid #dddddd;}#sp-wp-carousel-free-id-4199.wpcp-carousel-section.sp-wpcp-4199 .swiper-button-prev,#sp-wp-carousel-free-id-4199.wpcp-carousel-section.sp-wpcp-4199 .swiper-button-next,#sp-wp-carousel-free-id-4199.wpcp-carousel-section.sp-wpcp-4199 .swiper-button-prev:hover,#sp-wp-carousel-free-id-4199.wpcp-carousel-section.sp-wpcp-4199 .swiper-button-next:hover {font-size: 18px ; font-weight: 400;}#sp-wp-carousel-free-id-4199.sp-wpcp-4199 .swiper-button-prev,#sp-wp-carousel-free-id-4199.sp-wpcp-4199 .swiper-button-next,#sp-wp-carousel-free-id-4199.sp-wpcp-4199 .swiper-button-prev:hover,#sp-wp-carousel-free-id-4199.sp-wpcp-4199 .swiper-button-next:hover {background: none;border: none;font-size: 30px;}#sp-wp-carousel-free-id-4199.sp-wpcp-4199 .swiper-button-prev i,#sp-wp-carousel-free-id-4199.sp-wpcp-4199 .swiper-button-next i {color: #aaa;}#sp-wp-carousel-free-id-4199.sp-wpcp-4199 .swiper-button-prev i:hover,#sp-wp-carousel-free-id-4199.sp-wpcp-4199 .swiper-button-next i:hover {color: #178087;}#sp-wp-carousel-free-id-4199.sp-wpcp-4199 .wpcp-swiper-dots .swiper-pagination-bullet {background-color: #cccccc;}#sp-wp-carousel-free-id-4199.sp-wpcp-4199 .wpcp-swiper-dots .swiper-pagination-bullet.swiper-pagination-bullet-active {background-color: #178087;} #sp-wp-carousel-free-id-4199.sp-wpcp-4199.wpcp-image-carousel .wpcp-single-item:hover img, #sp-wp-carousel-free-id-4199.sp-wpcp-4199.wpcp-post-carousel .wpcp-single-item:hover img, #sp-wp-carousel-free-id-4199.sp-wpcp-4199.wpcp-product-carousel .wpcp-single-item:hover img{-webkit-transform: scale(1.2);-moz-transform: scale(1.2);transform: scale(1.2);}#sp-wp-carousel-free-id-4199 .wpcpro-row>[class*=\"wpcpro-col-\"] { padding: 0 10px; padding-bottom: 20px;} #sp-wp-carousel-free-id-4199 .swiper-slide .single-item-fade:not(:last-child) { margin-right: 20px;}@media (min-width: 480px) { .wpcpro-row .wpcpro-col-sm-1 { flex: 0 0 100%; max-width: 100%; } .wpcpro-row .wpcpro-col-sm-2 { flex: 0 0 50%; max-width: 50%; } .wpcpro-row .wpcpro-col-sm-2-5 { flex: 0 0 75%; max-width: 75%; } .wpcpro-row .wpcpro-col-sm-3 { flex: 0 0 33.333%; max-width: 33.333%; } .wpcpro-row .wpcpro-col-sm-4 { flex: 0 0 25%; max-width: 25%; } .wpcpro-row .wpcpro-col-sm-5 { flex: 0 0 20%; max-width: 20%; } .wpcpro-row .wpcpro-col-sm-6 { flex: 0 0 16.66666666666667%; max-width: 16.66666666666667%; } .wpcpro-row .wpcpro-col-sm-7 { flex: 0 0 14.28571428%; max-width: 14.28571428%; } .wpcpro-row .wpcpro-col-sm-8 { flex: 0 0 12.5%; max-width: 12.5%; } } @media (max-width: 480px) { .wpcpro-row .wpcpro-col-xs-1 { flex: 0 0 100%; max-width: 100%; } .wpcpro-row .wpcpro-col-xs-2 { flex: 0 0 50%; max-width: 50%; } .wpcpro-row .wpcpro-col-xs-3 { flex: 0 0 33.222%; max-width: 33.222%; } .wpcpro-row .wpcpro-col-xs-4 { flex: 0 0 25%; max-width: 25%; } .wpcpro-row .wpcpro-col-xs-5 { flex: 0 0 20%; max-width: 20%; } .wpcpro-row .wpcpro-col-xs-6 { flex: 0 0 16.6667%; max-width: 16.6667%; } .wpcpro-row .wpcpro-col-xs-7 { flex: 0 0 14.28571428%; max-width: 14.28571428%; } .wpcpro-row .wpcpro-col-xs-8 { flex: 0 0 12.5%; max-width: 12.5%; } } @media (min-width: 736px) { .wpcpro-row .wpcpro-col-md-1 { flex: 0 0 100%; max-width: 100%; } .wpcpro-row .wpcpro-col-md-2 { flex: 0 0 50%; max-width: 50%; } .wpcpro-row .wpcpro-col-md-2-5 { flex: 0 0 75%; max-width: 75%; } .wpcpro-row .wpcpro-col-md-3 { flex: 0 0 33.333%; max-width: 33.333%; } .wpcpro-row .wpcpro-col-md-4 { flex: 0 0 25%; max-width: 25%; } .wpcpro-row .wpcpro-col-md-5 { flex: 0 0 20%; max-width: 20%; } .wpcpro-row .wpcpro-col-md-6 { flex: 0 0 16.66666666666667%; max-width: 16.66666666666667%; } .wpcpro-row .wpcpro-col-md-7 { flex: 0 0 14.28571428%; max-width: 14.28571428%; } .wpcpro-row .wpcpro-col-md-8 { flex: 0 0 12.5%; max-width: 12.5%; } } @media (min-width: 980px) { .wpcpro-row .wpcpro-col-lg-1 { flex: 0 0 100%; max-width: 100%; } .wpcpro-row .wpcpro-col-lg-2 { flex: 0 0 50%; max-width: 50%; } .wpcpro-row .wpcpro-col-lg-3 { flex: 0 0 33.222%; max-width: 33.222%; } .wpcpro-row .wpcpro-col-lg-4 { flex: 0 0 25%; max-width: 25%; } .wpcpro-row .wpcpro-col-lg-5 { flex: 0 0 20%; max-width: 20%; } .wpcpro-row .wpcpro-col-lg-6 { flex: 0 0 16.6667%; max-width: 16.6667%; } .wpcpro-row .wpcpro-col-lg-7 { flex: 0 0 14.28571428%; max-width: 14.28571428%; } .wpcpro-row .wpcpro-col-lg-8 { flex: 0 0 12.5%; max-width: 12.5%; } } @media (min-width: 1200px) { .wpcpro-row .wpcpro-col-xl-1 { flex: 0 0 100%; max-width: 100%; } .wpcpro-row .wpcpro-col-xl-2 { flex: 0 0 50%; max-width: 50%; } .wpcpro-row .wpcpro-col-xl-3 { flex: 0 0 33.22222222%; max-width: 33.22222222%; } .wpcpro-row .wpcpro-col-xl-4 { flex: 0 0 25%; max-width: 25%; } .wpcpro-row .wpcpro-col-xl-5 { flex: 0 0 20%; max-width: 20%; } .wpcpro-row .wpcpro-col-xl-6 { flex: 0 0 16.66667%; max-width: 16.66667%; } .wpcpro-row .wpcpro-col-xl-7 { flex: 0 0 14.28571428%; max-width: 14.28571428%; } .wpcpro-row .wpcpro-col-xl-8 { flex: 0 0 12.5%; max-width: 12.5%; } }<\/style><div class=\"wpcp-carousel-wrapper wpcp-wrapper-4199\">\n\t<div id=\"wpcp-preloader-4199\" class=\"wpcp-carousel-preloader\"><img decoding=\"async\" src=\"https:\/\/csmer.uprrp.edu\/wp-content\/plugins\/wp-carousel-free\/public\/css\/spinner.svg\" alt=\"Preloader Image\" \/><\/div>\t<div class=\"wpcp-carousel-content-wrapper\">\n\t<div id=\"sp-wp-carousel-free-id-4199\" class=\"wpcp-carousel-section sp-wpcp-4199  nav-vertical-center wpcp-image-carousel wpcp-preloader wpcp-standard wpcp-center\" data-swiper='{ &quot;pagination_type&quot;: &quot;dots&quot;,&quot;accessibility&quot;:true, &quot;spaceBetween&quot;:20, &quot;arrows&quot;:true, &quot;freeMode&quot;: false, &quot;autoplay&quot;:true, &quot;effect&quot;: &quot;slide&quot;, &quot;centerMode&quot;: true, &quot;autoplaySpeed&quot;:3000, &quot;dots&quot;:true, &quot;infinite&quot;:true, &quot;speed&quot;:600, &quot;pauseOnHover&quot;:true,\n\t\t\t&quot;slidesToShow&quot;:{&quot;lg_desktop&quot;:3, &quot;desktop&quot;: 3, &quot;laptop&quot;: 3, &quot;tablet&quot;: 2, &quot;mobile&quot;: 1}, &quot;responsive&quot;:{&quot;desktop&quot;:1200, &quot;laptop&quot;: 980, &quot;tablet&quot;: 736, &quot;mobile&quot;: 480}, &quot;rtl&quot;:false, &quot;lazyLoad&quot;: &quot;false&quot;, &quot;swipe&quot;: true, &quot;draggable&quot;: true, &quot;swipeToSlide&quot;:false }' dir=\"ltr\">\n\t\t<div class=\"swiper-wrapper\">\n\t\t<div class=\"swiper-slide\">\n\t<div class=\"wpcp-single-item\">\n\t\t\t<a class=\"wcp-light-box\" data-buttons='[\"close\"]' data-wpc_url='https:\/\/csmer.uprrp.edu\/wp-content\/uploads\/IMG_1219.jpg' href=\"https:\/\/csmer.uprrp.edu\/wp-content\/uploads\/IMG_1219.jpg\" data-fancybox=\"wpcp_view\">\n\t\t<figure>\n\t\t\t<img loading=\"lazy\" decoding=\"async\" class=\"skip-lazy\" src=\"https:\/\/csmer.uprrp.edu\/wp-content\/uploads\/IMG_1219.jpg\" alt=\"Jos\u00e9 D\u00edaz BIORETS C1\" width=\"1600\" height=\"1200\">\t\t<\/figure>\n\t<\/a>\n\t\t<\/div>\n<\/div>\n\t<div class=\"swiper-slide\">\n\t<div class=\"wpcp-single-item\">\n\t\t\t<a class=\"wcp-light-box\" data-buttons='[\"close\"]' data-wpc_url='https:\/\/csmer.uprrp.edu\/wp-content\/uploads\/nelly-actividad-en-clase3.jpg' href=\"https:\/\/csmer.uprrp.edu\/wp-content\/uploads\/nelly-actividad-en-clase3.jpg\" data-fancybox=\"wpcp_view\">\n\t\t<figure>\n\t\t\t<img loading=\"lazy\" decoding=\"async\" class=\"skip-lazy\" src=\"https:\/\/csmer.uprrp.edu\/wp-content\/uploads\/nelly-actividad-en-clase3.jpg\" alt=\"Nelly Rodriguez BIORETS C1\" width=\"1200\" height=\"1600\">\t\t<\/figure>\n\t<\/a>\n\t\t<\/div>\n<\/div>\n\t<div class=\"swiper-slide\">\n\t<div class=\"wpcp-single-item\">\n\t\t\t<a class=\"wcp-light-box\" data-buttons='[\"close\"]' data-wpc_url='https:\/\/csmer.uprrp.edu\/wp-content\/uploads\/nelly-actividad-en-clase8.jpg' href=\"https:\/\/csmer.uprrp.edu\/wp-content\/uploads\/nelly-actividad-en-clase8.jpg\" data-fancybox=\"wpcp_view\">\n\t\t<figure>\n\t\t\t<img loading=\"lazy\" decoding=\"async\" class=\"skip-lazy\" src=\"https:\/\/csmer.uprrp.edu\/wp-content\/uploads\/nelly-actividad-en-clase8.jpg\" alt=\"Nelly Rodriguez BIORETS C1\" width=\"1200\" height=\"1600\">\t\t<\/figure>\n\t<\/a>\n\t\t<\/div>\n<\/div>\n\t<div class=\"swiper-slide\">\n\t<div class=\"wpcp-single-item\">\n\t\t\t<a class=\"wcp-light-box\" data-buttons='[\"close\"]' data-wpc_url='https:\/\/csmer.uprrp.edu\/wp-content\/uploads\/IMG_1200.jpg' href=\"https:\/\/csmer.uprrp.edu\/wp-content\/uploads\/IMG_1200.jpg\" data-fancybox=\"wpcp_view\">\n\t\t<figure>\n\t\t\t<img loading=\"lazy\" decoding=\"async\" class=\"skip-lazy\" src=\"https:\/\/csmer.uprrp.edu\/wp-content\/uploads\/IMG_1200.jpg\" alt=\"Edna Mart\u00ednez BIORETS C1\" width=\"1512\" height=\"1522\">\t\t<\/figure>\n\t<\/a>\n\t\t<\/div>\n<\/div>\n\t<div class=\"swiper-slide\">\n\t<div class=\"wpcp-single-item\">\n\t\t\t<a class=\"wcp-light-box\" data-buttons='[\"close\"]' data-wpc_url='https:\/\/csmer.uprrp.edu\/wp-content\/uploads\/IMG_1158.jpg' href=\"https:\/\/csmer.uprrp.edu\/wp-content\/uploads\/IMG_1158.jpg\" data-fancybox=\"wpcp_view\">\n\t\t<figure>\n\t\t\t<img loading=\"lazy\" decoding=\"async\" class=\"skip-lazy\" src=\"https:\/\/csmer.uprrp.edu\/wp-content\/uploads\/IMG_1158.jpg\" alt=\"Edna Mart\u00ednez BIORETS C1\" width=\"1200\" height=\"1600\">\t\t<\/figure>\n\t<\/a>\n\t\t<\/div>\n<\/div>\n\t<div class=\"swiper-slide\">\n\t<div class=\"wpcp-single-item\">\n\t\t\t<a class=\"wcp-light-box\" data-buttons='[\"close\"]' data-wpc_url='https:\/\/csmer.uprrp.edu\/wp-content\/uploads\/IMG_1233.jpg' href=\"https:\/\/csmer.uprrp.edu\/wp-content\/uploads\/IMG_1233.jpg\" data-fancybox=\"wpcp_view\">\n\t\t<figure>\n\t\t\t<img loading=\"lazy\" decoding=\"async\" class=\"skip-lazy\" src=\"https:\/\/csmer.uprrp.edu\/wp-content\/uploads\/IMG_1233.jpg\" alt=\"Ana Paris BIORETS C1\" width=\"924\" height=\"940\">\t\t<\/figure>\n\t<\/a>\n\t\t<\/div>\n<\/div>\n\t<div class=\"swiper-slide\">\n\t<div class=\"wpcp-single-item\">\n\t\t\t<a class=\"wcp-light-box\" data-buttons='[\"close\"]' data-wpc_url='https:\/\/csmer.uprrp.edu\/wp-content\/uploads\/IMG_1227.jpg' href=\"https:\/\/csmer.uprrp.edu\/wp-content\/uploads\/IMG_1227.jpg\" data-fancybox=\"wpcp_view\">\n\t\t<figure>\n\t\t\t<img loading=\"lazy\" decoding=\"async\" class=\"skip-lazy\" src=\"https:\/\/csmer.uprrp.edu\/wp-content\/uploads\/IMG_1227.jpg\" alt=\"Ana Paris BIORETS C1\" width=\"924\" height=\"821\">\t\t<\/figure>\n\t<\/a>\n\t\t<\/div>\n<\/div>\n\t<div class=\"swiper-slide\">\n\t<div class=\"wpcp-single-item\">\n\t\t\t<a class=\"wcp-light-box\" data-buttons='[\"close\"]' data-wpc_url='https:\/\/csmer.uprrp.edu\/wp-content\/uploads\/WhatsApp-Image-2025-02-07-at-2.48.46-PM-4.jpeg' href=\"https:\/\/csmer.uprrp.edu\/wp-content\/uploads\/WhatsApp-Image-2025-02-07-at-2.48.46-PM-4.jpeg\" data-fancybox=\"wpcp_view\">\n\t\t<figure>\n\t\t\t<img loading=\"lazy\" decoding=\"async\" class=\"skip-lazy\" src=\"https:\/\/csmer.uprrp.edu\/wp-content\/uploads\/WhatsApp-Image-2025-02-07-at-2.48.46-PM-4.jpeg\" alt=\"Jos\u00e9 D\u00edaz BIORETS C1\" width=\"1600\" height=\"1200\">\t\t<\/figure>\n\t<\/a>\n\t\t<\/div>\n<\/div>\n\t\t\t<\/div>\n\t\t\t\t\t<div class=\"wpcp-swiper-dots swiper-pagination\"><\/div>\n\t\t\t\t<!-- If we need navigation buttons -->\n\t\t\t\t\t<div class=\"wpcp-prev-button swiper-button-prev\"><i class=\"fa fa-angle-left\"><\/i><\/div>\n\t\t\t<div class=\"wpcp-next-button swiper-button-next\"><i class=\"fa fa-angle-right\"><\/i><\/div>\n\t\t\t<\/div>\n\t<\/div>\n<\/div>\n\n","protected":false},"excerpt":{"rendered":"<p>T\u00edtulo de Investigaci\u00f3n-Acci\u00f3n | Cohorte 3 Autor\/a Colecci\u00f3n y An\u00e1lisis de Datos e Interpretaci\u00f3n de Resultados Aplicados a la Calidad del Aire y sus Consecuencias Aixa L\u00f3pez Cambiando la Actitud Hacia la Biolog\u00eda de Estudiantes de Sexto Grado Mediante Actividades de Laboratorio Carlos V\u00e1zquez El Uso de la Microscop\u00eda Aplicado al Efecto del Calentamiento Global&#8230;<\/p>\n","protected":false},"author":1,"featured_media":0,"parent":2596,"menu_order":0,"comment_status":"closed","ping_status":"closed","template":"","meta":{"_kad_post_transparent":"","_kad_post_title":"","_kad_post_layout":"","_kad_post_sidebar_id":"","_kad_post_content_style":"","_kad_post_vertical_padding":"","_kad_post_feature":"","_kad_post_feature_position":"","_kad_post_header":false,"_kad_post_footer":false,"_kad_post_classname":"","footnotes":""},"class_list":["post-3450","page","type-page","status-publish","hentry"],"_links":{"self":[{"href":"https:\/\/csmer.uprrp.edu\/index.php?rest_route=\/wp\/v2\/pages\/3450","targetHints":{"allow":["GET"]}}],"collection":[{"href":"https:\/\/csmer.uprrp.edu\/index.php?rest_route=\/wp\/v2\/pages"}],"about":[{"href":"https:\/\/csmer.uprrp.edu\/index.php?rest_route=\/wp\/v2\/types\/page"}],"author":[{"embeddable":true,"href":"https:\/\/csmer.uprrp.edu\/index.php?rest_route=\/wp\/v2\/users\/1"}],"replies":[{"embeddable":true,"href":"https:\/\/csmer.uprrp.edu\/index.php?rest_route=%2Fwp%2Fv2%2Fcomments&post=3450"}],"version-history":[{"count":6,"href":"https:\/\/csmer.uprrp.edu\/index.php?rest_route=\/wp\/v2\/pages\/3450\/revisions"}],"predecessor-version":[{"id":4866,"href":"https:\/\/csmer.uprrp.edu\/index.php?rest_route=\/wp\/v2\/pages\/3450\/revisions\/4866"}],"up":[{"embeddable":true,"href":"https:\/\/csmer.uprrp.edu\/index.php?rest_route=\/wp\/v2\/pages\/2596"}],"wp:attachment":[{"href":"https:\/\/csmer.uprrp.edu\/index.php?rest_route=%2Fwp%2Fv2%2Fmedia&parent=3450"}],"curies":[{"name":"wp","href":"https:\/\/api.w.org\/{rel}","templated":true}]}}