{"id":3079,"date":"2024-12-05T12:03:18","date_gmt":"2024-12-05T16:03:18","guid":{"rendered":"https:\/\/csmer.uprrp.edu\/?page_id=3079"},"modified":"2025-10-06T13:05:09","modified_gmt":"2025-10-06T17:05:09","slug":"actividades-unidades","status":"publish","type":"page","link":"https:\/\/csmer.uprrp.edu\/?page_id=3079","title":{"rendered":"Actividades\/Unidades"},"content":{"rendered":"\n<figure class=\"wp-block-table\"><table><thead><tr><th>T\u00edtulo de Actividad | Cohorte 3<\/th><th>Autor\/a<\/th><\/tr><\/thead><tbody><tr><td><a href=\"https:\/\/csmer.uprrp.edu\/wp-content\/uploads\/Actividad-Aixa-Lo\u0301pez.pdf\">Conociendo Nuestro Aire<\/a><\/td><td>Aixa L\u00f3pez <\/td><\/tr><tr><td><a href=\"https:\/\/csmer.uprrp.edu\/wp-content\/uploads\/ActividadCarlos-Va\u0301zquez.pdf\">El Ciclo Vital de <em>Drosophila Melanogaster<\/em><\/a><\/td><td>Carlos V\u00e1zquez<\/td><\/tr><tr><td><a href=\"https:\/\/csmer.uprrp.edu\/wp-content\/uploads\/Actividad-Elianid-Espinoza.pdf\">Aprendizaje de la <em>Drosophila Melanogaster<\/em>: Usando el Microscopio<\/a><\/td><td>Elianid Espinosa<\/td><\/tr><tr><td><a href=\"https:\/\/csmer.uprrp.edu\/wp-content\/uploads\/Actividad-Jacqueline-Lopez.pdf\">Las Abejas y su Importancia<\/a><\/td><td>Jacqueline L\u00f3pez<\/td><\/tr><tr><td><a href=\"https:\/\/csmer.uprrp.edu\/wp-content\/uploads\/Actividad-Marisel-Cherena.pdf\">El Papel de la <em>Drosophila Melanogaster<\/em> en la Investigaci\u00f3n Cient\u00edfica<\/a><\/td><td>Marisel Cherena<\/td><\/tr><tr><td><a href=\"https:\/\/csmer.uprrp.edu\/wp-content\/uploads\/Actividad-Myraida-Torres.pdf\">Exploraci\u00f3n del Mundo de las Algas<\/a><\/td><td>Myraida Torres<\/td><\/tr><tr><td><a href=\"https:\/\/csmer.uprrp.edu\/wp-content\/uploads\/Actividad-Wilmari-Torres.pdf\">Evaluaci\u00f3n de la Calidad del Agua a trav\u00e9s de los Macroinvertebrados<\/a><\/td><td>Wilmari Torres<\/td><\/tr><tr><td><a href=\"https:\/\/csmer.uprrp.edu\/wp-content\/uploads\/ActividadYajaira-Torres.pdf\">La vida en el arroyo &#8211; Macroinvertebrados, Calidad del Agua, Biodiversidad e Investigaci\u00f3n<\/a><\/td><td>Yajaira Torres<\/td><\/tr><\/tbody><\/table><\/figure>\n\n\n\n<div style=\"height:45px\" aria-hidden=\"true\" class=\"wp-block-spacer\"><\/div>\n\n\n\n<figure class=\"wp-block-table\"><table><thead><tr><th>T\u00edtulo de Actividad | Cohorte 2<\/th><th>Autor\/a<\/th><\/tr><\/thead><tbody><tr><td><a href=\"https:\/\/csmer.uprrp.edu\/wp-content\/uploads\/Actividad-Angela-Del-Toro-BIORETS-cohorte-2.pdf\">Las Drosophilas melanogaster al rescate de la alfabetizaci\u00f3n cient\u00edfica en las escuelas p\u00fablicas<\/a><\/td><td>\u00c1ngela Del Toro<\/td><\/tr><tr><td><a href=\"https:\/\/csmer.uprrp.edu\/wp-content\/uploads\/Actividad-Brenda-Berrios-BIORETS-cohorte-2.pdf\"> Luz, Colores, Fotos\u00edntesis y Vida <\/a><\/td><td>Brenda Berr\u00edos<\/td><\/tr><tr><td><a href=\"https:\/\/csmer.uprrp.edu\/wp-content\/uploads\/Actividad-Cruz-M.-Vazquez-BIORETS-cohorte-2.pdf\">Estudio de las C\u00e9lulas Eucariotas y Procariotas Haciendo Uso del Microscopio <\/a><\/td><td>Cruz V\u00e1zquez<\/td><\/tr><tr><td><a href=\"https:\/\/csmer.uprrp.edu\/wp-content\/uploads\/Actividad-Mabel-Rodriguez-BIORETS-cohorte-2.pdf\">Las Estructuras y Los Organismos<\/a><\/td><td>Mabel Rodr\u00edguez<\/td><\/tr><tr><td><a href=\"https:\/\/csmer.uprrp.edu\/wp-content\/uploads\/Actividad-Sandra-Beltran-BIORETS-cohorte-2.pdf\">Alfabetizaci\u00f3n cient\u00edfica en el curso de Biolog\u00eda. Un problema de moscas<\/a><\/td><td>Sandra Beltr\u00e1n<\/td><\/tr><tr><td>Cell Membranes and Polymeric Membranes<\/td><td>Vilma Garc\u00eda<\/td><\/tr><tr><td><a href=\"https:\/\/csmer.uprrp.edu\/wp-content\/uploads\/Actividad-Edwin-Ramirez-BIORETS-cohorte-2.pdf\">Carcinogenos<\/a><\/td><td>Edwin Ram\u00edrez<\/td><\/tr><\/tbody><\/table><\/figure>\n\n\n\n<div style=\"height:45px\" aria-hidden=\"true\" class=\"wp-block-spacer\"><\/div>\n\n\n\n<figure class=\"wp-block-table\"><table><thead><tr><th>T\u00edtulo de Actividad | Cohorte 1<\/th><th>Autor\/a<\/th><\/tr><\/thead><tbody><tr><td><a href=\"https:\/\/csmer.uprrp.edu\/wp-content\/uploads\/ANA-PARIS-julio-2023-BIORETS-cohorte-1.pdf\">Comportamiento y Preferencia T\u00e9rmica en el Camar\u00f3n de r\u00edo <em>Atya Lanipes<\/em><\/a><\/td><td>Ana Par\u00eds Tapia<\/td><\/tr><tr><td><a href=\"https:\/\/csmer.uprrp.edu\/wp-content\/uploads\/BRENDA-ESTEVES-julio-2023-BIORETS-cohorte-1.pdf\">Desde la Polinizaci\u00f3n A la Acci\u00f3n Ciudadana<\/a><\/td><td>Brenda Est\u00e9vez Moreno<\/td><\/tr><tr><td><a href=\"https:\/\/csmer.uprrp.edu\/wp-content\/uploads\/DELIZ-ORTIZ-julio-2023-BIORETS-cohorte-1.pdf\">Explorando las Macroalgas: Aprendizaje y Aplicaciones a trav\u00e9s de Pr\u00e1cticas de Laboratorio<\/a><\/td><td>Del\u00eds Ortiz Santaella<\/td><\/tr><tr><td><a href=\"https:\/\/csmer.uprrp.edu\/wp-content\/uploads\/DIANA-GALLOZA-julio-2023-BIORETS-cohorte-1.pdf\">Regeneraci\u00f3n de Tent\u00e1culos de Pepinos del Mar Holothruia Glaberrima: Una Mirada a su Anatom\u00eda y a su <br>Material Cel\u00f3mico<\/a><\/td><td>Diana Galloza Ram\u00edrez<\/td><\/tr><tr><td><a href=\"https:\/\/csmer.uprrp.edu\/wp-content\/uploads\/DIANA-RODZ-julio-2023-BIORETS-cohorte-1.pdf\">\u00bfC\u00f3mo Podemos Innovar en el Diagn\u00f3stico y Tratamiento del C\u00e1ncer?<\/a><\/td><td>Diana Rodr\u00edguez P\u00e9rez<\/td><\/tr><tr><td><a href=\"https:\/\/csmer.uprrp.edu\/wp-content\/uploads\/EDNA-MARTINEZ-julio-2023-BIORETS-cohorte-1.pdf\">Tecnicas de Investigaci\u00f3n para una Educaci\u00f3n a traves de las macroalgas <em>Ulva Fasciata<\/em> y <em>Sargassum <\/em><\/a><\/td><td>Edna Mart\u00ednez Medina<\/td><\/tr><tr><td><a href=\"https:\/\/csmer.uprrp.edu\/wp-content\/uploads\/JOSE-DIAZ-julio-2023-BIORETS-cohorte-1.pdf\">El efecto de Nanopart\u00edculas de \u00d3xido de Zinc en el Comportamiento de <em>Xiphocaris Elongata<\/em><\/a><\/td><td>Jos\u00e9 D\u00edaz Mel\u00e9ndez<\/td><\/tr><tr><td><a href=\"https:\/\/csmer.uprrp.edu\/wp-content\/uploads\/NELLIE-RODRIGUEZ-julio-2023-BIORETS-cohorte-1.pdf\">El comportamiento de Atracci\u00f3n o Aversi\u00f3n de la mosca <em>Drosophila Melanogaster<\/em> Macho y Hembra hacia los <br>Olores Emitidos por el Vinkagre, el Etanol, la Menta y la Vainilla<\/a><\/td><td>Nelly Rodr\u00edguez Pacheco<\/td><\/tr><\/tbody><\/table><\/figure>\n","protected":false},"excerpt":{"rendered":"<p>T\u00edtulo de Actividad | Cohorte 3 Autor\/a Conociendo Nuestro Aire Aixa L\u00f3pez El Ciclo Vital de Drosophila Melanogaster Carlos V\u00e1zquez Aprendizaje de la Drosophila Melanogaster: Usando el Microscopio Elianid Espinosa Las Abejas y su Importancia Jacqueline L\u00f3pez El Papel de la Drosophila Melanogaster en la Investigaci\u00f3n Cient\u00edfica Marisel Cherena Exploraci\u00f3n del Mundo de las Algas&#8230;<\/p>\n","protected":false},"author":1,"featured_media":0,"parent":2596,"menu_order":0,"comment_status":"closed","ping_status":"closed","template":"","meta":{"_kad_post_transparent":"default","_kad_post_title":"default","_kad_post_layout":"","_kad_post_sidebar_id":"","_kad_post_content_style":"","_kad_post_vertical_padding":"","_kad_post_feature":"","_kad_post_feature_position":"","_kad_post_header":false,"_kad_post_footer":false,"_kad_post_classname":"","footnotes":""},"class_list":["post-3079","page","type-page","status-publish","hentry"],"_links":{"self":[{"href":"https:\/\/csmer.uprrp.edu\/index.php?rest_route=\/wp\/v2\/pages\/3079","targetHints":{"allow":["GET"]}}],"collection":[{"href":"https:\/\/csmer.uprrp.edu\/index.php?rest_route=\/wp\/v2\/pages"}],"about":[{"href":"https:\/\/csmer.uprrp.edu\/index.php?rest_route=\/wp\/v2\/types\/page"}],"author":[{"embeddable":true,"href":"https:\/\/csmer.uprrp.edu\/index.php?rest_route=\/wp\/v2\/users\/1"}],"replies":[{"embeddable":true,"href":"https:\/\/csmer.uprrp.edu\/index.php?rest_route=%2Fwp%2Fv2%2Fcomments&post=3079"}],"version-history":[{"count":6,"href":"https:\/\/csmer.uprrp.edu\/index.php?rest_route=\/wp\/v2\/pages\/3079\/revisions"}],"predecessor-version":[{"id":4781,"href":"https:\/\/csmer.uprrp.edu\/index.php?rest_route=\/wp\/v2\/pages\/3079\/revisions\/4781"}],"up":[{"embeddable":true,"href":"https:\/\/csmer.uprrp.edu\/index.php?rest_route=\/wp\/v2\/pages\/2596"}],"wp:attachment":[{"href":"https:\/\/csmer.uprrp.edu\/index.php?rest_route=%2Fwp%2Fv2%2Fmedia&parent=3079"}],"curies":[{"name":"wp","href":"https:\/\/api.w.org\/{rel}","templated":true}]}}