{"id":248,"date":"2013-06-26T12:30:07","date_gmt":"2013-06-26T16:30:07","guid":{"rendered":"http:\/\/csmer.uprrp.edu\/?page_id=248"},"modified":"2025-02-28T10:13:48","modified_gmt":"2025-02-28T14:13:48","slug":"materiales-curriculares","status":"publish","type":"page","link":"https:\/\/csmer.uprrp.edu\/?page_id=248","title":{"rendered":"Actividades"},"content":{"rendered":"\n<p><strong>Materiales curriculares de ciencias  matem\u00e1ticas del kinder hasta el duod\u00e9cimo grado<\/strong><\/p>\n\n\n\n<p><img loading=\"lazy\" decoding=\"async\" src=\"http:\/\/alacima.uprrp.edu\/alfa\/images\/My%20Documents.png\" alt=\"\" width=\"87\" height=\"87\">&nbsp;<a href=\"http:\/\/alacima.uprrp.edu\/alfa\/materiales%20curriculares\/desarrollo_profesional.htm\" target=\"_blank\" rel=\"noopener\"><strong>Material de Inmersi\u00f3n<\/strong><\/a><\/p>\n\n\n\n<p><img loading=\"lazy\" decoding=\"async\" style=\"line-height: 1.5;\" src=\"http:\/\/alacima.uprrp.edu\/alfa\/materiales%20curriculares\/images\/Crystal_Clear_filesystem_folder_yellow.png\" alt=\"\" width=\"92\" height=\"87\"><strong style=\"line-height: 1.5;\"><a style=\"line-height: 1.5;\" href=\"http:\/\/alacima.uprrp.edu\/alfa\/materiales%20curriculares\/Biologia_10-12.htm\" target=\"_blank\" rel=\"noopener\">Biologia .: 10-12 :.<\/a><\/strong><\/p>\n\n\n\n<p><strong style=\"line-height: 1.5;\"><img loading=\"lazy\" decoding=\"async\" src=\"http:\/\/alacima.uprrp.edu\/alfa\/materiales%20curriculares\/images\/Crystal_Clear_filesystem_folder_yellow.png\" alt=\"\" width=\"92\" height=\"87\"><\/strong><a style=\"line-height: 1.5;\" href=\"http:\/\/alacima.uprrp.edu\/alfa\/materiales%20curriculares\/Ciencia_k-3.htm\" target=\"_blank\" rel=\"noopener\"><strong>Ciencia .: k-3<\/strong><\/a><strong style=\"line-height: 1.5;\">&nbsp;<a href=\"http:\/\/alacima.uprrp.edu\/alfa\/materiales%20curriculares\/Ciencia_4-6.htm\" target=\"_blank\" rel=\"noopener\">::: 4-6 :::<\/a>&nbsp;<a href=\"http:\/\/alacima.uprrp.edu\/alfa\/materiales%20curriculares\/Ciencia_7-9.htm\" target=\"_blank\" rel=\"noopener\">7-9 :.<\/a><\/strong><\/p>\n\n\n\n<p><strong style=\"line-height: 1.5;\"><img loading=\"lazy\" decoding=\"async\" src=\"http:\/\/alacima.uprrp.edu\/alfa\/materiales%20curriculares\/images\/Crystal_Clear_filesystem_folder_yellow.png\" alt=\"\" width=\"92\" height=\"87\"><\/strong><strong style=\"line-height: 1.5;\"><a style=\"line-height: 1.5;\" href=\"http:\/\/alacima.uprrp.edu\/alfa\/materiales%20curriculares\/Ciencias_terrestres.htm\" target=\"_blank\" rel=\"noopener\">Ciencias Terrestres .: 7-9 :.<\/a><\/strong><\/p>\n\n\n\n<p><img loading=\"lazy\" decoding=\"async\" style=\"line-height: 1.5;\" src=\"http:\/\/alacima.uprrp.edu\/alfa\/materiales%20curriculares\/images\/Crystal_Clear_filesystem_folder_yellow.png\" alt=\"\" width=\"92\" height=\"87\"><span style=\"line-height: 1.5;\">&nbsp;<\/span><strong style=\"line-height: 1.5;\"><a style=\"line-height: 1.5;\" href=\"http:\/\/alacima.uprrp.edu\/alfa\/materiales%20curriculares\/Estadistica.htm\" target=\"_blank\" rel=\"noopener\">Estad\u00edsticas<\/a><\/strong><\/p>\n\n\n\n<p><img loading=\"lazy\" decoding=\"async\" style=\"line-height: 1.5;\" src=\"http:\/\/alacima.uprrp.edu\/alfa\/materiales%20curriculares\/images\/Crystal_Clear_filesystem_folder_yellow.png\" alt=\"\" width=\"92\" height=\"87\"><strong style=\"line-height: 1.5;\"><a href=\"http:\/\/alacima.uprrp.edu\/alfa\/materiales%20curriculares\/Fisica.htm\" target=\"_blank\" rel=\"noopener\">Fisica<\/a><\/strong><\/p>\n\n\n\n<p><img loading=\"lazy\" decoding=\"async\" style=\"line-height: 1.5;\" src=\"http:\/\/alacima.uprrp.edu\/alfa\/materiales%20curriculares\/images\/Crystal_Clear_filesystem_folder_yellow.png\" alt=\"\" width=\"92\" height=\"87\"><strong style=\"line-height: 1.5;\"><a style=\"line-height: 1.5;\" href=\"http:\/\/alacima.uprrp.edu\/alfa\/materiales%20curriculares\/Genetica.htm\" target=\"_blank\" rel=\"noopener\">Genetica .: 10-12 :.<\/a><\/strong><\/p>\n\n\n\n<p><img loading=\"lazy\" decoding=\"async\" src=\"http:\/\/alacima.uprrp.edu\/alfa\/materiales%20curriculares\/images\/Crystal_Clear_filesystem_folder_yellow.png\" alt=\"\" width=\"92\" height=\"87\"><a href=\"http:\/\/alacima.uprrp.edu\/alfa\/materiales%20curriculares\/Matematica_k-3.htm\" target=\"_blank\" rel=\"noopener\"><strong>Matematica .: k-3&nbsp;<\/strong><\/a>:::&nbsp;<a href=\"http:\/\/alacima.uprrp.edu\/alfa\/materiales%20curriculares\/Matematica_4-6.htm\" target=\"_blank\" rel=\"noopener\"><strong>4-6&nbsp;<\/strong><\/a>:::&nbsp;<a href=\"http:\/\/alacima.uprrp.edu\/alfa\/materiales%20curriculares\/Matematica_7-9.htm\" target=\"_blank\" rel=\"noopener\"><strong>7-9&nbsp;<\/strong><\/a>:::&nbsp;<strong><a href=\"http:\/\/alacima.uprrp.edu\/alfa\/materiales%20curriculares\/Matematica_10-12.htm\" target=\"_blank\" rel=\"noopener\">10 &#8211; 12 :.<\/a><\/strong><\/p>\n\n\n\n<p><img loading=\"lazy\" decoding=\"async\" src=\"http:\/\/alacima.uprrp.edu\/alfa\/materiales%20curriculares\/images\/Crystal_Clear_filesystem_folder_yellow.png\" alt=\"\" width=\"92\" height=\"87\"><a href=\"http:\/\/alacima.uprrp.edu\/alfa\/materiales%20curriculares\/Quimica_7-9.htm\" target=\"_blank\" rel=\"noopener\"><strong>Quimica .: 7-9&nbsp;<\/strong><\/a>:::&nbsp;<strong><a href=\"http:\/\/alacima.uprrp.edu\/alfa\/materiales%20curriculares\/Quimica_10-12.htm\" target=\"_blank\" rel=\"noopener\">10-12 :.<\/a><\/strong><\/p>\n","protected":false},"excerpt":{"rendered":"<p>Materiales curriculares de ciencias matem\u00e1ticas del kinder hasta el duod\u00e9cimo grado &nbsp;Material de Inmersi\u00f3n Biologia .: 10-12 :. Ciencia .: k-3&nbsp;::: 4-6 :::&nbsp;7-9 :. Ciencias Terrestres .: 7-9 :. &nbsp;Estad\u00edsticas Fisica Genetica .: 10-12 :. Matematica .: k-3&nbsp;:::&nbsp;4-6&nbsp;:::&nbsp;7-9&nbsp;:::&nbsp;10 &#8211; 12 :. Quimica .: 7-9&nbsp;:::&nbsp;10-12 :.<\/p>\n","protected":false},"author":1,"featured_media":0,"parent":13,"menu_order":10,"comment_status":"closed","ping_status":"closed","template":"","meta":{"_kad_post_transparent":"","_kad_post_title":"","_kad_post_layout":"","_kad_post_sidebar_id":"","_kad_post_content_style":"","_kad_post_vertical_padding":"","_kad_post_feature":"","_kad_post_feature_position":"","_kad_post_header":false,"_kad_post_footer":false,"_kad_post_classname":"","footnotes":""},"class_list":["post-248","page","type-page","status-publish","hentry"],"_links":{"self":[{"href":"https:\/\/csmer.uprrp.edu\/index.php?rest_route=\/wp\/v2\/pages\/248","targetHints":{"allow":["GET"]}}],"collection":[{"href":"https:\/\/csmer.uprrp.edu\/index.php?rest_route=\/wp\/v2\/pages"}],"about":[{"href":"https:\/\/csmer.uprrp.edu\/index.php?rest_route=\/wp\/v2\/types\/page"}],"author":[{"embeddable":true,"href":"https:\/\/csmer.uprrp.edu\/index.php?rest_route=\/wp\/v2\/users\/1"}],"replies":[{"embeddable":true,"href":"https:\/\/csmer.uprrp.edu\/index.php?rest_route=%2Fwp%2Fv2%2Fcomments&post=248"}],"version-history":[{"count":5,"href":"https:\/\/csmer.uprrp.edu\/index.php?rest_route=\/wp\/v2\/pages\/248\/revisions"}],"predecessor-version":[{"id":3734,"href":"https:\/\/csmer.uprrp.edu\/index.php?rest_route=\/wp\/v2\/pages\/248\/revisions\/3734"}],"up":[{"embeddable":true,"href":"https:\/\/csmer.uprrp.edu\/index.php?rest_route=\/wp\/v2\/pages\/13"}],"wp:attachment":[{"href":"https:\/\/csmer.uprrp.edu\/index.php?rest_route=%2Fwp%2Fv2%2Fmedia&parent=248"}],"curies":[{"name":"wp","href":"https:\/\/api.w.org\/{rel}","templated":true}]}}