{"id":2424,"date":"2015-09-28T21:07:32","date_gmt":"2015-09-29T01:07:32","guid":{"rendered":"http:\/\/csmer.uprrp.edu\/?page_id=2424"},"modified":"2025-01-31T11:05:27","modified_gmt":"2025-01-31T15:05:27","slug":"investigacion-accion","status":"publish","type":"page","link":"https:\/\/csmer.uprrp.edu\/?page_id=2424","title":{"rendered":"Investigaci\u00f3n Acci\u00f3n"},"content":{"rendered":"\n<figure class=\"wp-block-table is-style-regular\"><table><thead><tr><th class=\"has-text-align-left\" data-align=\"left\">T\u00edtulo de la Investigaci\u00f3n-Acci\u00f3n<\/th><th class=\"has-text-align-left\" data-align=\"left\"><strong>Autor\/a<\/strong><\/th><th class=\"has-text-align-left\" data-align=\"left\">Nivel<\/th><\/tr><\/thead><tbody><tr><td class=\"has-text-align-left\" data-align=\"left\"><a href=\"https:\/\/csmer.uprrp.edu\/wp-content\/uploads\/Carmen-Velazquez-final.pdf\">Uso de transacciones monetarias para mejorar el aprendizaje de las operaciones con n\u00fameros<br>reales en estudiantes de nivel intermedio<\/a><\/td><td class=\"has-text-align-left\" data-align=\"left\">Carmen J. Vel\u00e1zquez Rivera<\/td><td class=\"has-text-align-left\" data-align=\"left\">Intermedia<\/td><\/tr><tr><td class=\"has-text-align-left\" data-align=\"left\"><a href=\"https:\/\/csmer.uprrp.edu\/wp-content\/uploads\/josiel-amabel-yamily-final.pdf\">El efecto de utilizar la plataforma Edu2.0 en el aprovechamiento y actitudes hacia las <br>matem\u00e1ticas de los estudiantes de escuela secundaria<\/a><\/td><td class=\"has-text-align-left\" data-align=\"left\">Yamily Col\u00f3n Negr\u00f3n<br>Amabel Soto Guzm\u00e1n<br>Josiel Rosado Tirado<\/td><td class=\"has-text-align-left\" data-align=\"left\">Secundario<\/td><\/tr><tr><td class=\"has-text-align-left\" data-align=\"left\"><a href=\"https:\/\/csmer.uprrp.edu\/wp-content\/uploads\/luis-de-jesus-final.pdf\">Uso de pruebas cortas para mejorar el aprovechamiento en matem\u00e1ticas en estudiantes de <br>s\u00e9ptimo grado de educaci\u00f3n especial de la escuela de la comunidad Francisco A. Boyri\u00e9 <br>de Guayama<\/a><\/td><td class=\"has-text-align-left\" data-align=\"left\">Luis O. De Jes\u00fas Torres<\/td><td class=\"has-text-align-left\" data-align=\"left\">Intermedia<\/td><\/tr><tr><td class=\"has-text-align-left\" data-align=\"left\">El nivel de dominio en las operaciones b\u00e1sicas de matem\u00e1tica en los estudiantes de sexto grado <br>en la escuela S.U. Eugenio Mar\u00eda de Hostos de Cayey<\/td><td class=\"has-text-align-left\" data-align=\"left\">Lymarie P\u00e9rez Muler<\/td><td class=\"has-text-align-left\" data-align=\"left\">Elemental<\/td><\/tr><tr><td class=\"has-text-align-left\" data-align=\"left\"><a href=\"https:\/\/csmer.uprrp.edu\/wp-content\/uploads\/marilyn.pdf\">Las fracciones y las recta n\u00famerica<\/a><\/td><td class=\"has-text-align-left\" data-align=\"left\">Marilyn Santiago Rom\u00e1n<\/td><td class=\"has-text-align-left\" data-align=\"left\">Intermedia<\/td><\/tr><tr><td class=\"has-text-align-left\" data-align=\"left\"><a href=\"https:\/\/csmer.uprrp.edu\/wp-content\/uploads\/Osvaldo.pdf\">El uso de actividades de aprendizaje que integren situaciones de la vida cotidiana para mejorar <br>la actitud hacia las matem\u00e1ticas y el rendimiento acad\u00e9mico en los estudiantes<\/a><\/td><td class=\"has-text-align-left\" data-align=\"left\">Osvaldo Par\u00e9s Rivera<\/td><td class=\"has-text-align-left\" data-align=\"left\">Intermedia<\/td><\/tr><tr><td class=\"has-text-align-left\" data-align=\"left\"><a href=\"https:\/\/csmer.uprrp.edu\/wp-content\/uploads\/sylvia.pdf\">Aprendiendo fracciones con actividades basadas en el modelo de aprendizaje <br>\u201cBrain Targeted Teaching Model\u201d<\/a><\/td><td class=\"has-text-align-left\" data-align=\"left\">Sylvia Hern\u00e1ndez<\/td><td class=\"has-text-align-left\" data-align=\"left\">Superior<\/td><\/tr><tr><td class=\"has-text-align-left\" data-align=\"left\"><a href=\"https:\/\/csmer.uprrp.edu\/wp-content\/uploads\/Tom%C3%A1s-D%C3%ADaz-final.pdf\">El uso de manipulativos y la integraci\u00f3n de la tecnolog\u00eda en la comprensi\u00f3n de la funci\u00f3n <br>cuadr\u00e1tica en estudiantes de nivel superior<\/a><\/td><td class=\"has-text-align-left\" data-align=\"left\">Tom\u00e1s D\u00edaz Berr\u00edos<\/td><td class=\"has-text-align-left\" data-align=\"left\">Superior<\/td><\/tr><\/tbody><\/table><\/figure>\n","protected":false},"excerpt":{"rendered":"<p>T\u00edtulo de la Investigaci\u00f3n-Acci\u00f3n Autor\/a Nivel Uso de transacciones monetarias para mejorar el aprendizaje de las operaciones con n\u00famerosreales en estudiantes de nivel intermedio Carmen J. Vel\u00e1zquez Rivera Intermedia El efecto de utilizar la plataforma Edu2.0 en el aprovechamiento y actitudes hacia las matem\u00e1ticas de los estudiantes de escuela secundaria Yamily Col\u00f3n Negr\u00f3nAmabel Soto Guzm\u00e1nJosiel&#8230;<\/p>\n","protected":false},"author":1,"featured_media":0,"parent":24,"menu_order":0,"comment_status":"closed","ping_status":"closed","template":"","meta":{"_kad_post_transparent":"","_kad_post_title":"","_kad_post_layout":"","_kad_post_sidebar_id":"","_kad_post_content_style":"","_kad_post_vertical_padding":"","_kad_post_feature":"","_kad_post_feature_position":"","_kad_post_header":false,"_kad_post_footer":false,"_kad_post_classname":"","footnotes":""},"class_list":["post-2424","page","type-page","status-publish","hentry"],"_links":{"self":[{"href":"https:\/\/csmer.uprrp.edu\/index.php?rest_route=\/wp\/v2\/pages\/2424","targetHints":{"allow":["GET"]}}],"collection":[{"href":"https:\/\/csmer.uprrp.edu\/index.php?rest_route=\/wp\/v2\/pages"}],"about":[{"href":"https:\/\/csmer.uprrp.edu\/index.php?rest_route=\/wp\/v2\/types\/page"}],"author":[{"embeddable":true,"href":"https:\/\/csmer.uprrp.edu\/index.php?rest_route=\/wp\/v2\/users\/1"}],"replies":[{"embeddable":true,"href":"https:\/\/csmer.uprrp.edu\/index.php?rest_route=%2Fwp%2Fv2%2Fcomments&post=2424"}],"version-history":[{"count":4,"href":"https:\/\/csmer.uprrp.edu\/index.php?rest_route=\/wp\/v2\/pages\/2424\/revisions"}],"predecessor-version":[{"id":3339,"href":"https:\/\/csmer.uprrp.edu\/index.php?rest_route=\/wp\/v2\/pages\/2424\/revisions\/3339"}],"up":[{"embeddable":true,"href":"https:\/\/csmer.uprrp.edu\/index.php?rest_route=\/wp\/v2\/pages\/24"}],"wp:attachment":[{"href":"https:\/\/csmer.uprrp.edu\/index.php?rest_route=%2Fwp%2Fv2%2Fmedia&parent=2424"}],"curies":[{"name":"wp","href":"https:\/\/api.w.org\/{rel}","templated":true}]}}