{"id":2364,"date":"2015-06-30T11:20:54","date_gmt":"2015-06-30T15:20:54","guid":{"rendered":"http:\/\/csmer.uprrp.edu\/?page_id=2364"},"modified":"2025-02-21T13:51:21","modified_gmt":"2025-02-21T17:51:21","slug":"sandra-beltran-morales","status":"publish","type":"page","link":"https:\/\/csmer.uprrp.edu\/?page_id=2364","title":{"rendered":"Sandra Beltr\u00e1n Morales"},"content":{"rendered":"\n<p><strong>Preparaci\u00f3n Acad\u00e9mica<\/strong>:<\/p>\n\n\n\n<ul class=\"wp-block-list\">\n<li>BS Ciencias Naturales Concentraci\u00f3n Pre-M\u00e9dica, Universidad Interamericana de PR <\/li>\n\n\n\n<li>BA Educaci\u00f3n Nivel Superior Biolog\u00eda, Universidad Interamericana de PR <\/li>\n\n\n\n<li>Certificaci\u00f3n Tecnolog\u00eda M\u00e9dica, Universidad Interamericana de PR <\/li>\n\n\n\n<li>MA Educaci\u00f3n Ambiental, Universidad Metropolitana Ana G. M\u00e9ndez <\/li>\n\n\n\n<li>MS Salud P\u00fablica Concentraci\u00f3n Salud Ambiental, Universidad de PR Recinto Ciencias M\u00e9dicas<\/li>\n<\/ul>\n\n\n\n<p><strong>Experiencia<\/strong>:<\/p>\n\n\n\n<ul class=\"wp-block-list\">\n<li>15 a\u00f1os de experiencia en el Departamento de Educaci\u00f3n de PR<\/li>\n<\/ul>\n\n\n\n<p><strong>Distinciones<\/strong>:<\/p>\n\n\n\n<ul class=\"wp-block-list\">\n<li>Certificaci\u00f3n Vitalicia Maestra Biolog\u00eda Nivel Superior <\/li>\n\n\n\n<li>Certificaci\u00f3n Maestra Ciencia Ambiental Nivel Superior <\/li>\n\n\n\n<li>Master Science Teacher Certification <\/li>\n\n\n\n<li>L\u00edder Grupo 4H <\/li>\n\n\n\n<li>L\u00edder Scout<\/li>\n<\/ul>\n\n\n\n<p><strong>Grado que ense\u00f1a<\/strong>: D\u00e9cimo grado<\/p>\n\n\n\n<p><strong>Materia<\/strong>: Biolog\u00eda, Ciencia Ambiental<\/p>\n\n\n\n<p><strong>Escuela<\/strong>: Francisco Gaztambide Vega<\/p>\n\n\n\n<p>La Escuela Superior Francisco Gaztambide Vega est\u00e1 localizada en la zona rural del municipio de Bayam\u00f3n, Puerto Rico. La misma posee varios programas acad\u00e9micos entre los cuales se encuentra el &nbsp;curso general y comercial secretarial con especializaci\u00f3n en facturaci\u00f3n m\u00e9dica. &nbsp;La escuela atiende una matr\u00edcula de 400 estudiantes, habiendo una facultad de 28 maestros. Esta cuenta con una planta f\u00edsica relativamente nueva con una gran diversidad de proyectos acad\u00e9micos entre los cuales se encuentra el proyecto de literatura utilizando la tecnolog\u00eda, participaci\u00f3n de proyecto eco-escuela, proyecto Ecoame, proyecto AlACiMa, proyecto I3, Club 4H de Extensi\u00f3n Agr\u00edcola, Proyecto StEMmED y &nbsp;participaci\u00f3n en Olimpiadas de Matem\u00e1ticas. Sandra Beltr\u00e1n Morales. Adem\u00e1s, &nbsp;posee equipos de deportes de baloncesto, voleibol y softball masculino y femenino. Se proyecta para el pr\u00f3ximo a\u00f1o la participaci\u00f3n MSP 21 y la inclusi\u00f3n de un grupo de rob\u00f3tica.<\/p>\n\n\n\n<p><strong>\u00bfPor qu\u00e9 solicit\u00e9 participar en el proyecto?<\/strong><\/p>\n\n\n\n<p>Decid\u00ed participar en el proyecto porque representaba un reto, un camino para superarme y convertirme en una maestra competente, donde fortalecer\u00eda mis conocimientos, adquirir\u00eda otros nuevos, lo que me ayudar\u00eda a mejorar mis pr\u00e1cticas de ense\u00f1anza. Es deber de los maestros, en espec\u00edfico los de ciencia, mantenernos al d\u00eda ya que los avances tecnol\u00f3gicos y de conocimiento son bien cambiantes en nuestra materia. \u00a0Esta experiencia me ayudar\u00eda, no tan solo para convertirme en una profesional de excelencia sino que lograr que mis estudiantes aprendieran y alcanzar\u00e1n las destrezas establecidas. <\/p>\n\n\n\n<p>Al final del proyecto fortalec\u00ed mis conocimientos, adquir\u00ed muchos otros, desarrolle destrezas de l\u00edder, dise\u00f1adora, tallerista y lo m\u00e1s importante establec\u00ed unos lazos de amistad fuertes entre mis compa\u00f1eros. Agradezco a AlACiMa la oportunidad brindada sacaron lo mejor de m\u00ed y me dieron lo necesario para establecer nuevos proyectos y nuevas metas.<\/p>\n","protected":false},"excerpt":{"rendered":"<p>Preparaci\u00f3n Acad\u00e9mica: Experiencia: Distinciones: Grado que ense\u00f1a: D\u00e9cimo grado Materia: Biolog\u00eda, Ciencia Ambiental Escuela: Francisco Gaztambide Vega La Escuela Superior Francisco Gaztambide Vega est\u00e1 localizada en la zona rural del municipio de Bayam\u00f3n, Puerto Rico. La misma posee varios programas acad\u00e9micos entre los cuales se encuentra el &nbsp;curso general y comercial secretarial con especializaci\u00f3n en&#8230;<\/p>\n","protected":false},"author":1,"featured_media":0,"parent":169,"menu_order":0,"comment_status":"closed","ping_status":"closed","template":"","meta":{"_kad_post_transparent":"","_kad_post_title":"","_kad_post_layout":"","_kad_post_sidebar_id":"","_kad_post_content_style":"","_kad_post_vertical_padding":"","_kad_post_feature":"","_kad_post_feature_position":"","_kad_post_header":false,"_kad_post_footer":false,"_kad_post_classname":"","footnotes":""},"class_list":["post-2364","page","type-page","status-publish","hentry"],"_links":{"self":[{"href":"https:\/\/csmer.uprrp.edu\/index.php?rest_route=\/wp\/v2\/pages\/2364","targetHints":{"allow":["GET"]}}],"collection":[{"href":"https:\/\/csmer.uprrp.edu\/index.php?rest_route=\/wp\/v2\/pages"}],"about":[{"href":"https:\/\/csmer.uprrp.edu\/index.php?rest_route=\/wp\/v2\/types\/page"}],"author":[{"embeddable":true,"href":"https:\/\/csmer.uprrp.edu\/index.php?rest_route=\/wp\/v2\/users\/1"}],"replies":[{"embeddable":true,"href":"https:\/\/csmer.uprrp.edu\/index.php?rest_route=%2Fwp%2Fv2%2Fcomments&post=2364"}],"version-history":[{"count":2,"href":"https:\/\/csmer.uprrp.edu\/index.php?rest_route=\/wp\/v2\/pages\/2364\/revisions"}],"predecessor-version":[{"id":3663,"href":"https:\/\/csmer.uprrp.edu\/index.php?rest_route=\/wp\/v2\/pages\/2364\/revisions\/3663"}],"up":[{"embeddable":true,"href":"https:\/\/csmer.uprrp.edu\/index.php?rest_route=\/wp\/v2\/pages\/169"}],"wp:attachment":[{"href":"https:\/\/csmer.uprrp.edu\/index.php?rest_route=%2Fwp%2Fv2%2Fmedia&parent=2364"}],"curies":[{"name":"wp","href":"https:\/\/api.w.org\/{rel}","templated":true}]}}