{"id":2002,"date":"2015-02-17T18:27:26","date_gmt":"2015-02-17T22:27:26","guid":{"rendered":"http:\/\/csmer.uprrp.edu\/?page_id=2002"},"modified":"2024-12-03T11:30:09","modified_gmt":"2024-12-03T15:30:09","slug":"congreso-steam","status":"publish","type":"page","link":"https:\/\/csmer.uprrp.edu\/?page_id=2002","title":{"rendered":"STEAM"},"content":{"rendered":"\n<h1 class=\"wp-block-heading\">Primer Encuentro para el desarrollo de una educaci\u00f3n STEAM en Puerto Rico<\/h1>\n\n\n\n<p><a href=\"https:\/\/csmer.uprrp.edu\/wp-content\/uploads\/programa-steam1.pdf\">Programa de la actividad STEAM<\/a><\/p>\n\n\n\n<figure class=\"wp-block-image is-resized\"><a href=\"https:\/\/csmer.uprrp.edu\/wp-content\/uploads\/presentacion-marta.pdf\"><img loading=\"lazy\" decoding=\"async\" width=\"1024\" height=\"576\" src=\"https:\/\/csmer.uprrp.edu\/wp-content\/uploads\/presentacion-marta-1024x576.jpg\" alt=\"presentacion marta\" class=\"wp-image-2100\" style=\"width:693px;height:auto\" srcset=\"https:\/\/csmer.uprrp.edu\/wp-content\/uploads\/presentacion-marta-1024x576.jpg 1024w, https:\/\/csmer.uprrp.edu\/wp-content\/uploads\/presentacion-marta-300x169.jpg 300w\" sizes=\"auto, (max-width: 1024px) 100vw, 1024px\" \/><\/a><\/figure>\n\n\n\n<h2 class=\"wp-block-heading\">Matem\u00e1ticas:<\/h2>\n\n\n\n<figure class=\"wp-block-image is-resized\"><a href=\"https:\/\/csmer.uprrp.edu\/wp-content\/uploads\/POSTER-FINAL-AMABEL.pdf\"><img loading=\"lazy\" decoding=\"async\" width=\"1024\" height=\"731\" src=\"https:\/\/csmer.uprrp.edu\/wp-content\/uploads\/POSTER-FINAL-AMABEL-1024x731.png\" alt=\"POSTER FINAL AMABEL\" class=\"wp-image-2064\" style=\"width:695px;height:auto\" srcset=\"https:\/\/csmer.uprrp.edu\/wp-content\/uploads\/POSTER-FINAL-AMABEL-1024x731.png 1024w, https:\/\/csmer.uprrp.edu\/wp-content\/uploads\/POSTER-FINAL-AMABEL-300x214.png 300w, https:\/\/csmer.uprrp.edu\/wp-content\/uploads\/POSTER-FINAL-AMABEL.png 1680w\" sizes=\"auto, (max-width: 1024px) 100vw, 1024px\" \/><\/a><\/figure>\n\n\n\n<figure class=\"wp-block-image is-resized\"><a href=\"https:\/\/csmer.uprrp.edu\/wp-content\/uploads\/Poster-Marilyn-final.pdf\"><img loading=\"lazy\" decoding=\"async\" width=\"1024\" height=\"768\" src=\"https:\/\/csmer.uprrp.edu\/wp-content\/uploads\/Poster-Marilyn-final-1024x768.png\" alt=\"Poster Marilyn final\" class=\"wp-image-2066\" style=\"width:694px;height:auto\" srcset=\"https:\/\/csmer.uprrp.edu\/wp-content\/uploads\/Poster-Marilyn-final-1024x768.png 1024w, https:\/\/csmer.uprrp.edu\/wp-content\/uploads\/Poster-Marilyn-final-300x225.png 300w, https:\/\/csmer.uprrp.edu\/wp-content\/uploads\/Poster-Marilyn-final.png 1440w\" sizes=\"auto, (max-width: 1024px) 100vw, 1024px\" \/><\/a><\/figure>\n\n\n\n<figure class=\"wp-block-image is-resized\"><a href=\"https:\/\/csmer.uprrp.edu\/wp-content\/uploads\/presentacion-osvaldo1.pdf\"><img loading=\"lazy\" decoding=\"async\" width=\"1024\" height=\"576\" src=\"https:\/\/csmer.uprrp.edu\/wp-content\/uploads\/presentacion-osvaldo-1024x576.jpg\" alt=\"presentacion osvaldo\" class=\"wp-image-2059\" style=\"width:694px;height:auto\" srcset=\"https:\/\/csmer.uprrp.edu\/wp-content\/uploads\/presentacion-osvaldo-1024x576.jpg 1024w, https:\/\/csmer.uprrp.edu\/wp-content\/uploads\/presentacion-osvaldo-300x169.jpg 300w\" sizes=\"auto, (max-width: 1024px) 100vw, 1024px\" \/><\/a><\/figure>\n\n\n\n<figure class=\"wp-block-image is-resized\"><a href=\"https:\/\/csmer.uprrp.edu\/wp-content\/uploads\/Efecto-de-los-desperdicios-s\u00f3lidos-en-nuestro-ambiente.-sylvia.pdf\"><img loading=\"lazy\" decoding=\"async\" width=\"300\" height=\"225\" src=\"https:\/\/csmer.uprrp.edu\/wp-content\/uploads\/Efecto-de-los-desperdicios-s\u00f3lidos-en-nuestro-ambiente.-sylvia-300x225.jpg\" alt=\"Efecto de los desperdicios s\u00f3lidos en nuestro ambiente.\" class=\"wp-image-2302\" style=\"width:598px;height:auto\" srcset=\"https:\/\/csmer.uprrp.edu\/wp-content\/uploads\/Efecto-de-los-desperdicios-s\u00f3lidos-en-nuestro-ambiente.-sylvia-300x225.jpg 300w, https:\/\/csmer.uprrp.edu\/wp-content\/uploads\/Efecto-de-los-desperdicios-s\u00f3lidos-en-nuestro-ambiente.-sylvia-1024x768.jpg 1024w, https:\/\/csmer.uprrp.edu\/wp-content\/uploads\/Efecto-de-los-desperdicios-s\u00f3lidos-en-nuestro-ambiente.-sylvia-250x188.jpg 250w, https:\/\/csmer.uprrp.edu\/wp-content\/uploads\/Efecto-de-los-desperdicios-s\u00f3lidos-en-nuestro-ambiente.-sylvia-550x413.jpg 550w, https:\/\/csmer.uprrp.edu\/wp-content\/uploads\/Efecto-de-los-desperdicios-s\u00f3lidos-en-nuestro-ambiente.-sylvia-800x600.jpg 800w, https:\/\/csmer.uprrp.edu\/wp-content\/uploads\/Efecto-de-los-desperdicios-s\u00f3lidos-en-nuestro-ambiente.-sylvia-240x180.jpg 240w, https:\/\/csmer.uprrp.edu\/wp-content\/uploads\/Efecto-de-los-desperdicios-s\u00f3lidos-en-nuestro-ambiente.-sylvia-400x300.jpg 400w, https:\/\/csmer.uprrp.edu\/wp-content\/uploads\/Efecto-de-los-desperdicios-s\u00f3lidos-en-nuestro-ambiente.-sylvia-667x500.jpg 667w\" sizes=\"auto, (max-width: 300px) 100vw, 300px\" \/><\/a><\/figure>\n\n\n\n<h2 class=\"wp-block-heading\">Ciencia:<\/h2>\n\n\n\n<figure class=\"wp-block-image is-resized\"><a href=\"https:\/\/csmer.uprrp.edu\/wp-content\/uploads\/presentacion-carmen-ruiz.pdf\"><img loading=\"lazy\" decoding=\"async\" width=\"1024\" height=\"768\" src=\"https:\/\/csmer.uprrp.edu\/wp-content\/uploads\/presentacion-carmen-ruiz-1024x768.jpg\" alt=\"presentacion carmen ruiz\" class=\"wp-image-2055\" style=\"width:697px;height:auto\" srcset=\"https:\/\/csmer.uprrp.edu\/wp-content\/uploads\/presentacion-carmen-ruiz-1024x768.jpg 1024w, https:\/\/csmer.uprrp.edu\/wp-content\/uploads\/presentacion-carmen-ruiz-300x225.jpg 300w\" sizes=\"auto, (max-width: 1024px) 100vw, 1024px\" \/><\/a><\/figure>\n\n\n\n<figure class=\"wp-block-image is-resized\"><a href=\"https:\/\/csmer.uprrp.edu\/wp-content\/uploads\/presentacion-minnuette.pdf\"><img loading=\"lazy\" decoding=\"async\" width=\"1024\" height=\"768\" src=\"https:\/\/csmer.uprrp.edu\/wp-content\/uploads\/presentacion-minnuette-1024x768.jpg\" alt=\"presentacion minnuette\" class=\"wp-image-2057\" style=\"width:698px;height:auto\" srcset=\"https:\/\/csmer.uprrp.edu\/wp-content\/uploads\/presentacion-minnuette-1024x768.jpg 1024w, https:\/\/csmer.uprrp.edu\/wp-content\/uploads\/presentacion-minnuette-300x225.jpg 300w\" sizes=\"auto, (max-width: 1024px) 100vw, 1024px\" \/><\/a><\/figure>\n\n\n\n<figure class=\"wp-block-image is-resized\"><a href=\"https:\/\/csmer.uprrp.edu\/wp-content\/uploads\/flyer-jadira-espanol.pdf\"><img loading=\"lazy\" decoding=\"async\" width=\"1024\" height=\"768\" src=\"https:\/\/csmer.uprrp.edu\/wp-content\/uploads\/flyer-jadira-espanol-1024x768.jpg\" alt=\"flyer jadira - espanol\" class=\"wp-image-2061\" style=\"width:699px;height:auto\" srcset=\"https:\/\/csmer.uprrp.edu\/wp-content\/uploads\/flyer-jadira-espanol-1024x768.jpg 1024w, https:\/\/csmer.uprrp.edu\/wp-content\/uploads\/flyer-jadira-espanol-300x225.jpg 300w\" sizes=\"auto, (max-width: 1024px) 100vw, 1024px\" \/><\/a><\/figure>\n\n\n\n<figure class=\"wp-block-image is-resized\"><a href=\"https:\/\/csmer.uprrp.edu\/wp-content\/uploads\/Mar\u00eda-L.-Ortiz-Hern\u00e1ndez-Aprendizaje-de-los-Ciclos-de-Carbono-y-de-Nitr\u00f3geno1-2.pdf\"><img loading=\"lazy\" decoding=\"async\" width=\"550\" height=\"411\" src=\"https:\/\/csmer.uprrp.edu\/wp-content\/uploads\/Mar\u00eda-L.-Ortiz-Hern\u00e1ndez-Aprendizaje-de-los-Ciclos-de-Carbono-y-de-Nitr\u00f3geno1-2-550x411.jpg\" alt=\"Mar\u00eda L. Ortiz Hern\u00e1ndez Aprendizaje de los Ciclos de Carbono y de Nitr\u00f3geno1 (2)\" class=\"wp-image-2292\" style=\"width:610px;height:auto\" srcset=\"https:\/\/csmer.uprrp.edu\/wp-content\/uploads\/Mar\u00eda-L.-Ortiz-Hern\u00e1ndez-Aprendizaje-de-los-Ciclos-de-Carbono-y-de-Nitr\u00f3geno1-2-550x411.jpg 550w, https:\/\/csmer.uprrp.edu\/wp-content\/uploads\/Mar\u00eda-L.-Ortiz-Hern\u00e1ndez-Aprendizaje-de-los-Ciclos-de-Carbono-y-de-Nitr\u00f3geno1-2-300x224.jpg 300w, https:\/\/csmer.uprrp.edu\/wp-content\/uploads\/Mar\u00eda-L.-Ortiz-Hern\u00e1ndez-Aprendizaje-de-los-Ciclos-de-Carbono-y-de-Nitr\u00f3geno1-2-1024x765.jpg 1024w, https:\/\/csmer.uprrp.edu\/wp-content\/uploads\/Mar\u00eda-L.-Ortiz-Hern\u00e1ndez-Aprendizaje-de-los-Ciclos-de-Carbono-y-de-Nitr\u00f3geno1-2-250x187.jpg 250w, https:\/\/csmer.uprrp.edu\/wp-content\/uploads\/Mar\u00eda-L.-Ortiz-Hern\u00e1ndez-Aprendizaje-de-los-Ciclos-de-Carbono-y-de-Nitr\u00f3geno1-2-800x598.jpg 800w, https:\/\/csmer.uprrp.edu\/wp-content\/uploads\/Mar\u00eda-L.-Ortiz-Hern\u00e1ndez-Aprendizaje-de-los-Ciclos-de-Carbono-y-de-Nitr\u00f3geno1-2-241x180.jpg 241w, https:\/\/csmer.uprrp.edu\/wp-content\/uploads\/Mar\u00eda-L.-Ortiz-Hern\u00e1ndez-Aprendizaje-de-los-Ciclos-de-Carbono-y-de-Nitr\u00f3geno1-2-402x300.jpg 402w, https:\/\/csmer.uprrp.edu\/wp-content\/uploads\/Mar\u00eda-L.-Ortiz-Hern\u00e1ndez-Aprendizaje-de-los-Ciclos-de-Carbono-y-de-Nitr\u00f3geno1-2-669x500.jpg 669w\" sizes=\"auto, (max-width: 550px) 100vw, 550px\" \/><\/a><\/figure>\n\n\n\n<figure class=\"wp-block-image is-resized\"><a href=\"https:\/\/csmer.uprrp.edu\/wp-content\/uploads\/Las-Estrategias-Educativas-ABP1-ABP2-y-AGRO-Tom\u00e1s-D\u00edaz-c.pdf\"><img loading=\"lazy\" decoding=\"async\" width=\"550\" height=\"413\" src=\"https:\/\/csmer.uprrp.edu\/wp-content\/uploads\/Las-Estrategias-Educativas-ABP1-ABP2-y-AGRO-Tom\u00e1s-D\u00edaz-c-550x413.jpg\" alt=\"Las Estrategias Educativas ABP1 - ABP2 y AGRO -Tom\u00e1s D\u00edaz c\" class=\"wp-image-2490\" style=\"width:609px;height:auto\" srcset=\"https:\/\/csmer.uprrp.edu\/wp-content\/uploads\/Las-Estrategias-Educativas-ABP1-ABP2-y-AGRO-Tom\u00e1s-D\u00edaz-c-550x413.jpg 550w, https:\/\/csmer.uprrp.edu\/wp-content\/uploads\/Las-Estrategias-Educativas-ABP1-ABP2-y-AGRO-Tom\u00e1s-D\u00edaz-c-300x225.jpg 300w, https:\/\/csmer.uprrp.edu\/wp-content\/uploads\/Las-Estrategias-Educativas-ABP1-ABP2-y-AGRO-Tom\u00e1s-D\u00edaz-c-1024x768.jpg 1024w, https:\/\/csmer.uprrp.edu\/wp-content\/uploads\/Las-Estrategias-Educativas-ABP1-ABP2-y-AGRO-Tom\u00e1s-D\u00edaz-c-250x188.jpg 250w, https:\/\/csmer.uprrp.edu\/wp-content\/uploads\/Las-Estrategias-Educativas-ABP1-ABP2-y-AGRO-Tom\u00e1s-D\u00edaz-c-800x600.jpg 800w, https:\/\/csmer.uprrp.edu\/wp-content\/uploads\/Las-Estrategias-Educativas-ABP1-ABP2-y-AGRO-Tom\u00e1s-D\u00edaz-c-240x180.jpg 240w, https:\/\/csmer.uprrp.edu\/wp-content\/uploads\/Las-Estrategias-Educativas-ABP1-ABP2-y-AGRO-Tom\u00e1s-D\u00edaz-c-400x300.jpg 400w, https:\/\/csmer.uprrp.edu\/wp-content\/uploads\/Las-Estrategias-Educativas-ABP1-ABP2-y-AGRO-Tom\u00e1s-D\u00edaz-c-667x500.jpg 667w\" sizes=\"auto, (max-width: 550px) 100vw, 550px\" \/><\/a><\/figure>\n","protected":false},"excerpt":{"rendered":"<p>Primer Encuentro para el desarrollo de una educaci\u00f3n STEAM en Puerto Rico Programa de la actividad STEAM Matem\u00e1ticas: Ciencia:<\/p>\n","protected":false},"author":1,"featured_media":0,"parent":1479,"menu_order":0,"comment_status":"closed","ping_status":"closed","template":"","meta":{"_kad_post_transparent":"","_kad_post_title":"","_kad_post_layout":"","_kad_post_sidebar_id":"","_kad_post_content_style":"","_kad_post_vertical_padding":"","_kad_post_feature":"","_kad_post_feature_position":"","_kad_post_header":false,"_kad_post_footer":false,"_kad_post_classname":"","footnotes":""},"class_list":["post-2002","page","type-page","status-publish","hentry"],"_links":{"self":[{"href":"https:\/\/csmer.uprrp.edu\/index.php?rest_route=\/wp\/v2\/pages\/2002","targetHints":{"allow":["GET"]}}],"collection":[{"href":"https:\/\/csmer.uprrp.edu\/index.php?rest_route=\/wp\/v2\/pages"}],"about":[{"href":"https:\/\/csmer.uprrp.edu\/index.php?rest_route=\/wp\/v2\/types\/page"}],"author":[{"embeddable":true,"href":"https:\/\/csmer.uprrp.edu\/index.php?rest_route=\/wp\/v2\/users\/1"}],"replies":[{"embeddable":true,"href":"https:\/\/csmer.uprrp.edu\/index.php?rest_route=%2Fwp%2Fv2%2Fcomments&post=2002"}],"version-history":[{"count":4,"href":"https:\/\/csmer.uprrp.edu\/index.php?rest_route=\/wp\/v2\/pages\/2002\/revisions"}],"predecessor-version":[{"id":3032,"href":"https:\/\/csmer.uprrp.edu\/index.php?rest_route=\/wp\/v2\/pages\/2002\/revisions\/3032"}],"up":[{"embeddable":true,"href":"https:\/\/csmer.uprrp.edu\/index.php?rest_route=\/wp\/v2\/pages\/1479"}],"wp:attachment":[{"href":"https:\/\/csmer.uprrp.edu\/index.php?rest_route=%2Fwp%2Fv2%2Fmedia&parent=2002"}],"curies":[{"name":"wp","href":"https:\/\/api.w.org\/{rel}","templated":true}]}}