{"id":1986,"date":"2015-02-13T12:50:12","date_gmt":"2015-02-13T16:50:12","guid":{"rendered":"http:\/\/csmer.uprrp.edu\/?page_id=1986"},"modified":"2024-12-03T11:32:41","modified_gmt":"2024-12-03T15:32:41","slug":"progresiones-de-aprendizaje-en-biodiversidad","status":"publish","type":"page","link":"https:\/\/csmer.uprrp.edu\/?page_id=1986","title":{"rendered":"Progresiones de aprendizaje en biodiversidad"},"content":{"rendered":"\n<h3 class=\"wp-block-heading\">Actividades curriculares relacionadas con el concepto de Biodiversidad dise\u00f1adas utilizando como marco conceptual una Progresi\u00f3n de Aprendizaje<\/h3>\n\n\n\n<p><strong>Autor: Jorge Rodriguez, Ph.D.<\/strong><\/p>\n\n\n\n<p>Una Progresi\u00f3n de Aprendizaje &nbsp;consiste &nbsp;en la descripci\u00f3n de &nbsp;una v\u00eda &nbsp;o forma progresiva de razonamiento que facilita el entendimiento de un macro-concepto, por lo que ofrece un marco conceptual promisorio para articular m\u00faltiples facetas del proceso educativo. Una Progresi\u00f3n de Contenido &nbsp;es &nbsp;parte &nbsp;esencial &nbsp;de &nbsp;una &nbsp;Progresi\u00f3n &nbsp;de &nbsp;Aprendizaje, &nbsp;pues &nbsp;define &nbsp;el &nbsp;contenido curricular de un macro-concepto a trav\u00e9s de una red de conceptos interrelacionados de manera proped\u00e9utica; por lo que establece cu\u00e1les deben ser incluidos, cu\u00e1ndo y en qu\u00e9 contexto. Otro Componente &nbsp;esencial &nbsp;de &nbsp;una Progresi\u00f3n &nbsp;de &nbsp;Aprendizaje &nbsp;es &nbsp;una Progresi\u00f3n &nbsp;de &nbsp;Razonamiento Cient\u00edfico, &nbsp;que establece el &nbsp;nivel &nbsp;alcanzado por &nbsp;los estudiantes con relaci\u00f3n al &nbsp;dominio que poseen sobre los conceptos de una Progresi\u00f3n de Contenido &nbsp;y al uso que hacen de \u00e9stos durante la &nbsp;construcci\u00f3n &nbsp;de &nbsp;explicaciones &nbsp;cient\u00edficas. &nbsp;En &nbsp;esta &nbsp;secci\u00f3n &nbsp;se &nbsp;presentan &nbsp;las &nbsp;actividades curriculares dise\u00f1adas utilizando como marco conceptual una Progresi\u00f3n de Aprendizaje sobre la idea cient\u00edfica de biodiversidad. Esta Progresi\u00f3n de Aprendizaje fue dise\u00f1ada utilizando como modelo los resultados y las experiencias desarrolladas por investigadores de la Universidad de Michigan (Amelia W. Gotwals y Nancy B. Songer) y de Michigan State University (Alicia C.Alonzo). Las actividades curriculares que se presentan fueron creadas para el nivel de 4to a 6to grado, &nbsp;tanto para su discusi\u00f3n con los maestros, &nbsp;como para su posible &nbsp;transferencia con los estudiantes.<\/p>\n\n\n\n<h2 class=\"wp-block-heading\">Actividades de 4to grado<\/h2>\n\n\n\n<ul class=\"wp-block-list\">\n<li>Actividad 2 &#8211; Adaptaciones &#8211; La relaci\u00f3n estructura-funci\u00f3n<\/li>\n\n\n\n<li>Actividades de 4to grado &#8211; Progresi\u00f3n de aprendizaje<\/li>\n\n\n\n<li>Actividades de 4to grado &#8211; Transferencia para estudiantes<\/li>\n\n\n\n<li>Actividades de 4to grado para maestros<\/li>\n\n\n\n<li>Actividades de transferencia &#8211; Cadenas alimentarias<\/li>\n\n\n\n<li>Actividades de transferencia &#8211; La relaci\u00f3n entre la estructura y la funci\u00f3n<\/li>\n\n\n\n<li>Clave pict\u00f3rica para los principales \u00f3rdenes de insectos<\/li>\n\n\n\n<li>Ecolog\u00eda y biodiversidad &#8211; Integrando conceptos<br><br><h3><a href=\"https:\/\/csmer.uprrp.edu\/wp-content\/uploads\/4to1.zip\">Bajar.zip<\/a><\/h3><br><\/li>\n<\/ul>\n\n\n\n<h2 class=\"wp-block-heading\">Actividades de 5to grado<\/h2>\n\n\n\n<ul class=\"wp-block-list\">\n<li>Actividades de 5to grado &#8211; Progresi\u00f3n de Aprendizaje<\/li>\n\n\n\n<li>Actividades de 5to grado &#8211; Transferencia estudiantes &#8211; La clasificaci\u00f3n biol\u00f3gica<\/li>\n\n\n\n<li>Actividades de 5to grado para maestros<\/li>\n\n\n\n<li>Anejo 1. Taxones y niveles jer\u00e1rquicos<\/li>\n\n\n\n<li>Anejo 5. Selecci\u00f3n m\u00faltiple sobre parentesco estructura-funci\u00f3n<\/li>\n\n\n\n<li>Anejos 2A 2B 3 y 4<\/li>\n\n\n\n<li>Cuales son los animales vertebrados mas abundantes en el planeta tierra<\/li>\n\n\n\n<li>HOJA DE TRABAJO 1<\/li>\n\n\n\n<li>HOJA DE TRABAJO 2<\/li>\n\n\n\n<li>HOJA DE TRABAJO 2B<\/li>\n\n\n\n<li>HOJA DE TRABAJO 3<\/li>\n\n\n\n<li><span style=\"line-height: 1.5;\">Tarjetas caracter\u00edsticas reinos hoja trabajo 1<\/span><\/li>\n\n\n\n<li>Tarjetas de la hoja de trabajo<br><br><h3><a href=\"https:\/\/csmer.uprrp.edu\/wp-content\/uploads\/5to1.zip\">Bajar.zip<\/a><\/h3><br><\/li>\n<\/ul>\n\n\n\n<h2 class=\"wp-block-heading\">Actividades de 6to grado<\/h2>\n\n\n\n<ul class=\"wp-block-list\">\n<li>Actividades de 6to grado &#8211; Maestro y Estudiante<\/li>\n\n\n\n<li>Actividades de 6to grado &#8211; Progresi\u00f3n de aprendizaje<\/li>\n\n\n\n<li>Actividades de matematica &#8211; BiodiversiMate<\/li>\n\n\n\n<li>Anejos Scafoldings 6to<\/li>\n\n\n\n<li>Hoja de trabajo 1<\/li>\n\n\n\n<li>Hoja de trabajo 2<\/li>\n\n\n\n<li>Hoja de trabajo 3<\/li>\n\n\n\n<li>Hoja de trabajo 4<\/li>\n\n\n\n<li>Hoja de trabajo 5<br><br><h3><a href=\"https:\/\/csmer.uprrp.edu\/wp-content\/uploads\/6to1.zip\">Bajar.zip<\/a><\/h3><br><\/li>\n<\/ul>\n","protected":false},"excerpt":{"rendered":"<p>Actividades curriculares relacionadas con el concepto de Biodiversidad dise\u00f1adas utilizando como marco conceptual una Progresi\u00f3n de Aprendizaje Autor: Jorge Rodriguez, Ph.D. Una Progresi\u00f3n de Aprendizaje &nbsp;consiste &nbsp;en la descripci\u00f3n de &nbsp;una v\u00eda &nbsp;o forma progresiva de razonamiento que facilita el entendimiento de un macro-concepto, por lo que ofrece un marco conceptual promisorio para articular m\u00faltiples&#8230;<\/p>\n","protected":false},"author":1,"featured_media":0,"parent":26,"menu_order":3,"comment_status":"closed","ping_status":"closed","template":"","meta":{"_kad_post_transparent":"","_kad_post_title":"","_kad_post_layout":"","_kad_post_sidebar_id":"","_kad_post_content_style":"","_kad_post_vertical_padding":"","_kad_post_feature":"","_kad_post_feature_position":"","_kad_post_header":false,"_kad_post_footer":false,"_kad_post_classname":"","footnotes":""},"class_list":["post-1986","page","type-page","status-publish","hentry"],"_links":{"self":[{"href":"https:\/\/csmer.uprrp.edu\/index.php?rest_route=\/wp\/v2\/pages\/1986","targetHints":{"allow":["GET"]}}],"collection":[{"href":"https:\/\/csmer.uprrp.edu\/index.php?rest_route=\/wp\/v2\/pages"}],"about":[{"href":"https:\/\/csmer.uprrp.edu\/index.php?rest_route=\/wp\/v2\/types\/page"}],"author":[{"embeddable":true,"href":"https:\/\/csmer.uprrp.edu\/index.php?rest_route=\/wp\/v2\/users\/1"}],"replies":[{"embeddable":true,"href":"https:\/\/csmer.uprrp.edu\/index.php?rest_route=%2Fwp%2Fv2%2Fcomments&post=1986"}],"version-history":[{"count":4,"href":"https:\/\/csmer.uprrp.edu\/index.php?rest_route=\/wp\/v2\/pages\/1986\/revisions"}],"predecessor-version":[{"id":3036,"href":"https:\/\/csmer.uprrp.edu\/index.php?rest_route=\/wp\/v2\/pages\/1986\/revisions\/3036"}],"up":[{"embeddable":true,"href":"https:\/\/csmer.uprrp.edu\/index.php?rest_route=\/wp\/v2\/pages\/26"}],"wp:attachment":[{"href":"https:\/\/csmer.uprrp.edu\/index.php?rest_route=%2Fwp%2Fv2%2Fmedia&parent=1986"}],"curies":[{"name":"wp","href":"https:\/\/api.w.org\/{rel}","templated":true}]}}