{"id":1979,"date":"2015-02-10T13:43:22","date_gmt":"2015-02-10T17:43:22","guid":{"rendered":"http:\/\/csmer.uprrp.edu\/?page_id=1979"},"modified":"2025-02-21T14:58:24","modified_gmt":"2025-02-21T18:58:24","slug":"yamily-colon-negron","status":"publish","type":"page","link":"https:\/\/csmer.uprrp.edu\/?page_id=1979","title":{"rendered":"Yamily Col\u00f3n Negr\u00f3n"},"content":{"rendered":"<div class=\"wp-block-image\">\n<figure class=\"aligncenter is-resized\"><img loading=\"lazy\" decoding=\"async\" width=\"300\" height=\"225\" src=\"https:\/\/csmer.uprrp.edu\/wp-content\/uploads\/IMG_1114-Yamily-300x225.jpg\" alt=\"IMG_1114 Yamily\" class=\"wp-image-2242\" style=\"width:340px;height:auto\" srcset=\"https:\/\/csmer.uprrp.edu\/wp-content\/uploads\/IMG_1114-Yamily-300x225.jpg 300w, https:\/\/csmer.uprrp.edu\/wp-content\/uploads\/IMG_1114-Yamily-1024x768.jpg 1024w, https:\/\/csmer.uprrp.edu\/wp-content\/uploads\/IMG_1114-Yamily-250x188.jpg 250w, https:\/\/csmer.uprrp.edu\/wp-content\/uploads\/IMG_1114-Yamily-550x413.jpg 550w, https:\/\/csmer.uprrp.edu\/wp-content\/uploads\/IMG_1114-Yamily-800x600.jpg 800w, https:\/\/csmer.uprrp.edu\/wp-content\/uploads\/IMG_1114-Yamily-240x180.jpg 240w, https:\/\/csmer.uprrp.edu\/wp-content\/uploads\/IMG_1114-Yamily-400x300.jpg 400w, https:\/\/csmer.uprrp.edu\/wp-content\/uploads\/IMG_1114-Yamily-667x500.jpg 667w\" sizes=\"auto, (max-width: 300px) 100vw, 300px\" \/><\/figure>\n<\/div>\n\n\n<p><strong>Preparaci\u00f3n Acad\u00e9mica<\/strong>:<\/p>\n\n\n\n<ul class=\"wp-block-list\">\n<li>36 cr\u00e9ditos conducentes al doctorado en Curr\u00edculo y Ense\u00f1anza de las Matem\u00e1ticas, Universidad: UPR- R\u00edo Piedras<\/li>\n\n\n\n<li>Maestr\u00eda en Curr\u00edculo y Ense\u00f1anza de las Matem\u00e1ticas, Universidad Interamericana de Puerto Rico- Recinto Metropolitano<\/li>\n<\/ul>\n\n\n\n<p><strong>Experiencia<\/strong>:<\/p>\n\n\n\n<ul class=\"wp-block-list\">\n<li>8 a\u00f1os de experiencia en el Departamento de Educaci\u00f3n.<\/li>\n<\/ul>\n\n\n\n<p><strong>Distinciones<\/strong>:<\/p>\n\n\n\n<ul class=\"wp-block-list\">\n<li>Certificaci\u00f3n de Maestro Master de Matem\u00e1ticas<\/li>\n<\/ul>\n\n\n\n<p><strong>Grado que ense\u00f1a<\/strong>: D\u00e9cimo a Duod\u00e9cimo grado<\/p>\n\n\n\n<p><strong>Materia<\/strong>: Matem\u00e1tica<\/p>\n\n\n\n<p><strong>Escuela<\/strong>: Jos\u00e9 S. Alegr\u00eda<\/p>\n\n\n\n<p>La Escuela est\u00e1 ubicada en el Paseo del Cristo en el pueblo de Dorado, PR. Es una escuela superior con ofrecimiento general y vocacional. Su matr\u00edcula consta de 640 estudiantes aproximadamente, habiendo una facultad de 55 maestros. Los programas vocacionales son: Administraci\u00f3n de Empresas (Comercio y Mercadeo), Cosmetolog\u00eda, Electricidad. Adem\u00e1s ofrece varios cursos electivos como: Paternidad y Maternidad Responsable, Educaci\u00f3n F\u00edsica, M\u00fasica, Teatro, Bellas Artes. Actualmente existen organizaciones estudiantiles, de acuerdo a los intereses vocacionales de los estudiantes, tales como: DECA &#8211; Mercadeo, FLCA \u2013 Comercio, AJED\/ORED \u2013 Paternidad y Maternidad Responsable, USA SKILL \u2013 Cosmetolog\u00eda, y Electricidad. As\u00ed como las organizaciones de Estudiantes Orientadores y el Cuadro de Honor.<\/p>\n\n\n\n<p>El personal docente est\u00e1 especializado en las siguientes materias: Espa\u00f1ol, Matem\u00e1ticas, Ingl\u00e9s, Ciencia, Historia, Salud, Paternidad y Maternidad Responsable, Electricidad, Mercadeo, Comercio, Educaci\u00f3n F\u00edsica, Cosmetolog\u00eda, Teatro. Los estudiantes, adem\u00e1s, reciben los servicios del personal de Trabajo Social, Orientaci\u00f3n, y del Programa de Educaci\u00f3n Especial. Es una escuela con facilidades tecnol\u00f3gicas como laboratorios de computadoras con servicio de Internet.<\/p>\n\n\n\n<p><strong>\u00bfPor qu\u00e9 solicit\u00e9 participar en el proyecto?<\/strong><\/p>\n\n\n\n<p>Solicit\u00e9 participar en el proyecto por que aspiraba a continuar ampliando mis conocimientos en educaci\u00f3n en matem\u00e1ticas desde distintos ambientes de desarrollo profesional. Adem\u00e1s, entend\u00eda que esta experiencia de desarrollo profesional pod\u00eda ser una excelente antesala a mi aspiraci\u00f3n de continuar estudios doctorales en educaci\u00f3n en matem\u00e1ticas, y as\u00ed fue. Consider\u00e9 participar, sobre todo, porque representaba un contexto id\u00f3neo para expandir mis horizontes de mi pr\u00e1ctica profesional dentro del magisterio.\u00a0<strong><span style=\"color: #000000;\"><span style=\"font-family: Arial, serif;\"><span style=\"font-size: medium;\"><\/span><\/span><\/span><\/strong><\/p>\n\n\n\n<p><strong>Portafolio<\/strong>:<\/p>\n\n\n<div class=\"wp-block-image\">\n<figure class=\"alignleft is-resized\"><a href=\"https:\/\/csmer.uprrp.edu\/wp-content\/uploads\/Portafolio_Yamily.pdf\"><img loading=\"lazy\" decoding=\"async\" width=\"768\" height=\"1024\" src=\"https:\/\/csmer.uprrp.edu\/wp-content\/uploads\/Portafolio_Yamily-768x1024.jpg\" alt=\"Portafolio_Yamily\" class=\"wp-image-2094\" style=\"width:338px;height:auto\" srcset=\"https:\/\/csmer.uprrp.edu\/wp-content\/uploads\/Portafolio_Yamily-768x1024.jpg 768w, https:\/\/csmer.uprrp.edu\/wp-content\/uploads\/Portafolio_Yamily-225x300.jpg 225w\" sizes=\"auto, (max-width: 768px) 100vw, 768px\" \/><\/a><\/figure>\n<\/div>\n\n\n<p><\/p>\n","protected":false},"excerpt":{"rendered":"<p>Preparaci\u00f3n Acad\u00e9mica: Experiencia: Distinciones: Grado que ense\u00f1a: D\u00e9cimo a Duod\u00e9cimo grado Materia: Matem\u00e1tica Escuela: Jos\u00e9 S. Alegr\u00eda La Escuela est\u00e1 ubicada en el Paseo del Cristo en el pueblo de Dorado, PR. Es una escuela superior con ofrecimiento general y vocacional. Su matr\u00edcula consta de 640 estudiantes aproximadamente, habiendo una facultad de 55 maestros. Los&#8230;<\/p>\n","protected":false},"author":1,"featured_media":0,"parent":1960,"menu_order":0,"comment_status":"closed","ping_status":"closed","template":"","meta":{"_kad_post_transparent":"","_kad_post_title":"","_kad_post_layout":"","_kad_post_sidebar_id":"","_kad_post_content_style":"","_kad_post_vertical_padding":"","_kad_post_feature":"","_kad_post_feature_position":"","_kad_post_header":false,"_kad_post_footer":false,"_kad_post_classname":"","footnotes":""},"class_list":["post-1979","page","type-page","status-publish","hentry"],"_links":{"self":[{"href":"https:\/\/csmer.uprrp.edu\/index.php?rest_route=\/wp\/v2\/pages\/1979","targetHints":{"allow":["GET"]}}],"collection":[{"href":"https:\/\/csmer.uprrp.edu\/index.php?rest_route=\/wp\/v2\/pages"}],"about":[{"href":"https:\/\/csmer.uprrp.edu\/index.php?rest_route=\/wp\/v2\/types\/page"}],"author":[{"embeddable":true,"href":"https:\/\/csmer.uprrp.edu\/index.php?rest_route=\/wp\/v2\/users\/1"}],"replies":[{"embeddable":true,"href":"https:\/\/csmer.uprrp.edu\/index.php?rest_route=%2Fwp%2Fv2%2Fcomments&post=1979"}],"version-history":[{"count":4,"href":"https:\/\/csmer.uprrp.edu\/index.php?rest_route=\/wp\/v2\/pages\/1979\/revisions"}],"predecessor-version":[{"id":3701,"href":"https:\/\/csmer.uprrp.edu\/index.php?rest_route=\/wp\/v2\/pages\/1979\/revisions\/3701"}],"up":[{"embeddable":true,"href":"https:\/\/csmer.uprrp.edu\/index.php?rest_route=\/wp\/v2\/pages\/1960"}],"wp:attachment":[{"href":"https:\/\/csmer.uprrp.edu\/index.php?rest_route=%2Fwp%2Fv2%2Fmedia&parent=1979"}],"curies":[{"name":"wp","href":"https:\/\/api.w.org\/{rel}","templated":true}]}}