{"id":1977,"date":"2015-02-10T13:41:57","date_gmt":"2015-02-10T17:41:57","guid":{"rendered":"http:\/\/csmer.uprrp.edu\/?page_id=1977"},"modified":"2025-02-21T14:56:15","modified_gmt":"2025-02-21T18:56:15","slug":"tomas-diaz-berrios","status":"publish","type":"page","link":"https:\/\/csmer.uprrp.edu\/?page_id=1977","title":{"rendered":"Tom\u00e1s D\u00edaz Berr\u00edos"},"content":{"rendered":"<div class=\"wp-block-image\">\n<figure class=\"aligncenter is-resized\"><img loading=\"lazy\" decoding=\"async\" width=\"300\" height=\"225\" src=\"https:\/\/csmer.uprrp.edu\/wp-content\/uploads\/IMG_1101-Tomas-300x225.jpg\" alt=\"IMG_1101 Tomas\" class=\"wp-image-2240\" style=\"width:370px;height:auto\" srcset=\"https:\/\/csmer.uprrp.edu\/wp-content\/uploads\/IMG_1101-Tomas-300x225.jpg 300w, https:\/\/csmer.uprrp.edu\/wp-content\/uploads\/IMG_1101-Tomas-1024x768.jpg 1024w, https:\/\/csmer.uprrp.edu\/wp-content\/uploads\/IMG_1101-Tomas-250x188.jpg 250w, https:\/\/csmer.uprrp.edu\/wp-content\/uploads\/IMG_1101-Tomas-550x413.jpg 550w, https:\/\/csmer.uprrp.edu\/wp-content\/uploads\/IMG_1101-Tomas-800x600.jpg 800w, https:\/\/csmer.uprrp.edu\/wp-content\/uploads\/IMG_1101-Tomas-240x180.jpg 240w, https:\/\/csmer.uprrp.edu\/wp-content\/uploads\/IMG_1101-Tomas-400x300.jpg 400w, https:\/\/csmer.uprrp.edu\/wp-content\/uploads\/IMG_1101-Tomas-667x500.jpg 667w\" sizes=\"auto, (max-width: 300px) 100vw, 300px\" \/><\/figure>\n<\/div>\n\n\n<p><strong>Preparaci\u00f3n Acad\u00e9mica<\/strong>:<\/p>\n\n\n\n<ul class=\"wp-block-list\">\n<li>BA Educaci\u00f3n Secundaria Matem\u00e1ticas, Universidad Interamericana de Puerto Rico, Recinto de San Germ\u00e1n.<\/li>\n\n\n\n<li>Maestr\u00eda en Artes en Educaci\u00f3n en Matem\u00e1ticas, Universidad Interamericana de Puerto Rico, Recinto Metropolitano.<\/li>\n<\/ul>\n\n\n\n<p><strong>Experiencia<\/strong>:<\/p>\n\n\n\n<ul class=\"wp-block-list\">\n<li>15 a\u00f1os de experiencia en el Departamento de Educaci\u00f3n.<\/li>\n<\/ul>\n\n\n\n<p><strong>Distinciones<\/strong>:<\/p>\n\n\n\n<ul class=\"wp-block-list\">\n<li>Dedicaci\u00f3n Actos de Graduaci\u00f3n Clase ELITE, 2013<\/li>\n\n\n\n<li>Reconocimiento C\u00e1mara de Representante de Puerto Rico, mayo 2013.<\/li>\n<\/ul>\n\n\n\n<p><strong>Grado que ense\u00f1a<\/strong>: Und\u00e9cimo y Duod\u00e9cimo grado<\/p>\n\n\n\n<p><strong>Materia<\/strong>: Matem\u00e1tica<\/p>\n\n\n\n<p><strong>Escuela<\/strong>: Jos\u00e9 Rojas Cort\u00e9s<\/p>\n\n\n\n<p>Escuela Superior localizada en el pueblo de Orocovis. La misma posee varios programas acad\u00e9micos entre los cuales se encuentran: cursos generales, comerciales (mercadeo, secretarial y contabilidad) y vocacionales (corte y confecci\u00f3n). La escuela atiende una matr\u00edcula de 554 estudiantes, habiendo una facultad de 45 maestros. <\/p>\n\n\n\n<p>Contamos con una planta f\u00edsica relativamente nueva con una gran diversidad de proyectos acad\u00e9micos y con los recursos tecnol\u00f3gicos necesarios para ofrecer una educaci\u00f3n de excelencia a nuestros estudiantes.<\/p>\n\n\n\n<p><strong>\u00bfPor qu\u00e9 solicit\u00e9 participar en el proyecto?<\/strong><\/p>\n\n\n\n<p>Solicit\u00e9 participar del proyecto para obtener la Certificaci\u00f3n Master en Matem\u00e1ticas y a su vez para crecer profesionalmente capacitando a maestros del Distrito y de Puerto Rico en contenido matem\u00e1tico.<\/p>\n\n\n\n<p><strong>Portafolio<\/strong>:<\/p>\n\n\n<div class=\"wp-block-image\">\n<figure class=\"alignleft is-resized\"><a href=\"https:\/\/csmer.uprrp.edu\/wp-content\/uploads\/Portafolio-Digital-Tom\u00e1s-MMT-Presentaci\u00f3n-Final.pdf\"><img loading=\"lazy\" decoding=\"async\" width=\"768\" height=\"1024\" src=\"https:\/\/csmer.uprrp.edu\/wp-content\/uploads\/Portafolio-Digital-Tom\u00e1s-MMT-Presentaci\u00f3n-Final-768x1024.jpg\" alt=\"Portafolio Digital Tom\u00e1s  MMT Presentaci\u00f3n Final\" class=\"wp-image-2090\" style=\"width:361px;height:auto\" srcset=\"https:\/\/csmer.uprrp.edu\/wp-content\/uploads\/Portafolio-Digital-Tom\u00e1s-MMT-Presentaci\u00f3n-Final-768x1024.jpg 768w, https:\/\/csmer.uprrp.edu\/wp-content\/uploads\/Portafolio-Digital-Tom\u00e1s-MMT-Presentaci\u00f3n-Final-225x300.jpg 225w\" sizes=\"auto, (max-width: 768px) 100vw, 768px\" \/><\/a><\/figure>\n<\/div>\n\n\n<p><\/p>\n","protected":false},"excerpt":{"rendered":"<p>Preparaci\u00f3n Acad\u00e9mica: Experiencia: Distinciones: Grado que ense\u00f1a: Und\u00e9cimo y Duod\u00e9cimo grado Materia: Matem\u00e1tica Escuela: Jos\u00e9 Rojas Cort\u00e9s Escuela Superior localizada en el pueblo de Orocovis. La misma posee varios programas acad\u00e9micos entre los cuales se encuentran: cursos generales, comerciales (mercadeo, secretarial y contabilidad) y vocacionales (corte y confecci\u00f3n). La escuela atiende una matr\u00edcula de 554&#8230;<\/p>\n","protected":false},"author":1,"featured_media":0,"parent":1960,"menu_order":0,"comment_status":"closed","ping_status":"closed","template":"","meta":{"_kad_post_transparent":"","_kad_post_title":"","_kad_post_layout":"","_kad_post_sidebar_id":"","_kad_post_content_style":"","_kad_post_vertical_padding":"","_kad_post_feature":"","_kad_post_feature_position":"","_kad_post_header":false,"_kad_post_footer":false,"_kad_post_classname":"","footnotes":""},"class_list":["post-1977","page","type-page","status-publish","hentry"],"_links":{"self":[{"href":"https:\/\/csmer.uprrp.edu\/index.php?rest_route=\/wp\/v2\/pages\/1977","targetHints":{"allow":["GET"]}}],"collection":[{"href":"https:\/\/csmer.uprrp.edu\/index.php?rest_route=\/wp\/v2\/pages"}],"about":[{"href":"https:\/\/csmer.uprrp.edu\/index.php?rest_route=\/wp\/v2\/types\/page"}],"author":[{"embeddable":true,"href":"https:\/\/csmer.uprrp.edu\/index.php?rest_route=\/wp\/v2\/users\/1"}],"replies":[{"embeddable":true,"href":"https:\/\/csmer.uprrp.edu\/index.php?rest_route=%2Fwp%2Fv2%2Fcomments&post=1977"}],"version-history":[{"count":4,"href":"https:\/\/csmer.uprrp.edu\/index.php?rest_route=\/wp\/v2\/pages\/1977\/revisions"}],"predecessor-version":[{"id":3699,"href":"https:\/\/csmer.uprrp.edu\/index.php?rest_route=\/wp\/v2\/pages\/1977\/revisions\/3699"}],"up":[{"embeddable":true,"href":"https:\/\/csmer.uprrp.edu\/index.php?rest_route=\/wp\/v2\/pages\/1960"}],"wp:attachment":[{"href":"https:\/\/csmer.uprrp.edu\/index.php?rest_route=%2Fwp%2Fv2%2Fmedia&parent=1977"}],"curies":[{"name":"wp","href":"https:\/\/api.w.org\/{rel}","templated":true}]}}