{"id":1975,"date":"2015-02-10T13:40:47","date_gmt":"2015-02-10T17:40:47","guid":{"rendered":"http:\/\/csmer.uprrp.edu\/?page_id=1975"},"modified":"2025-02-21T14:53:22","modified_gmt":"2025-02-21T18:53:22","slug":"sylvia-hernandez-acevedo","status":"publish","type":"page","link":"https:\/\/csmer.uprrp.edu\/?page_id=1975","title":{"rendered":"Sylvia Hern\u00e1ndez Acevedo"},"content":{"rendered":"<div class=\"wp-block-image\">\n<figure class=\"aligncenter is-resized\"><img loading=\"lazy\" decoding=\"async\" width=\"264\" height=\"300\" src=\"https:\/\/csmer.uprrp.edu\/wp-content\/uploads\/2015-05-27-19.28.40-264x300.jpg\" alt=\"2015-05-27 19.28.40\" class=\"wp-image-2247\" style=\"width:268px;height:auto\" srcset=\"https:\/\/csmer.uprrp.edu\/wp-content\/uploads\/2015-05-27-19.28.40-264x300.jpg 264w, https:\/\/csmer.uprrp.edu\/wp-content\/uploads\/2015-05-27-19.28.40-250x284.jpg 250w, https:\/\/csmer.uprrp.edu\/wp-content\/uploads\/2015-05-27-19.28.40-159x180.jpg 159w, https:\/\/csmer.uprrp.edu\/wp-content\/uploads\/2015-05-27-19.28.40.jpg 282w\" sizes=\"auto, (max-width: 264px) 100vw, 264px\" \/><\/figure>\n<\/div>\n\n\n<p><strong>Preparaci\u00f3n Acad\u00e9mica<\/strong>:<\/p>\n\n\n\n<ul class=\"wp-block-list\">\n<li>54 cr\u00e9ditos Doctorales, NOVA Southeastern University<\/li>\n\n\n\n<li>Maestr\u00eda: Curr\u00edculo en matem\u00e1tica, Phoenix University<\/li>\n\n\n\n<li>BA. Educaci\u00f3n Secundaria matem\u00e1tica, Universidad Interamericana de PR,\u00a0Recinto San Germ\u00e1n.<\/li>\n<\/ul>\n\n\n\n<p><strong>Experiencia<\/strong>:<\/p>\n\n\n\n<ul class=\"wp-block-list\">\n<li>21 a\u00f1os de experiencia en el Departamento de Educaci\u00f3n<\/li>\n\n\n\n<li>3 a\u00f1os como Asesor virtual de maestros en \u00e1reas de: tecnolog\u00eda, acad\u00e9mica, planificaci\u00f3n y estrategias de aprendizaje. Proyecto CENIT.<\/li>\n<\/ul>\n\n\n\n<p><strong>Distinciones<\/strong>:<\/p>\n\n\n\n<ul class=\"wp-block-list\">\n<li>Reconocida en Operaci\u00f3n \u00c9xito como maestra \u00c9xito 2009.<\/li>\n\n\n\n<li>Reconocida en la C\u00e1mara de Representantes como persona distinguida, 2010. Reconocimiento por Asociaci\u00f3n de maestros de PR por ser maestra de excelencia,<\/li>\n\n\n\n<li>Ganadora del Premio Presidencial en Matem\u00e1ticas, 2005.<\/li>\n<\/ul>\n\n\n\n<p><strong>Grado que ense\u00f1a<\/strong>: Und\u00e9cimo grado<\/p>\n\n\n\n<p><strong>Materia<\/strong>: Matem\u00e1tica<\/p>\n\n\n\n<p><strong>Escuela<\/strong>: Dr. Carlos Gonz\u00e1lez<\/p>\n\n\n\n<p>Escuela Superior localizada en el pueblo de Aguada. La misma posee varios programas acad\u00e9micos entre los cuales se encuentran cursos generales, comerciales, secretarial y contabilidad. La escuela atiende una matr\u00edcula de 750 estudiantes, habiendo una facultad de 47 maestros. <\/p>\n\n\n\n<p>Es una escuela del siglo 21 y lleva cinco a\u00f1os siendo galardonada por ser la escuela de mayor cantidad de estudiantes que se grad\u00faan con 4.00 a nivel Isla. Cuenta con varios proyectos acad\u00e9micos como: Aprendizaje basado en Proyecto, uso de tecnolog\u00edas en la sala de clases. Caracterizada por ofrecer retos y oportunidades a sus estudiantes.<\/p>\n\n\n\n<p><strong>\u00bfPor qu\u00e9 solicit\u00e9 participar en el proyecto?<\/strong><\/p>\n\n\n\n<p>Solicit\u00e9 para participar en el proyecto porque vi una oportunidad para crecer profesionalmente y ayudar a otros maestros a alcanzar un alto grado de maestr\u00eda en su labor cotidiana.<strong><span style=\"font-family: Arial, sans-serif;\"><span style=\"font-size: medium;\"><\/span><\/span><\/strong><\/p>\n\n\n\n<p><strong>Portafolio<\/strong>:<\/p>\n\n\n<div class=\"wp-block-image\">\n<figure class=\"alignleft is-resized\"><a href=\"https:\/\/csmer.uprrp.edu\/wp-content\/uploads\/PORTAFOLIO-SYLVIA-NEW.pdf\"><img loading=\"lazy\" decoding=\"async\" width=\"1024\" height=\"576\" src=\"https:\/\/csmer.uprrp.edu\/wp-content\/uploads\/PORTAFOLIO-SYLVIA-NEW-1024x576.jpg\" alt=\"PORTAFOLIO SYLVIA NEW\" class=\"wp-image-2087\" style=\"width:475px;height:auto\" srcset=\"https:\/\/csmer.uprrp.edu\/wp-content\/uploads\/PORTAFOLIO-SYLVIA-NEW-1024x576.jpg 1024w, https:\/\/csmer.uprrp.edu\/wp-content\/uploads\/PORTAFOLIO-SYLVIA-NEW-300x169.jpg 300w\" sizes=\"auto, (max-width: 1024px) 100vw, 1024px\" \/><\/a><\/figure>\n<\/div>\n\n\n<p><\/p>\n","protected":false},"excerpt":{"rendered":"<p>Preparaci\u00f3n Acad\u00e9mica: Experiencia: Distinciones: Grado que ense\u00f1a: Und\u00e9cimo grado Materia: Matem\u00e1tica Escuela: Dr. Carlos Gonz\u00e1lez Escuela Superior localizada en el pueblo de Aguada. La misma posee varios programas acad\u00e9micos entre los cuales se encuentran cursos generales, comerciales, secretarial y contabilidad. La escuela atiende una matr\u00edcula de 750 estudiantes, habiendo una facultad de 47 maestros. Es&#8230;<\/p>\n","protected":false},"author":1,"featured_media":0,"parent":1960,"menu_order":0,"comment_status":"closed","ping_status":"closed","template":"","meta":{"_kad_post_transparent":"","_kad_post_title":"","_kad_post_layout":"","_kad_post_sidebar_id":"","_kad_post_content_style":"","_kad_post_vertical_padding":"","_kad_post_feature":"","_kad_post_feature_position":"","_kad_post_header":false,"_kad_post_footer":false,"_kad_post_classname":"","footnotes":""},"class_list":["post-1975","page","type-page","status-publish","hentry"],"_links":{"self":[{"href":"https:\/\/csmer.uprrp.edu\/index.php?rest_route=\/wp\/v2\/pages\/1975","targetHints":{"allow":["GET"]}}],"collection":[{"href":"https:\/\/csmer.uprrp.edu\/index.php?rest_route=\/wp\/v2\/pages"}],"about":[{"href":"https:\/\/csmer.uprrp.edu\/index.php?rest_route=\/wp\/v2\/types\/page"}],"author":[{"embeddable":true,"href":"https:\/\/csmer.uprrp.edu\/index.php?rest_route=\/wp\/v2\/users\/1"}],"replies":[{"embeddable":true,"href":"https:\/\/csmer.uprrp.edu\/index.php?rest_route=%2Fwp%2Fv2%2Fcomments&post=1975"}],"version-history":[{"count":5,"href":"https:\/\/csmer.uprrp.edu\/index.php?rest_route=\/wp\/v2\/pages\/1975\/revisions"}],"predecessor-version":[{"id":3697,"href":"https:\/\/csmer.uprrp.edu\/index.php?rest_route=\/wp\/v2\/pages\/1975\/revisions\/3697"}],"up":[{"embeddable":true,"href":"https:\/\/csmer.uprrp.edu\/index.php?rest_route=\/wp\/v2\/pages\/1960"}],"wp:attachment":[{"href":"https:\/\/csmer.uprrp.edu\/index.php?rest_route=%2Fwp%2Fv2%2Fmedia&parent=1975"}],"curies":[{"name":"wp","href":"https:\/\/api.w.org\/{rel}","templated":true}]}}