{"id":1973,"date":"2015-02-10T13:39:14","date_gmt":"2015-02-10T17:39:14","guid":{"rendered":"http:\/\/csmer.uprrp.edu\/?page_id=1973"},"modified":"2025-02-21T14:50:54","modified_gmt":"2025-02-21T18:50:54","slug":"osvaldo-pares-rivera","status":"publish","type":"page","link":"https:\/\/csmer.uprrp.edu\/?page_id=1973","title":{"rendered":"Osvaldo Par\u00e9s Rivera"},"content":{"rendered":"<div class=\"wp-block-image\">\n<figure class=\"aligncenter\"><img loading=\"lazy\" decoding=\"async\" width=\"300\" height=\"225\" src=\"https:\/\/csmer.uprrp.edu\/wp-content\/uploads\/IMG_1102-Osvaldo-300x225.jpg\" alt=\"IMG_1102 Osvaldo\" class=\"wp-image-2238\" srcset=\"https:\/\/csmer.uprrp.edu\/wp-content\/uploads\/IMG_1102-Osvaldo-300x225.jpg 300w, https:\/\/csmer.uprrp.edu\/wp-content\/uploads\/IMG_1102-Osvaldo-1024x768.jpg 1024w, https:\/\/csmer.uprrp.edu\/wp-content\/uploads\/IMG_1102-Osvaldo-250x188.jpg 250w, https:\/\/csmer.uprrp.edu\/wp-content\/uploads\/IMG_1102-Osvaldo-550x413.jpg 550w, https:\/\/csmer.uprrp.edu\/wp-content\/uploads\/IMG_1102-Osvaldo-800x600.jpg 800w, https:\/\/csmer.uprrp.edu\/wp-content\/uploads\/IMG_1102-Osvaldo-240x180.jpg 240w, https:\/\/csmer.uprrp.edu\/wp-content\/uploads\/IMG_1102-Osvaldo-400x300.jpg 400w, https:\/\/csmer.uprrp.edu\/wp-content\/uploads\/IMG_1102-Osvaldo-667x500.jpg 667w\" sizes=\"auto, (max-width: 300px) 100vw, 300px\" \/><\/figure>\n<\/div>\n\n\n<p><strong>Preparaci\u00f3n Acad\u00e9mica<\/strong>:<\/p>\n\n\n\n<ul class=\"wp-block-list\">\n<li>Bachillerato en Educaci\u00f3n Matem\u00e1tica, UPR-Mayag\u00fcez <\/li>\n\n\n\n<li>Maestr\u00eda: Matem\u00e1ticas Aplicadas, Universidad Interamericana San Germ\u00e1n<\/li>\n<\/ul>\n\n\n\n<p><strong>Experiencia<\/strong>:<\/p>\n\n\n\n<ul class=\"wp-block-list\">\n<li>15 a\u00f1os de experiencia en el Departamento de Educaci\u00f3n.<\/li>\n<\/ul>\n\n\n\n<p><strong>Distinciones<\/strong>:<\/p>\n\n\n\n<ul class=\"wp-block-list\">\n<li>Maestro de Excelencia (2006)<\/li>\n<\/ul>\n\n\n\n<p><strong>Grado que ense\u00f1a<\/strong>: Und\u00e9cimo grado<\/p>\n\n\n\n<p><strong>Materia<\/strong>: Matem\u00e1tica<\/p>\n\n\n\n<p><strong>Escuela<\/strong>: Eugenio Mar\u00eda de Hostos<\/p>\n\n\n\n<p>Escuela Superior localizada en el pueblo de Mayag\u00fcez. La misma posee varios programas acad\u00e9micos entre los cuales se encuentran cursos generales,\u00a0comerciales (mercadeo, secretarial y contabilidad) y vocacionales (electricidad,\u00a0electr\u00f3nica y corte y confecci\u00f3n). La escuela atiende una matr\u00edcula de 920\u00a0estudiantes, habiendo una facultad de aprox. 62 maestros. \u00a0La escuela cuenta con unas facilidades nuevas, diversidad de programas\u00a0acad\u00e9micos, diferentes clubes\/organizaciones y recursos tecnol\u00f3gicos al ser\u00a0part\u00edcipe del Proyecto SIG del Departamento de Educaci\u00f3n. Por ejemplo:\u00a0Contamos con una planta f\u00edsica relativamente nueva con una gran diversidad de proyectos acad\u00e9micos y con los recursos tecnol\u00f3gicos necesarios para ofrecer\u00a0una educaci\u00f3n de excelencia a nuestros estudiantes.<\/p>\n\n\n\n<p><strong>\u00bfPor qu\u00e9 solicit\u00e9 participar en el proyecto?<\/strong><\/p>\n\n\n\n<p>C\u00f3mo educador me interesa darle a los estudiantes una educaci\u00f3n plena, diversa y a\u00a0tono con la sociedad actual. Adem\u00e1s, me interesa estar al d\u00eda en mi desarrollo\u00a0profesional para as\u00ed dar a mis estudiantes una ense\u00f1anza con los recursos necesarios que lleguen ellos a entender los conceptos de una forma efectiva y para su vida diaria.<\/p>\n\n\n\n<p><strong>Portafolio:<\/strong><span style=\"color: #000000;\"><span style=\"font-family: Calibri, serif;\"><span style=\"font-family: Arial, serif;\"><span style=\"font-size: medium;\"><\/span><\/span><\/span><\/span><\/p>\n\n\n<div class=\"wp-block-image\">\n<figure class=\"alignleft is-resized\"><a href=\"https:\/\/csmer.uprrp.edu\/wp-content\/uploads\/Portafolio-Osvaldo.pdf\"><img loading=\"lazy\" decoding=\"async\" width=\"1024\" height=\"768\" src=\"https:\/\/csmer.uprrp.edu\/wp-content\/uploads\/Portafolio-Osvaldo-1024x768.jpg\" alt=\"Portafolio Osvaldo\" class=\"wp-image-2082\" style=\"width:402px;height:auto\" srcset=\"https:\/\/csmer.uprrp.edu\/wp-content\/uploads\/Portafolio-Osvaldo-1024x768.jpg 1024w, https:\/\/csmer.uprrp.edu\/wp-content\/uploads\/Portafolio-Osvaldo-300x225.jpg 300w\" sizes=\"auto, (max-width: 1024px) 100vw, 1024px\" \/><\/a><\/figure>\n<\/div>","protected":false},"excerpt":{"rendered":"<p>Preparaci\u00f3n Acad\u00e9mica: Experiencia: Distinciones: Grado que ense\u00f1a: Und\u00e9cimo grado Materia: Matem\u00e1tica Escuela: Eugenio Mar\u00eda de Hostos Escuela Superior localizada en el pueblo de Mayag\u00fcez. La misma posee varios programas acad\u00e9micos entre los cuales se encuentran cursos generales,\u00a0comerciales (mercadeo, secretarial y contabilidad) y vocacionales (electricidad,\u00a0electr\u00f3nica y corte y confecci\u00f3n). La escuela atiende una matr\u00edcula de 920\u00a0estudiantes,&#8230;<\/p>\n","protected":false},"author":1,"featured_media":0,"parent":1960,"menu_order":0,"comment_status":"closed","ping_status":"closed","template":"","meta":{"_kad_post_transparent":"","_kad_post_title":"","_kad_post_layout":"","_kad_post_sidebar_id":"","_kad_post_content_style":"","_kad_post_vertical_padding":"","_kad_post_feature":"","_kad_post_feature_position":"","_kad_post_header":false,"_kad_post_footer":false,"_kad_post_classname":"","footnotes":""},"class_list":["post-1973","page","type-page","status-publish","hentry"],"_links":{"self":[{"href":"https:\/\/csmer.uprrp.edu\/index.php?rest_route=\/wp\/v2\/pages\/1973","targetHints":{"allow":["GET"]}}],"collection":[{"href":"https:\/\/csmer.uprrp.edu\/index.php?rest_route=\/wp\/v2\/pages"}],"about":[{"href":"https:\/\/csmer.uprrp.edu\/index.php?rest_route=\/wp\/v2\/types\/page"}],"author":[{"embeddable":true,"href":"https:\/\/csmer.uprrp.edu\/index.php?rest_route=\/wp\/v2\/users\/1"}],"replies":[{"embeddable":true,"href":"https:\/\/csmer.uprrp.edu\/index.php?rest_route=%2Fwp%2Fv2%2Fcomments&post=1973"}],"version-history":[{"count":4,"href":"https:\/\/csmer.uprrp.edu\/index.php?rest_route=\/wp\/v2\/pages\/1973\/revisions"}],"predecessor-version":[{"id":3695,"href":"https:\/\/csmer.uprrp.edu\/index.php?rest_route=\/wp\/v2\/pages\/1973\/revisions\/3695"}],"up":[{"embeddable":true,"href":"https:\/\/csmer.uprrp.edu\/index.php?rest_route=\/wp\/v2\/pages\/1960"}],"wp:attachment":[{"href":"https:\/\/csmer.uprrp.edu\/index.php?rest_route=%2Fwp%2Fv2%2Fmedia&parent=1973"}],"curies":[{"name":"wp","href":"https:\/\/api.w.org\/{rel}","templated":true}]}}