{"id":1970,"date":"2015-02-10T13:03:55","date_gmt":"2015-02-10T17:03:55","guid":{"rendered":"http:\/\/csmer.uprrp.edu\/?page_id=1970"},"modified":"2025-02-21T14:48:20","modified_gmt":"2025-02-21T18:48:20","slug":"marilyn-santiago-roman","status":"publish","type":"page","link":"https:\/\/csmer.uprrp.edu\/?page_id=1970","title":{"rendered":"Marilyn Santiago Rom\u00e1n"},"content":{"rendered":"<div class=\"wp-block-image\">\n<figure class=\"aligncenter\"><img loading=\"lazy\" decoding=\"async\" width=\"300\" height=\"225\" src=\"https:\/\/csmer.uprrp.edu\/wp-content\/uploads\/IMG_1105-Marilyn-300x225.jpg\" alt=\"IMG_1105 Marilyn\" class=\"wp-image-2236\" srcset=\"https:\/\/csmer.uprrp.edu\/wp-content\/uploads\/IMG_1105-Marilyn-300x225.jpg 300w, https:\/\/csmer.uprrp.edu\/wp-content\/uploads\/IMG_1105-Marilyn-1024x768.jpg 1024w, https:\/\/csmer.uprrp.edu\/wp-content\/uploads\/IMG_1105-Marilyn-250x188.jpg 250w, https:\/\/csmer.uprrp.edu\/wp-content\/uploads\/IMG_1105-Marilyn-550x413.jpg 550w, https:\/\/csmer.uprrp.edu\/wp-content\/uploads\/IMG_1105-Marilyn-800x600.jpg 800w, https:\/\/csmer.uprrp.edu\/wp-content\/uploads\/IMG_1105-Marilyn-240x180.jpg 240w, https:\/\/csmer.uprrp.edu\/wp-content\/uploads\/IMG_1105-Marilyn-400x300.jpg 400w, https:\/\/csmer.uprrp.edu\/wp-content\/uploads\/IMG_1105-Marilyn-667x500.jpg 667w\" sizes=\"auto, (max-width: 300px) 100vw, 300px\" \/><\/figure>\n<\/div>\n\n\n<p><strong>Preparaci\u00f3n Acad\u00e9mica<\/strong>:<\/p>\n\n\n\n<ul class=\"wp-block-list\">\n<li>BA Pedagog\u00eda, Universidad de Puerto Rico, Arecibo<\/li>\n\n\n\n<li>Maestr\u00eda en Curr\u00edculo y Ense\u00f1anza de Matem\u00e1ticas, Universidad Interamericana de Puerto Rico, Arecibo<\/li>\n<\/ul>\n\n\n\n<p><strong>Experiencia<\/strong>:<\/p>\n\n\n\n<ul class=\"wp-block-list\">\n<li>13 a\u00f1os de experiencia en el Departamento de Educaci\u00f3n<\/li>\n<\/ul>\n\n\n\n<p><strong>Distinciones<\/strong>:<\/p>\n\n\n\n<ul class=\"wp-block-list\">\n<li>Certificado de Maestra Master de Matem\u00e1ticas<\/li>\n<\/ul>\n\n\n\n<p><strong>Grado que ense\u00f1a<\/strong>: Octavo grado<\/p>\n\n\n\n<p><strong>Materia<\/strong>: Matem\u00e1tica<\/p>\n\n\n\n<p><strong>Escuela<\/strong>: H\u00e9ctor Hern\u00e1ndez Arana<\/p>\n\n\n\n<p>Escuela Intermedia localizada en el pueblo de Lares. La misma posee un programa acad\u00e9mico general y cursos electivos como salud, teatro, m\u00fasica y un programa de pre-vocacional. La escuela atiende una matr\u00edcula de 385 estudiantes, habiendo una facultad aproximada de 30 maestros. <\/p>\n\n\n\n<p>Contamos con una planta f\u00edsica relativamente nueva con dos laboratorios de computadoras y recursos tecnol\u00f3gicos necesarios para ofrecer una educaci\u00f3n de excelencia a nuestros estudiantes. Tenemos diferentes clubes estudiantiles, como el de Biblioteca y el de Estudiantes Orientadores, que permiten a nuestros estudiantes desarrollarse en diferentes \u00e1reas.<\/p>\n\n\n\n<p><strong>\u00bfPor qu\u00e9 solicit\u00e9 participar en el proyecto?<\/strong><\/p>\n\n\n\n<p>Solicit\u00e9 participar del proyecto porque quer\u00eda mejorar mis pr\u00e1cticas educativas para el aprovechamiento de mis estudiantes y para compartir mis conocimientos con mis pares. Desde inicios de mi pr\u00e1ctica me di a la tarea de buscar estrategias que permitieran a mis estudiantes mejorar su aprovechamiento. El proyecto Master Teacher me present\u00f3 la oportunidad de aumentar el conocimiento y mejorar mi labor como maestra para beneficio de los estudiantes, a la vez que puedo impactar a otros maestros para beneficio de la educaci\u00f3n.<\/p>\n\n\n\n<p><strong>Portafolio<\/strong>:<\/p>\n\n\n<div class=\"wp-block-image\">\n<figure class=\"alignleft is-resized\"><a href=\"https:\/\/csmer.uprrp.edu\/wp-content\/uploads\/Portafolio-math-Marilyn.pdf\"><img loading=\"lazy\" decoding=\"async\" width=\"768\" height=\"1024\" src=\"https:\/\/csmer.uprrp.edu\/wp-content\/uploads\/Portafolio-math-Marilyn-768x1024.jpg\" alt=\"Portafolio math Marilyn\" class=\"wp-image-2107\" style=\"width:339px;height:auto\" srcset=\"https:\/\/csmer.uprrp.edu\/wp-content\/uploads\/Portafolio-math-Marilyn-768x1024.jpg 768w, https:\/\/csmer.uprrp.edu\/wp-content\/uploads\/Portafolio-math-Marilyn-225x300.jpg 225w\" sizes=\"auto, (max-width: 768px) 100vw, 768px\" \/><\/a><\/figure>\n<\/div>\n\n\n<p><\/p>\n","protected":false},"excerpt":{"rendered":"<p>Preparaci\u00f3n Acad\u00e9mica: Experiencia: Distinciones: Grado que ense\u00f1a: Octavo grado Materia: Matem\u00e1tica Escuela: H\u00e9ctor Hern\u00e1ndez Arana Escuela Intermedia localizada en el pueblo de Lares. La misma posee un programa acad\u00e9mico general y cursos electivos como salud, teatro, m\u00fasica y un programa de pre-vocacional. La escuela atiende una matr\u00edcula de 385 estudiantes, habiendo una facultad aproximada de&#8230;<\/p>\n","protected":false},"author":1,"featured_media":0,"parent":1960,"menu_order":0,"comment_status":"closed","ping_status":"closed","template":"","meta":{"_kad_post_transparent":"","_kad_post_title":"","_kad_post_layout":"","_kad_post_sidebar_id":"","_kad_post_content_style":"","_kad_post_vertical_padding":"","_kad_post_feature":"","_kad_post_feature_position":"","_kad_post_header":false,"_kad_post_footer":false,"_kad_post_classname":"","footnotes":""},"class_list":["post-1970","page","type-page","status-publish","hentry"],"_links":{"self":[{"href":"https:\/\/csmer.uprrp.edu\/index.php?rest_route=\/wp\/v2\/pages\/1970","targetHints":{"allow":["GET"]}}],"collection":[{"href":"https:\/\/csmer.uprrp.edu\/index.php?rest_route=\/wp\/v2\/pages"}],"about":[{"href":"https:\/\/csmer.uprrp.edu\/index.php?rest_route=\/wp\/v2\/types\/page"}],"author":[{"embeddable":true,"href":"https:\/\/csmer.uprrp.edu\/index.php?rest_route=\/wp\/v2\/users\/1"}],"replies":[{"embeddable":true,"href":"https:\/\/csmer.uprrp.edu\/index.php?rest_route=%2Fwp%2Fv2%2Fcomments&post=1970"}],"version-history":[{"count":4,"href":"https:\/\/csmer.uprrp.edu\/index.php?rest_route=\/wp\/v2\/pages\/1970\/revisions"}],"predecessor-version":[{"id":3693,"href":"https:\/\/csmer.uprrp.edu\/index.php?rest_route=\/wp\/v2\/pages\/1970\/revisions\/3693"}],"up":[{"embeddable":true,"href":"https:\/\/csmer.uprrp.edu\/index.php?rest_route=\/wp\/v2\/pages\/1960"}],"wp:attachment":[{"href":"https:\/\/csmer.uprrp.edu\/index.php?rest_route=%2Fwp%2Fv2%2Fmedia&parent=1970"}],"curies":[{"name":"wp","href":"https:\/\/api.w.org\/{rel}","templated":true}]}}