{"id":1964,"date":"2015-02-10T12:58:48","date_gmt":"2015-02-10T16:58:48","guid":{"rendered":"http:\/\/csmer.uprrp.edu\/?page_id=1964"},"modified":"2025-02-21T14:45:15","modified_gmt":"2025-02-21T18:45:15","slug":"lymarie-perez-muler","status":"publish","type":"page","link":"https:\/\/csmer.uprrp.edu\/?page_id=1964","title":{"rendered":"Lymarie P\u00e9rez Muler"},"content":{"rendered":"<div class=\"wp-block-image\">\n<figure class=\"aligncenter is-resized\"><img loading=\"lazy\" decoding=\"async\" width=\"300\" height=\"225\" src=\"https:\/\/csmer.uprrp.edu\/wp-content\/uploads\/IMG_1103-Lymarie-300x225.jpg\" alt=\"IMG_1103 Lymarie\" class=\"wp-image-2234\" style=\"width:348px;height:auto\" srcset=\"https:\/\/csmer.uprrp.edu\/wp-content\/uploads\/IMG_1103-Lymarie-300x225.jpg 300w, https:\/\/csmer.uprrp.edu\/wp-content\/uploads\/IMG_1103-Lymarie-1024x768.jpg 1024w, https:\/\/csmer.uprrp.edu\/wp-content\/uploads\/IMG_1103-Lymarie-250x188.jpg 250w, https:\/\/csmer.uprrp.edu\/wp-content\/uploads\/IMG_1103-Lymarie-550x413.jpg 550w, https:\/\/csmer.uprrp.edu\/wp-content\/uploads\/IMG_1103-Lymarie-800x600.jpg 800w, https:\/\/csmer.uprrp.edu\/wp-content\/uploads\/IMG_1103-Lymarie-240x180.jpg 240w, https:\/\/csmer.uprrp.edu\/wp-content\/uploads\/IMG_1103-Lymarie-400x300.jpg 400w, https:\/\/csmer.uprrp.edu\/wp-content\/uploads\/IMG_1103-Lymarie-667x500.jpg 667w\" sizes=\"auto, (max-width: 300px) 100vw, 300px\" \/><\/figure>\n<\/div>\n\n\n<p><strong>Preparaci\u00f3n Acad\u00e9mica<\/strong>:<\/p>\n\n\n\n<ul class=\"wp-block-list\">\n<li>BA en Pedagog\u00eda 4to a 6to, UPR Recinto\u00a0de Cayey <\/li>\n\n\n\n<li>Maestr\u00eda: Artes\u00a0en\u00a0las\u00a0Ense\u00f1anza\u00a0de\u00a0las\u00a0matem\u00e1ticas, Universidad\u00a0Interamericana\u00a0Recinto\u00a0Metropolitano<\/li>\n<\/ul>\n\n\n\n<p><strong>Experiencia<\/strong>:<\/p>\n\n\n\n<ul class=\"wp-block-list\">\n<li>9 a\u00f1os de experiencia en el Departamento de Educaci\u00f3n <\/li>\n\n\n\n<li>2 a\u00f1os\u00a0de\u00a0experiencia\u00a0en\u00a0el\u00a0Colegio\u00a0Cristo\u00a0de\u00a0Los Milagros en Caguas<\/li>\n<\/ul>\n\n\n\n<p><strong>Grado que ense\u00f1a<\/strong>: D\u00e9cimo grado<\/p>\n\n\n\n<p><strong>Materia<\/strong>: Matem\u00e1tica<\/p>\n\n\n\n<p><strong>Escuela<\/strong>: Petra\u00a0Mercado Bougart<\/p>\n\n\n\n<p>Esta escuela\u00a0superior\u00a0est\u00e1\u00a0localizada\u00a0en\u00a0el\u00a0pueblo\u00a0de\u00a0Humacao. La\u00a0misma posee\u00a0varios\u00a0programas\u00a0acad\u00e9micos\u00a0entre\u00a0los\u00a0cuales\u00a0se\u00a0encuentran\u00a0los\u00a0cursos\u00a0b\u00e1sicos y cursos electivos como danza y arte. La escuela atiende una matr\u00edcula de 558 estudiantes\u00a0con una facultad de 34 maestros. <\/p>\n\n\n\n<p>La\u00a0escuela\u00a0cuenta\u00a0con\u00a0cancha\u00a0bajo\u00a0techo y pr\u00f3ximamente\u00a0con\u00a0biblioteca electr\u00f3nica y centros de tecnolog\u00eda en Ciencia, Espa\u00f1ol e Ingl\u00e9s. Los estudiantes se distinguen en ciencias donde todos los a\u00f1os logran premios en Feria Cient\u00edfica a nivel del distrito, regional y han ganado premios donde representan a Puerto Rico en Estados Unidos. Adem\u00e1s la escuela tiene alianza con la UPR de Humacao donde se realizan investigaciones cient\u00edficas y se destacan en las matem\u00e1ticas.<\/p>\n\n\n\n<p><strong>\u00bfPor qu\u00e9 solicit\u00e9 participar en el proyecto?<\/strong><\/p>\n\n\n\n<p>Yo\u00a0solicit\u00e9\u00a0participar\u00a0en\u00a0el\u00a0proyecto\u00a0para\u00a0tener\u00a0un\u00a0crecimiento\u00a0profesional\u00a0enmarcado a desarrollarme como una excelente recurso por el bienestar de mis compa\u00f1eros maestros y de mi Isla Puerto Rico. Al estar en este proyecto, transcend\u00ed las barreras del sal\u00f3n de clases al poder educar a otros compa\u00f1eros sobre c\u00f3mo mejorar en sus \u00e1reas acad\u00e9micas y otras a fines a la educaci\u00f3n.<\/p>\n\n\n\n<p><strong>Portafolio<\/strong>:<\/p>\n\n\n<div class=\"wp-block-image\">\n<figure class=\"alignleft is-resized\"><a href=\"https:\/\/csmer.uprrp.edu\/wp-content\/uploads\/Lymarie-Presentacion.pdf\"><img loading=\"lazy\" decoding=\"async\" width=\"1024\" height=\"576\" src=\"https:\/\/csmer.uprrp.edu\/wp-content\/uploads\/Lymarie-Presentacion-1024x576.jpg\" alt=\"Lymarie Presentacion\" class=\"wp-image-2078\" style=\"width:470px;height:auto\" srcset=\"https:\/\/csmer.uprrp.edu\/wp-content\/uploads\/Lymarie-Presentacion-1024x576.jpg 1024w, https:\/\/csmer.uprrp.edu\/wp-content\/uploads\/Lymarie-Presentacion-300x169.jpg 300w\" sizes=\"auto, (max-width: 1024px) 100vw, 1024px\" \/><\/a><\/figure>\n<\/div>\n\n\n<p><\/p>\n","protected":false},"excerpt":{"rendered":"<p>Preparaci\u00f3n Acad\u00e9mica: Experiencia: Grado que ense\u00f1a: D\u00e9cimo grado Materia: Matem\u00e1tica Escuela: Petra\u00a0Mercado Bougart Esta escuela\u00a0superior\u00a0est\u00e1\u00a0localizada\u00a0en\u00a0el\u00a0pueblo\u00a0de\u00a0Humacao. La\u00a0misma posee\u00a0varios\u00a0programas\u00a0acad\u00e9micos\u00a0entre\u00a0los\u00a0cuales\u00a0se\u00a0encuentran\u00a0los\u00a0cursos\u00a0b\u00e1sicos y cursos electivos como danza y arte. La escuela atiende una matr\u00edcula de 558 estudiantes\u00a0con una facultad de 34 maestros. La\u00a0escuela\u00a0cuenta\u00a0con\u00a0cancha\u00a0bajo\u00a0techo y pr\u00f3ximamente\u00a0con\u00a0biblioteca electr\u00f3nica y centros de tecnolog\u00eda en Ciencia, Espa\u00f1ol e Ingl\u00e9s. Los estudiantes se distinguen en&#8230;<\/p>\n","protected":false},"author":1,"featured_media":0,"parent":1960,"menu_order":0,"comment_status":"closed","ping_status":"closed","template":"","meta":{"_kad_post_transparent":"","_kad_post_title":"","_kad_post_layout":"","_kad_post_sidebar_id":"","_kad_post_content_style":"","_kad_post_vertical_padding":"","_kad_post_feature":"","_kad_post_feature_position":"","_kad_post_header":false,"_kad_post_footer":false,"_kad_post_classname":"","footnotes":""},"class_list":["post-1964","page","type-page","status-publish","hentry"],"_links":{"self":[{"href":"https:\/\/csmer.uprrp.edu\/index.php?rest_route=\/wp\/v2\/pages\/1964","targetHints":{"allow":["GET"]}}],"collection":[{"href":"https:\/\/csmer.uprrp.edu\/index.php?rest_route=\/wp\/v2\/pages"}],"about":[{"href":"https:\/\/csmer.uprrp.edu\/index.php?rest_route=\/wp\/v2\/types\/page"}],"author":[{"embeddable":true,"href":"https:\/\/csmer.uprrp.edu\/index.php?rest_route=\/wp\/v2\/users\/1"}],"replies":[{"embeddable":true,"href":"https:\/\/csmer.uprrp.edu\/index.php?rest_route=%2Fwp%2Fv2%2Fcomments&post=1964"}],"version-history":[{"count":5,"href":"https:\/\/csmer.uprrp.edu\/index.php?rest_route=\/wp\/v2\/pages\/1964\/revisions"}],"predecessor-version":[{"id":3691,"href":"https:\/\/csmer.uprrp.edu\/index.php?rest_route=\/wp\/v2\/pages\/1964\/revisions\/3691"}],"up":[{"embeddable":true,"href":"https:\/\/csmer.uprrp.edu\/index.php?rest_route=\/wp\/v2\/pages\/1960"}],"wp:attachment":[{"href":"https:\/\/csmer.uprrp.edu\/index.php?rest_route=%2Fwp%2Fv2%2Fmedia&parent=1964"}],"curies":[{"name":"wp","href":"https:\/\/api.w.org\/{rel}","templated":true}]}}