{"id":1962,"date":"2015-02-10T12:52:36","date_gmt":"2015-02-10T16:52:36","guid":{"rendered":"http:\/\/csmer.uprrp.edu\/?page_id=1962"},"modified":"2025-02-21T11:53:05","modified_gmt":"2025-02-21T15:53:05","slug":"amabel-t-soto-guzman","status":"publish","type":"page","link":"https:\/\/csmer.uprrp.edu\/?page_id=1962","title":{"rendered":"Amabel T. Soto Guzm\u00e1n"},"content":{"rendered":"<div class=\"wp-block-image\">\n<figure class=\"aligncenter is-resized\"><img loading=\"lazy\" decoding=\"async\" width=\"300\" height=\"225\" src=\"https:\/\/csmer.uprrp.edu\/wp-content\/uploads\/IMG_1106-Amabel-300x225.jpg\" alt=\"IMG_1106 Amabel\" class=\"wp-image-2228\" style=\"width:300px;height:auto\" srcset=\"https:\/\/csmer.uprrp.edu\/wp-content\/uploads\/IMG_1106-Amabel-300x225.jpg 300w, https:\/\/csmer.uprrp.edu\/wp-content\/uploads\/IMG_1106-Amabel-1024x768.jpg 1024w, https:\/\/csmer.uprrp.edu\/wp-content\/uploads\/IMG_1106-Amabel-250x188.jpg 250w, https:\/\/csmer.uprrp.edu\/wp-content\/uploads\/IMG_1106-Amabel-550x413.jpg 550w, https:\/\/csmer.uprrp.edu\/wp-content\/uploads\/IMG_1106-Amabel-800x600.jpg 800w, https:\/\/csmer.uprrp.edu\/wp-content\/uploads\/IMG_1106-Amabel-240x180.jpg 240w, https:\/\/csmer.uprrp.edu\/wp-content\/uploads\/IMG_1106-Amabel-400x300.jpg 400w, https:\/\/csmer.uprrp.edu\/wp-content\/uploads\/IMG_1106-Amabel-667x500.jpg 667w\" sizes=\"auto, (max-width: 300px) 100vw, 300px\" \/><\/figure>\n<\/div>\n\n\n<p><strong>Preparaci\u00f3n Acad\u00e9mica<\/strong>: <\/p>\n\n\n\n<ul class=\"wp-block-list\">\n<li>BA Educaci\u00f3n Secundaria Matem\u00e1ticas, UPR R\u00edo Piedras<\/li>\n\n\n\n<li>Maestr\u00eda Curr\u00edculo Matem\u00e1ticas: Caribbean University, Carolina<\/li>\n<\/ul>\n\n\n\n<p><strong>Experiencia<\/strong>:<\/p>\n\n\n\n<ul class=\"wp-block-list\">\n<li>18 a\u00f1os de experiencia en el Departamento de Educaci\u00f3n.<\/li>\n\n\n\n<li>7 a\u00f1os de experiencia en Educaci\u00f3n Privada <\/li>\n\n\n\n<li>6 a\u00f1os de experiencia nivel universitario, National University, Recinto Rio Grande<\/li>\n<\/ul>\n\n\n\n<p><strong>Distinciones<\/strong>:<\/p>\n\n\n\n<ul class=\"wp-block-list\">\n<li>Miembro del Comit\u00e9 de Acreditaci\u00f3n y Re acreditaci\u00f3n de la escuela<\/li>\n\n\n\n<li>Presidenta del Consejo Escolar (2007-2009)<\/li>\n<\/ul>\n\n\n\n<p><strong>Grado que ense\u00f1a<\/strong>: Noveno grado<\/p>\n\n\n\n<p><strong>Materia<\/strong>: Matem\u00e1ticas <\/p>\n\n\n\n<p><strong>Escuela<\/strong>: Carmen L. Feliciano Carreras<\/p>\n\n\n\n<p>Escuela intermedia localizada en el pueblo de Rio Grande. La misma tiene una gran variedad de clubes estudiantiles: periodismo, ciencia ambiental, futuros l\u00edderes de carrera y comunidad de Am\u00e9rica, arte, coro, expresi\u00f3n corporal, aer\u00f3bicos, primeros auxilios, modelaje y refinamiento, asistente de biblioteca y seminario de vida estudiantil, entre otros. La escuela atiende una matr\u00edcula de 490 estudiantes, habiendo una facultad de 30 maestros<\/p>\n\n\n\n<p>Contamos con una planta f\u00edsica relativamente nueva con una diversidad de proyectos acad\u00e9micos y con recursos tecnol\u00f3gicos necesarios para ofrecer una educaci\u00f3n de excelencia a nuestros estudiantes. Adem\u00e1s de una facultad muy competente y comprometida con la educaci\u00f3n.<\/p>\n\n\n\n<p><strong>\u00bfPor qu\u00e9 solicit\u00e9 participar en el proyecto?<\/strong><\/p>\n\n\n\n<p>Solicit\u00e9 en el proyecto con la idea de capacitarme y desarrollar nuevas estrategias y herramientas para mejorar mi pr\u00e1ctica educativa. De esta manera ampliar mis conocimientos y poder ofrecer a mis estudiantes y colegas la oportunidad de enriquecer el proceso de ense\u00f1anza-aprendizaje con actividades innovadoras, ricas y variadas.<\/p>\n\n\n\n<p><strong>Portafolio<\/strong>:<\/p>\n\n\n<div class=\"wp-block-image\">\n<figure class=\"alignleft is-resized\"><a href=\"https:\/\/csmer.uprrp.edu\/wp-content\/uploads\/portafolio-Amabel.pdf\"><img loading=\"lazy\" decoding=\"async\" width=\"768\" height=\"1024\" src=\"https:\/\/csmer.uprrp.edu\/wp-content\/uploads\/portafolio-Amabel-768x1024.jpg\" alt=\"portafolio Amabel\" class=\"wp-image-2103\" style=\"width:333px;height:auto\" srcset=\"https:\/\/csmer.uprrp.edu\/wp-content\/uploads\/portafolio-Amabel-768x1024.jpg 768w, https:\/\/csmer.uprrp.edu\/wp-content\/uploads\/portafolio-Amabel-225x300.jpg 225w\" sizes=\"auto, (max-width: 768px) 100vw, 768px\" \/><\/a><\/figure>\n<\/div>\n\n\n<p>&nbsp;<\/p>\n","protected":false},"excerpt":{"rendered":"<p>Preparaci\u00f3n Acad\u00e9mica: Experiencia: Distinciones: Grado que ense\u00f1a: Noveno grado Materia: Matem\u00e1ticas Escuela: Carmen L. Feliciano Carreras Escuela intermedia localizada en el pueblo de Rio Grande. La misma tiene una gran variedad de clubes estudiantiles: periodismo, ciencia ambiental, futuros l\u00edderes de carrera y comunidad de Am\u00e9rica, arte, coro, expresi\u00f3n corporal, aer\u00f3bicos, primeros auxilios, modelaje y refinamiento,&#8230;<\/p>\n","protected":false},"author":1,"featured_media":0,"parent":1960,"menu_order":0,"comment_status":"closed","ping_status":"closed","template":"","meta":{"_kad_post_transparent":"","_kad_post_title":"","_kad_post_layout":"","_kad_post_sidebar_id":"","_kad_post_content_style":"","_kad_post_vertical_padding":"","_kad_post_feature":"","_kad_post_feature_position":"","_kad_post_header":false,"_kad_post_footer":false,"_kad_post_classname":"","footnotes":""},"class_list":["post-1962","page","type-page","status-publish","hentry"],"_links":{"self":[{"href":"https:\/\/csmer.uprrp.edu\/index.php?rest_route=\/wp\/v2\/pages\/1962","targetHints":{"allow":["GET"]}}],"collection":[{"href":"https:\/\/csmer.uprrp.edu\/index.php?rest_route=\/wp\/v2\/pages"}],"about":[{"href":"https:\/\/csmer.uprrp.edu\/index.php?rest_route=\/wp\/v2\/types\/page"}],"author":[{"embeddable":true,"href":"https:\/\/csmer.uprrp.edu\/index.php?rest_route=\/wp\/v2\/users\/1"}],"replies":[{"embeddable":true,"href":"https:\/\/csmer.uprrp.edu\/index.php?rest_route=%2Fwp%2Fv2%2Fcomments&post=1962"}],"version-history":[{"count":5,"href":"https:\/\/csmer.uprrp.edu\/index.php?rest_route=\/wp\/v2\/pages\/1962\/revisions"}],"predecessor-version":[{"id":3603,"href":"https:\/\/csmer.uprrp.edu\/index.php?rest_route=\/wp\/v2\/pages\/1962\/revisions\/3603"}],"up":[{"embeddable":true,"href":"https:\/\/csmer.uprrp.edu\/index.php?rest_route=\/wp\/v2\/pages\/1960"}],"wp:attachment":[{"href":"https:\/\/csmer.uprrp.edu\/index.php?rest_route=%2Fwp%2Fv2%2Fmedia&parent=1962"}],"curies":[{"name":"wp","href":"https:\/\/api.w.org\/{rel}","templated":true}]}}