{"id":1958,"date":"2015-02-10T12:50:19","date_gmt":"2015-02-10T16:50:19","guid":{"rendered":"http:\/\/csmer.uprrp.edu\/?page_id=1958"},"modified":"2025-02-21T14:23:38","modified_gmt":"2025-02-21T18:23:38","slug":"marixa-rodriguez-vega","status":"publish","type":"page","link":"https:\/\/csmer.uprrp.edu\/?page_id=1958","title":{"rendered":"Marixa Rodr\u00edguez Vega"},"content":{"rendered":"\n<p><strong>Preparaci\u00f3n Acad\u00e9mica<\/strong>:<\/p>\n\n\n\n<ul class=\"wp-block-list\">\n<li>BS-Ciencias General, Universidad: UPR-RP<\/li>\n<\/ul>\n\n\n\n<p><strong>Experiencia<\/strong>:<\/p>\n\n\n\n<ul class=\"wp-block-list\">\n<li>1 a\u00f1o en el Departamento de Educaci\u00f3n <\/li>\n\n\n\n<li>5 a\u00f1os en Proyecto AlACiMa<\/li>\n<\/ul>\n\n\n\n<p><strong>Grado que ense\u00f1a<\/strong>: S\u00e9ptimo grado<\/p>\n\n\n\n<p><strong>Materia<\/strong>: Ciencia<\/p>\n\n\n\n<p><strong>Escuela<\/strong>: Especializada de ciencias y matem\u00e1ticas: Br\u00edgida \u00c1lvarez Rodr\u00edguez<\/p>\n\n\n\n<p>Escuela Superior localizada en el pueblo de Vega Baja. La misma posee un programa acad\u00e9mico dirigido al desarrollo de destreza de Ciencias y Matem\u00e1ticas. La escuela atiende una matr\u00edcula de 480 estudiantes, habiendo una facultad de 42 maestros. <\/p>\n\n\n\n<p>Contamos con una planta f\u00edsica relativamente nueva, ubicada en un edificio hist\u00f3rico con una gran diversidad de proyectos acad\u00e9micos y organizaciones estudiantiles como Club 4H, SHPE, PRIOR (Rob\u00f3tica), ONU, AMSCA, entre otros. En adici\u00f3n, la escuela cuenta con los recursos tecnol\u00f3gicos necesarios para ofrecer una educaci\u00f3n de excelencia a nuestros estudiantes.<\/p>\n\n\n\n<p><strong>\u00bfPor qu\u00e9 solicit\u00e9 participar en el proyecto?<\/strong><\/p>\n\n\n\n<p>Porque como maestra deseo la mejor educaci\u00f3n para mis estudiantes. Programas como \u00e9ste nos ayudan a desarrollarnos como mejores profesionales de la educaci\u00f3n. Debido al ofrecimiento del programa en innovaciones, estrategias y destrezas que se refuerzan y se adquieren a trav\u00e9s de las capacitaciones. Adem\u00e1s de la oportunidad de exposici\u00f3n del trabajo realizado como producto de las herramientas brindadas enriqueciendo la experiencia de los estudiantes al igual que la del maestro y la comunidad escolar. Por estas razones decid\u00ed participar del proyecto porque crea una ganancia completa para la educaci\u00f3n ya que facilita recursos y nos ayuda a ser mejores recursos para nuestros estudiantes y pares.<\/p>\n","protected":false},"excerpt":{"rendered":"<p>Preparaci\u00f3n Acad\u00e9mica: Experiencia: Grado que ense\u00f1a: S\u00e9ptimo grado Materia: Ciencia Escuela: Especializada de ciencias y matem\u00e1ticas: Br\u00edgida \u00c1lvarez Rodr\u00edguez Escuela Superior localizada en el pueblo de Vega Baja. La misma posee un programa acad\u00e9mico dirigido al desarrollo de destreza de Ciencias y Matem\u00e1ticas. La escuela atiende una matr\u00edcula de 480 estudiantes, habiendo una facultad de&#8230;<\/p>\n","protected":false},"author":1,"featured_media":0,"parent":169,"menu_order":0,"comment_status":"closed","ping_status":"closed","template":"","meta":{"_kad_post_transparent":"","_kad_post_title":"","_kad_post_layout":"","_kad_post_sidebar_id":"","_kad_post_content_style":"","_kad_post_vertical_padding":"","_kad_post_feature":"","_kad_post_feature_position":"","_kad_post_header":false,"_kad_post_footer":false,"_kad_post_classname":"","footnotes":""},"class_list":["post-1958","page","type-page","status-publish","hentry"],"_links":{"self":[{"href":"https:\/\/csmer.uprrp.edu\/index.php?rest_route=\/wp\/v2\/pages\/1958","targetHints":{"allow":["GET"]}}],"collection":[{"href":"https:\/\/csmer.uprrp.edu\/index.php?rest_route=\/wp\/v2\/pages"}],"about":[{"href":"https:\/\/csmer.uprrp.edu\/index.php?rest_route=\/wp\/v2\/types\/page"}],"author":[{"embeddable":true,"href":"https:\/\/csmer.uprrp.edu\/index.php?rest_route=\/wp\/v2\/users\/1"}],"replies":[{"embeddable":true,"href":"https:\/\/csmer.uprrp.edu\/index.php?rest_route=%2Fwp%2Fv2%2Fcomments&post=1958"}],"version-history":[{"count":3,"href":"https:\/\/csmer.uprrp.edu\/index.php?rest_route=\/wp\/v2\/pages\/1958\/revisions"}],"predecessor-version":[{"id":3676,"href":"https:\/\/csmer.uprrp.edu\/index.php?rest_route=\/wp\/v2\/pages\/1958\/revisions\/3676"}],"up":[{"embeddable":true,"href":"https:\/\/csmer.uprrp.edu\/index.php?rest_route=\/wp\/v2\/pages\/169"}],"wp:attachment":[{"href":"https:\/\/csmer.uprrp.edu\/index.php?rest_route=%2Fwp%2Fv2%2Fmedia&parent=1958"}],"curies":[{"name":"wp","href":"https:\/\/api.w.org\/{rel}","templated":true}]}}