{"id":19,"date":"2013-03-13T14:45:23","date_gmt":"2013-03-13T18:45:23","guid":{"rendered":"http:\/\/csmer.uprrp.edu\/?page_id=19"},"modified":"2025-02-21T10:43:49","modified_gmt":"2025-02-21T14:43:49","slug":"alacima-c1-2008-2012","status":"publish","type":"page","link":"https:\/\/csmer.uprrp.edu\/?page_id=19","title":{"rendered":"AlACiMa C1 (2008-2012)"},"content":{"rendered":"<h2>Seguimiento a CRPCM: Apoderando a sus maestros recursos<\/h2>\n<p>Prop\u00f3sito:<br \/>\nApoderar a los maestros recursos del nivel intermedio y superior para que capaciten a los maestros que asisten a su Centro.<\/p>\n<p>2009-2010 &#8211; Maestros Recursos se capacitan con Profesores universitarios en las \u00e1reas de qu\u00edmica, biolog\u00eda y matem\u00e1tica. Los Maestros Recursos ofrecieron 2010-2011 estas capacitaciones en su Centro.<\/p>\n<p>2011-2013 &#8211; Maestros Recursos identifican las necesidades de desarrollo profesional y trabajan capacitaciones para atender estas necesidades en el \u00e1rea de f\u00edsica, biolog\u00eda y matem\u00e1tica.<\/p>\n","protected":false},"excerpt":{"rendered":"<p>Seguimiento a CRPCM: Apoderando a sus maestros recursos Prop\u00f3sito: Apoderar a los maestros recursos del nivel intermedio y superior para que capaciten a los maestros que asisten a su Centro. 2009-2010 &#8211; Maestros Recursos se capacitan con Profesores universitarios en las \u00e1reas de qu\u00edmica, biolog\u00eda y matem\u00e1tica. Los Maestros Recursos ofrecieron 2010-2011 estas capacitaciones en&#8230;<\/p>\n","protected":false},"author":1,"featured_media":0,"parent":0,"menu_order":6,"comment_status":"closed","ping_status":"closed","template":"","meta":{"_kad_post_transparent":"","_kad_post_title":"","_kad_post_layout":"","_kad_post_sidebar_id":"","_kad_post_content_style":"","_kad_post_vertical_padding":"","_kad_post_feature":"","_kad_post_feature_position":"","_kad_post_header":false,"_kad_post_footer":false,"_kad_post_classname":"","footnotes":""},"class_list":["post-19","page","type-page","status-publish","hentry"],"_links":{"self":[{"href":"https:\/\/csmer.uprrp.edu\/index.php?rest_route=\/wp\/v2\/pages\/19","targetHints":{"allow":["GET"]}}],"collection":[{"href":"https:\/\/csmer.uprrp.edu\/index.php?rest_route=\/wp\/v2\/pages"}],"about":[{"href":"https:\/\/csmer.uprrp.edu\/index.php?rest_route=\/wp\/v2\/types\/page"}],"author":[{"embeddable":true,"href":"https:\/\/csmer.uprrp.edu\/index.php?rest_route=\/wp\/v2\/users\/1"}],"replies":[{"embeddable":true,"href":"https:\/\/csmer.uprrp.edu\/index.php?rest_route=%2Fwp%2Fv2%2Fcomments&post=19"}],"version-history":[{"count":5,"href":"https:\/\/csmer.uprrp.edu\/index.php?rest_route=\/wp\/v2\/pages\/19\/revisions"}],"predecessor-version":[{"id":2997,"href":"https:\/\/csmer.uprrp.edu\/index.php?rest_route=\/wp\/v2\/pages\/19\/revisions\/2997"}],"wp:attachment":[{"href":"https:\/\/csmer.uprrp.edu\/index.php?rest_route=%2Fwp%2Fv2%2Fmedia&parent=19"}],"curies":[{"name":"wp","href":"https:\/\/api.w.org\/{rel}","templated":true}]}}