{"id":187,"date":"2013-06-05T11:48:53","date_gmt":"2013-06-05T15:48:53","guid":{"rendered":"http:\/\/csmer.uprrp.edu\/?page_id=187"},"modified":"2025-02-21T14:27:33","modified_gmt":"2025-02-21T18:27:33","slug":"myrna-hernandez-nieves","status":"publish","type":"page","link":"https:\/\/csmer.uprrp.edu\/?page_id=187","title":{"rendered":"Myrna Hernandez Nieves"},"content":{"rendered":"<div class=\"wp-block-image\">\n<figure class=\"aligncenter size-full is-resized\"><img loading=\"lazy\" decoding=\"async\" width=\"1013\" height=\"757\" src=\"https:\/\/csmer.uprrp.edu\/wp-content\/uploads\/myrna.jpg\" alt=\"\" class=\"wp-image-188\" style=\"width:432px;height:auto\" srcset=\"https:\/\/csmer.uprrp.edu\/wp-content\/uploads\/myrna.jpg 1013w, https:\/\/csmer.uprrp.edu\/wp-content\/uploads\/myrna-300x224.jpg 300w\" sizes=\"auto, (max-width: 1013px) 100vw, 1013px\" \/><\/figure>\n<\/div>\n\n\n<p><strong>Preparaci\u00f3n Acad\u00e9mica<\/strong>:<\/p>\n\n\n\n<ul class=\"wp-block-list\">\n<li>BA Qu\u00edmica &#8211; UPR- Rio Piedras <\/li>\n\n\n\n<li>Maestr\u00eda: Educaci\u00f3n en Ciencias, New York University<\/li>\n<\/ul>\n\n\n\n<p><strong>Experiencia<\/strong>:<\/p>\n\n\n\n<ul class=\"wp-block-list\">\n<li>25 a\u00f1os de experiencia en el Departamento de Educaci\u00f3n<\/li>\n\n\n\n<li>3.5 a\u00f1os- Colegio San Carlos<\/li>\n<\/ul>\n\n\n\n<p><strong>Distinciones<\/strong>:<\/p>\n\n\n\n<ul class=\"wp-block-list\">\n<li>Maestra distinguida de qu\u00edmica DE-PR <\/li>\n\n\n\n<li>Who\u2019s Who among American Teachers <\/li>\n\n\n\n<li>Premio de Excelencia Educativa, distrito escolar de Moca <\/li>\n\n\n\n<li>Reconocimiento por el Gobernador de P.R. 2012 como maestra distinguida, Reconocimiento como educadora distinguida por la K-Mart Corp. <\/li>\n\n\n\n<li>Seleccionada para la preparaci\u00f3n de los est\u00e1ndares de ciencia y matem\u00e1tica en Gainesville, Florida<\/li>\n<\/ul>\n\n\n\n<p><strong>Grado que ense\u00f1a<\/strong>: Und\u00e9cimo grado<\/p>\n\n\n\n<p><strong>Materia<\/strong>: Qu\u00edmica<\/p>\n\n\n\n<p><strong>Escuela<\/strong>: Catalina Morales de Flores<\/p>\n\n\n\n<p>Escuela Superior localizada en el pueblo de Moca. La misma posee varios programas acad\u00e9micos entre los cuales se encuentran cursos generales, comerciales (mercadeo, secretarial y contabilidad) y vocacionales (electricidad, electr\u00f3nica y corte y confecci\u00f3n). La escuela atiende una matr\u00edcula de 845 estudiantes, habiendo una facultad de 45 maestros. <\/p>\n\n\n\n<p>Contamos con una moderna planta f\u00edsica que consta de tres niveles. Como parte de la misma contamos con un sal\u00f3n de electricidad, uno de electr\u00f3nica y otro de corte y confecci\u00f3n. Todos ellos con los equipos y materiales necesarios para ofrecer talleres vocacionales de excelencia. En adici\u00f3n hay dos salones de computadoras para el programa de comercio y dos salones de computadora para las otras \u00e1reas acad\u00e9micas. La escuela cuenta con conexi\u00f3n de Internet y los maestros tenemos equipo tecnol\u00f3gico de vanguardia para ofrecer a nuestros estudiantes una educaci\u00f3n de excelencia de acuerdo a las exigencias del siglo 21.<\/p>\n\n\n\n<p><strong>\u00bfPor qu\u00e9 solicit\u00e9 participar en el proyecto?<\/strong><\/p>\n\n\n\n<p>Solicit\u00e9 participar en el proyecto de maestro M\u00e1ster de Ciencia ya que todo maestro debe velar por un desarrollo profesional continuo, que le permita estar a la altura de los constantes cambios que enfrenta nuestro sistema educativo. Como maestra de qu\u00edmica siempre consider\u00e9 importante tener un conocimiento amplio y actualizado de cada una de las \u00e1reas de la ciencia (biolog\u00eda, f\u00edsica, qu\u00edmica y ciencias ambientales), ya que todo maestro de ciencia deber\u00eda ser capaz de ofrecer cualquiera de los cursos, ya que en las ciencias todo acurre de manera integrada. El proyecto de maestro M\u00e1ster en Ciencia me brindaba esa oportunidad de prepararme mejor para profundizar en cada una de las \u00e1reas de las ciencias b\u00e1sicas, para un mejor entendimiento de los conceptos cient\u00edficos y de los fen\u00f3menos que ocurren a nuestro alrededor. En adici\u00f3n a las razones antes mencionadas consider\u00e9 mi participaci\u00f3n en el proyecto una oportunidad de mejorar mis pr\u00e1cticas educativas por las oportunidades de adiestramiento y equipo disponible para ofrecer cursos motivadores y pertinentes.<\/p>\n","protected":false},"excerpt":{"rendered":"<p>Preparaci\u00f3n Acad\u00e9mica: Experiencia: Distinciones: Grado que ense\u00f1a: Und\u00e9cimo grado Materia: Qu\u00edmica Escuela: Catalina Morales de Flores Escuela Superior localizada en el pueblo de Moca. La misma posee varios programas acad\u00e9micos entre los cuales se encuentran cursos generales, comerciales (mercadeo, secretarial y contabilidad) y vocacionales (electricidad, electr\u00f3nica y corte y confecci\u00f3n). La escuela atiende una matr\u00edcula&#8230;<\/p>\n","protected":false},"author":1,"featured_media":0,"parent":169,"menu_order":6,"comment_status":"closed","ping_status":"closed","template":"","meta":{"_kad_post_transparent":"","_kad_post_title":"","_kad_post_layout":"","_kad_post_sidebar_id":"","_kad_post_content_style":"","_kad_post_vertical_padding":"","_kad_post_feature":"","_kad_post_feature_position":"","_kad_post_header":false,"_kad_post_footer":false,"_kad_post_classname":"","footnotes":""},"class_list":["post-187","page","type-page","status-publish","hentry"],"_links":{"self":[{"href":"https:\/\/csmer.uprrp.edu\/index.php?rest_route=\/wp\/v2\/pages\/187","targetHints":{"allow":["GET"]}}],"collection":[{"href":"https:\/\/csmer.uprrp.edu\/index.php?rest_route=\/wp\/v2\/pages"}],"about":[{"href":"https:\/\/csmer.uprrp.edu\/index.php?rest_route=\/wp\/v2\/types\/page"}],"author":[{"embeddable":true,"href":"https:\/\/csmer.uprrp.edu\/index.php?rest_route=\/wp\/v2\/users\/1"}],"replies":[{"embeddable":true,"href":"https:\/\/csmer.uprrp.edu\/index.php?rest_route=%2Fwp%2Fv2%2Fcomments&post=187"}],"version-history":[{"count":4,"href":"https:\/\/csmer.uprrp.edu\/index.php?rest_route=\/wp\/v2\/pages\/187\/revisions"}],"predecessor-version":[{"id":3681,"href":"https:\/\/csmer.uprrp.edu\/index.php?rest_route=\/wp\/v2\/pages\/187\/revisions\/3681"}],"up":[{"embeddable":true,"href":"https:\/\/csmer.uprrp.edu\/index.php?rest_route=\/wp\/v2\/pages\/169"}],"wp:attachment":[{"href":"https:\/\/csmer.uprrp.edu\/index.php?rest_route=%2Fwp%2Fv2%2Fmedia&parent=187"}],"curies":[{"name":"wp","href":"https:\/\/api.w.org\/{rel}","templated":true}]}}