{"id":1848,"date":"2015-02-05T22:08:54","date_gmt":"2015-02-06T02:08:54","guid":{"rendered":"http:\/\/csmer.uprrp.edu\/?page_id=1848"},"modified":"2025-02-07T12:51:24","modified_gmt":"2025-02-07T16:51:24","slug":"actividades","status":"publish","type":"page","link":"https:\/\/csmer.uprrp.edu\/?page_id=1848","title":{"rendered":"Actividades"},"content":{"rendered":"\n<figure class=\"wp-block-table\"><table><thead><tr><th>Matem\u00e1tica 7-12<\/th><\/tr><\/thead><tbody><tr><td><a href=\"https:\/\/csmer.uprrp.edu\/wp-content\/uploads\/Gu+\u00a1a-del-Maestro-Teorema-de-Pitagoras.pdf\">Gu\u00eda del Maestro &#8211; Teorema de Pit\u00e1goras<\/a><\/td><\/tr><tr><td><a href=\"https:\/\/csmer.uprrp.edu\/wp-content\/uploads\/Hojas-de-trabajo-teorema-de-Pit+\u00edgoras.pdf\">Horas de Trabajo &#8211; Teorema de Pit\u00e1goras<\/a><\/td><\/tr><tr><td><a href=\"https:\/\/csmer.uprrp.edu\/wp-content\/uploads\/Gu+\u00a1a-del-Maestro-Probabilidad.pdf\">Gu\u00eda del Maestro &#8211; Probabilidad<\/a><\/td><\/tr><tr><td><a href=\"https:\/\/csmer.uprrp.edu\/wp-content\/uploads\/Hojas-de-Trabajo-Probabilidad.pdf\">Horas de Trabajo &#8211; Probabilidad<\/a><\/td><\/tr><tr><td><a href=\"https:\/\/csmer.uprrp.edu\/wp-content\/uploads\/Gu+\u00a1a-del-Maestro-Ecuaciones.pdf\">Gu\u00eda del Maestro &#8211; Ecuaciones <\/a><\/td><\/tr><tr><td><a href=\"https:\/\/csmer.uprrp.edu\/wp-content\/uploads\/Hojas-de-trabajo-de-ecuaciones.pdf\">Horas de Trabajo &#8211; Ecuaciones<\/a><\/td><\/tr><\/tbody><\/table><\/figure>\n\n\n\n<figure class=\"wp-block-table\"><table><thead><tr><th>Ciencia 7-9<\/th><\/tr><\/thead><tbody><tr><td><a href=\"https:\/\/csmer.uprrp.edu\/wp-content\/uploads\/Guia-del-estudiante-7-9-Ciencias.pdf\">Gu\u00eda del Estudiante &#8211; La verdad sobre \u00f3vulos y espermatozoides<\/a><\/td><\/tr><tr><td><a href=\"https:\/\/csmer.uprrp.edu\/wp-content\/uploads\/Guia-del-maestro-7-9-Ciencias.pdf\">Gu\u00eda del Maestro &#8211; La verdad sobre \u00f3vulos y espermatozoides<\/a><\/td><\/tr><tr><td><a href=\"https:\/\/csmer.uprrp.edu\/wp-content\/uploads\/Post-prueba.pdf\">Post Prueba<\/a><\/td><\/tr><tr><td><a href=\"https:\/\/csmer.uprrp.edu\/wp-content\/uploads\/Pre-prueba.pdf\">Pre Prueba<\/a><\/td><\/tr><tr><td><a href=\"https:\/\/csmer.uprrp.edu\/wp-content\/uploads\/Guia-del-maestro.pdf\">Gu\u00eda del Maestro &#8211; Herencia<\/a><\/td><\/tr><\/tbody><\/table><\/figure>\n\n\n\n<figure class=\"wp-block-table\"><table><thead><tr><th>Ciencia 7-12<\/th><\/tr><\/thead><tbody><tr><td><a href=\"https:\/\/csmer.uprrp.edu\/wp-content\/uploads\/Presentacion-Genetica.pdf\">Presentaci\u00f3n Gen\u00e9tica<\/a><\/td><\/tr><tr><td><a href=\"https:\/\/csmer.uprrp.edu\/wp-content\/uploads\/Anejo-Posibles-Cruces.pdf\">Anejo &#8211; Posibles Cruces<\/a><\/td><\/tr><tr><td><a href=\"https:\/\/csmer.uprrp.edu\/wp-content\/uploads\/Trabajo-Potencia-y-Maquinas-Simples.pdf\">Trabajo, Potencias y Maquinas Simples<\/a><\/td><\/tr><\/tbody><\/table><\/figure>\n","protected":false},"excerpt":{"rendered":"<p>Matem\u00e1tica 7-12 Gu\u00eda del Maestro &#8211; Teorema de Pit\u00e1goras Horas de Trabajo &#8211; Teorema de Pit\u00e1goras Gu\u00eda del Maestro &#8211; Probabilidad Horas de Trabajo &#8211; Probabilidad Gu\u00eda del Maestro &#8211; Ecuaciones Horas de Trabajo &#8211; Ecuaciones Ciencia 7-9 Gu\u00eda del Estudiante &#8211; La verdad sobre \u00f3vulos y espermatozoides Gu\u00eda del Maestro &#8211; La verdad sobre&#8230;<\/p>\n","protected":false},"author":1,"featured_media":0,"parent":19,"menu_order":0,"comment_status":"closed","ping_status":"closed","template":"","meta":{"_kad_post_transparent":"","_kad_post_title":"","_kad_post_layout":"","_kad_post_sidebar_id":"","_kad_post_content_style":"","_kad_post_vertical_padding":"","_kad_post_feature":"","_kad_post_feature_position":"","_kad_post_header":false,"_kad_post_footer":false,"_kad_post_classname":"","footnotes":""},"class_list":["post-1848","page","type-page","status-publish","hentry"],"_links":{"self":[{"href":"https:\/\/csmer.uprrp.edu\/index.php?rest_route=\/wp\/v2\/pages\/1848","targetHints":{"allow":["GET"]}}],"collection":[{"href":"https:\/\/csmer.uprrp.edu\/index.php?rest_route=\/wp\/v2\/pages"}],"about":[{"href":"https:\/\/csmer.uprrp.edu\/index.php?rest_route=\/wp\/v2\/types\/page"}],"author":[{"embeddable":true,"href":"https:\/\/csmer.uprrp.edu\/index.php?rest_route=\/wp\/v2\/users\/1"}],"replies":[{"embeddable":true,"href":"https:\/\/csmer.uprrp.edu\/index.php?rest_route=%2Fwp%2Fv2%2Fcomments&post=1848"}],"version-history":[{"count":5,"href":"https:\/\/csmer.uprrp.edu\/index.php?rest_route=\/wp\/v2\/pages\/1848\/revisions"}],"predecessor-version":[{"id":3490,"href":"https:\/\/csmer.uprrp.edu\/index.php?rest_route=\/wp\/v2\/pages\/1848\/revisions\/3490"}],"up":[{"embeddable":true,"href":"https:\/\/csmer.uprrp.edu\/index.php?rest_route=\/wp\/v2\/pages\/19"}],"wp:attachment":[{"href":"https:\/\/csmer.uprrp.edu\/index.php?rest_route=%2Fwp%2Fv2%2Fmedia&parent=1848"}],"curies":[{"name":"wp","href":"https:\/\/api.w.org\/{rel}","templated":true}]}}