{"id":184,"date":"2013-06-05T11:45:33","date_gmt":"2013-06-05T15:45:33","guid":{"rendered":"http:\/\/csmer.uprrp.edu\/?page_id=184"},"modified":"2025-04-07T11:40:24","modified_gmt":"2025-04-07T15:40:24","slug":"minnuette-rodriguez-harrison","status":"publish","type":"page","link":"https:\/\/csmer.uprrp.edu\/?page_id=184","title":{"rendered":"Minnuette Rodr\u00edguez Harrison"},"content":{"rendered":"\n<h2 class=\"wp-block-heading has-text-align-center\"><img loading=\"lazy\" decoding=\"async\" width=\"300\" height=\"225\" class=\"aligncenter size-medium wp-image-2244\" src=\"https:\/\/csmer.uprrp.edu\/wp-content\/uploads\/IMG_1116-Minnuette-300x225.jpg\" alt=\"IMG_1116 Minnuette\" srcset=\"https:\/\/csmer.uprrp.edu\/wp-content\/uploads\/IMG_1116-Minnuette-300x225.jpg 300w, https:\/\/csmer.uprrp.edu\/wp-content\/uploads\/IMG_1116-Minnuette-1024x768.jpg 1024w, https:\/\/csmer.uprrp.edu\/wp-content\/uploads\/IMG_1116-Minnuette-250x188.jpg 250w, https:\/\/csmer.uprrp.edu\/wp-content\/uploads\/IMG_1116-Minnuette-550x413.jpg 550w, https:\/\/csmer.uprrp.edu\/wp-content\/uploads\/IMG_1116-Minnuette-800x600.jpg 800w, https:\/\/csmer.uprrp.edu\/wp-content\/uploads\/IMG_1116-Minnuette-240x180.jpg 240w, https:\/\/csmer.uprrp.edu\/wp-content\/uploads\/IMG_1116-Minnuette-400x300.jpg 400w, https:\/\/csmer.uprrp.edu\/wp-content\/uploads\/IMG_1116-Minnuette-667x500.jpg 667w\" sizes=\"auto, (max-width: 300px) 100vw, 300px\" \/><\/h2>\n\n\n\n<p><strong> Preparaci\u00f3n Acad\u00e9mica: <\/strong><\/p>\n\n\n\n<ul class=\"wp-block-list\">\n<li>BA Educaci\u00f3n Secundaria con especialidad en Ciencias Generales ( 2002)&nbsp; Universidad de Puerto Rico, Recinto de R\u00edo Piedras<\/li>\n\n\n\n<li>MA Estudios Ambientales Especialidad en Educaci\u00f3n Ambiental ( 2012)&nbsp; Universidad Metropolitana<\/li>\n<\/ul>\n\n\n\n<p><strong>Experiencia<\/strong>:<\/p>\n\n\n\n<ul class=\"wp-block-list\">\n<li>11 a\u00f1os de experiencia en el Departamento de Educaci\u00f3n.<\/li>\n<\/ul>\n\n\n\n<p><strong>Distinciones<\/strong>:<\/p>\n\n\n\n<ul class=\"wp-block-list\">\n<li>Medalla de Excelencia en Educaci\u00f3n Ambiental por la Creaci\u00f3n de una Gu\u00eda Ambiental -Universidad Metropolitana (2011 \u2013 2012)<\/li>\n\n\n\n<li>Menci\u00f3n de la Creaci\u00f3n del mariposario escolar en una Eco-escuela- Eco-Schools Newsletter (2011 \u2013 2012)<\/li>\n\n\n\n<li>Menci\u00f3n del mariposario escolar en una Eco-escuela usando la Gu\u00eda Ambiental<\/li>\n\n\n\n<li>Peri\u00f3dico El Nuevo D\u00eda, P.R. (2011 \u2013 2012)<\/li>\n\n\n\n<li>Certificaci\u00f3n de Maestros M\u00e1ster de Ciencia-UPR ( 2009-2012)<\/li>\n<\/ul>\n\n\n\n<p><strong> Grado que ense\u00f1a:<\/strong> 9no al 12mo<\/p>\n\n\n\n<p><strong>Materias<\/strong>: Ciencias Terrestres, Biolog\u00eda, Qu\u00edmica, Ciencias Ambientales<\/p>\n\n\n\n<p><strong>Escuela<\/strong>: Especializada en Ballet Juli\u00e1n E. Blanco<\/p>\n\n\n\n<p>Escuela Especializada en Ballet desde quinto a duod\u00e9cimo grado localizada en la ciudad de San Juan. La misma posee varios programas acad\u00e9micos entre los cuales se encuentran los cursos generales y los cursos de especialidad en Ballet Cl\u00e1sico. La escuela atiende una matr\u00edcula de 117 estudiantes, habiendo una facultad de 19 maestros (incluye acad\u00e9micos y de especialidad).<\/p>\n\n\n\n<p>Nuestra Escuela pertenece al Programa Eco-Escuela en Puerto Rico. Nuestra misi\u00f3n es realizar actividades para fomentar la educaci\u00f3n ambiental durante todo el a\u00f1o en la escuela.<\/p>\n\n\n\n<p>Durante el a\u00f1o acad\u00e9mico 2013-2014, la escuela particip\u00f3 de la Campa\u00f1a Ambiental Internacional <i>Litter Less<\/i> con el fin de comenzar a disminuir basura en nuestra escuela.<\/p>\n\n\n\n<p>De igual forma, desde el a\u00f1o 2012 y como parte de nuestra contribuci\u00f3n a la biodiversidad, contamos con un mariposario escolar que alberga a la mariposa monarca.<\/p>\n\n\n\n<p><strong>\u00bfPor qu\u00e9 solicit\u00e9 participar en el proyecto? <\/strong><\/p>\n\n\n\n<p>Desde mis comienzos como maestra de ciencia he dise\u00f1ado mis clases con el objetivo de desarrollar en los estudiantes conceptos y destrezas b\u00e1sicas de ciencia en forma integrada y fomentando un aprendizaje significativo. Por tal raz\u00f3n, es necesario aumentar nuestros conocimientos y desarrollarnos profesionalmente. Esto nos permite ser innovadores, adoptar ideas nuevas que permitan mejorar la calidad de nuestras clases, estar a la vanguardia de los asuntos y tecnolog\u00eda de la actualidad, ser creativos, e integrar nuestras clases con otras materias, entre otros.<\/p>\n\n\n\n<p>Con mis vivencias en el campo de la educaci\u00f3n y mis conocimientos adquiridos he aprendido que cuando creamos espacios donde el estudiante aprende a la vez que descubre y construye su conocimiento, nos convertimos en gu\u00edas y modelos a seguir que facilitan a que se de este proceso.<\/p>\n","protected":false},"excerpt":{"rendered":"<p>Preparaci\u00f3n Acad\u00e9mica: Experiencia: Distinciones: Grado que ense\u00f1a: 9no al 12mo Materias: Ciencias Terrestres, Biolog\u00eda, Qu\u00edmica, Ciencias Ambientales Escuela: Especializada en Ballet Juli\u00e1n E. Blanco Escuela Especializada en Ballet desde quinto a duod\u00e9cimo grado localizada en la ciudad de San Juan. La misma posee varios programas acad\u00e9micos entre los cuales se encuentran los cursos generales y&#8230;<\/p>\n","protected":false},"author":1,"featured_media":0,"parent":169,"menu_order":5,"comment_status":"closed","ping_status":"closed","template":"","meta":{"_kad_post_transparent":"","_kad_post_title":"","_kad_post_layout":"","_kad_post_sidebar_id":"","_kad_post_content_style":"","_kad_post_vertical_padding":"","_kad_post_feature":"","_kad_post_feature_position":"","_kad_post_header":false,"_kad_post_footer":false,"_kad_post_classname":"","footnotes":""},"class_list":["post-184","page","type-page","status-publish","hentry"],"_links":{"self":[{"href":"https:\/\/csmer.uprrp.edu\/index.php?rest_route=\/wp\/v2\/pages\/184","targetHints":{"allow":["GET"]}}],"collection":[{"href":"https:\/\/csmer.uprrp.edu\/index.php?rest_route=\/wp\/v2\/pages"}],"about":[{"href":"https:\/\/csmer.uprrp.edu\/index.php?rest_route=\/wp\/v2\/types\/page"}],"author":[{"embeddable":true,"href":"https:\/\/csmer.uprrp.edu\/index.php?rest_route=\/wp\/v2\/users\/1"}],"replies":[{"embeddable":true,"href":"https:\/\/csmer.uprrp.edu\/index.php?rest_route=%2Fwp%2Fv2%2Fcomments&post=184"}],"version-history":[{"count":5,"href":"https:\/\/csmer.uprrp.edu\/index.php?rest_route=\/wp\/v2\/pages\/184\/revisions"}],"predecessor-version":[{"id":4241,"href":"https:\/\/csmer.uprrp.edu\/index.php?rest_route=\/wp\/v2\/pages\/184\/revisions\/4241"}],"up":[{"embeddable":true,"href":"https:\/\/csmer.uprrp.edu\/index.php?rest_route=\/wp\/v2\/pages\/169"}],"wp:attachment":[{"href":"https:\/\/csmer.uprrp.edu\/index.php?rest_route=%2Fwp%2Fv2%2Fmedia&parent=184"}],"curies":[{"name":"wp","href":"https:\/\/api.w.org\/{rel}","templated":true}]}}