{"id":1836,"date":"2015-02-03T20:33:26","date_gmt":"2015-02-04T00:33:26","guid":{"rendered":"http:\/\/csmer.uprrp.edu\/?page_id=1836"},"modified":"2025-09-23T11:52:21","modified_gmt":"2025-09-23T15:52:21","slug":"actividades","status":"publish","type":"page","link":"https:\/\/csmer.uprrp.edu\/?page_id=1836","title":{"rendered":"Actividades"},"content":{"rendered":"<p><strong>Actividades Fase 3:<\/strong><\/p>\n<p><strong>Marzo 2012:<\/strong><\/p>\n<p><em>Matem\u00e1ticas<\/em><\/p>\n<ul>\n<li>K-3: <a href=\"https:\/\/csmer.uprrp.edu\/wp-content\/uploads\/K-3-Mate-Mar2012-Graficando-nuestro-entorno.zip\">Graficando nuestro entorno II<\/a><\/li>\n<li>4-6: <a href=\"https:\/\/csmer.uprrp.edu\/wp-content\/uploads\/4-6-Mate-Mar2012-Decimales-II.zip\">Decimales II<\/a><\/li>\n<li>7-9: <a href=\"https:\/\/csmer.uprrp.edu\/wp-content\/uploads\/7-9-Mate-Mar2012-Los-n\u00fameros-reales.zip\">Los n\u00fameros reales<\/a><\/li>\n<\/ul>\n<p><em>Ciencias<\/em><\/p>\n<ul>\n<li>K-3: <a href=\"https:\/\/csmer.uprrp.edu\/wp-content\/uploads\/K-3-C-Mar2012-\u00a1Midiendo-masa-y-volumen.zip\">\u00a1Midiendo masa y volumen!<\/a><\/li>\n<li>4-6: <a href=\"https:\/\/csmer.uprrp.edu\/wp-content\/uploads\/4-6-C-Mar2012-Trabajemos-con-la-masa-y-el-volumen.zip\">Trabajemos con la masa y el volumen<\/a><\/li>\n<li>7-9: <a href=\"https:\/\/csmer.uprrp.edu\/wp-content\/uploads\/7-9-C-Mar2012-Informaci\u00f3n-acerca-del-h\u00edgado.zip\">Informaci\u00f3n acerca del h\u00edgado<\/a><\/li>\n<\/ul>\n<p><strong>Febrero 2012:<\/strong><\/p>\n<p><em>Matem\u00e1ticas<\/em><\/p>\n<ul>\n<li><span style=\"line-height: 19px;\">K-3: <a href=\"https:\/\/csmer.uprrp.edu\/wp-content\/uploads\/K-3-Mate-Feb2012-Graficando-nuestro-entorno.zip\">Graficando nuestro entorno<\/a><\/span><\/li>\n<li>4-6: <a style=\"font-size: revert;\" href=\"https:\/\/csmer.uprrp.edu\/wp-content\/uploads\/4-6-Mate-Feb2012-N\u00fameros-decimales.zip\">N\u00fameros decimales<\/a><\/li>\n<li>7-9: <a href=\"https:\/\/csmer.uprrp.edu\/wp-content\/uploads\/7-9-Mate-Feb2012-N\u00fameros-enteros-y-resoluci\u00f3n-de-problemas.zip\">N\u00fameros enteros y resoluci\u00f3n de problemas<\/a><\/li>\n<\/ul>\n<p><em>Ciencias<\/em><\/p>\n<ul>\n<li>K-3: <a href=\"https:\/\/csmer.uprrp.edu\/wp-content\/uploads\/K-3-C-Feb2012-\u00a1Conozcamos-los-instrumentos-de-laboratorio-su-uso-y-las-reglas-de-seguridad.zip\">\u00a1Conozcamos los instrumentos de laboratorio, su uso y las reglas de seguridad!<\/a><\/li>\n<li>4-6: <a href=\"https:\/\/csmer.uprrp.edu\/wp-content\/uploads\/4-6-C-Feb2012-Manejo-del-laboratorio-de-ciencias.zip\">Manejo del laboratorio de ciencias<\/a><\/li>\n<li>7-9: <a href=\"https:\/\/csmer.uprrp.edu\/wp-content\/uploads\/7-9-C-Feb2012-Homeostasis-y-los-sistemas-de-\u00f3rganos.zip\">Homeostasis y los sistemas de \u00f3rganos<\/a><\/li>\n<\/ul>\n","protected":false},"excerpt":{"rendered":"<p>Actividades Fase 3: Marzo 2012: Matem\u00e1ticas K-3: Graficando nuestro entorno II 4-6: Decimales II 7-9: Los n\u00fameros reales Ciencias K-3: \u00a1Midiendo masa y volumen! 4-6: Trabajemos con la masa y el volumen 7-9: Informaci\u00f3n acerca del h\u00edgado Febrero 2012: Matem\u00e1ticas K-3: Graficando nuestro entorno 4-6: N\u00fameros decimales 7-9: N\u00fameros enteros y resoluci\u00f3n de problemas Ciencias&#8230;<\/p>\n","protected":false},"author":1,"featured_media":0,"parent":935,"menu_order":0,"comment_status":"closed","ping_status":"closed","template":"","meta":{"_kad_post_transparent":"","_kad_post_title":"","_kad_post_layout":"","_kad_post_sidebar_id":"","_kad_post_content_style":"","_kad_post_vertical_padding":"","_kad_post_feature":"","_kad_post_feature_position":"","_kad_post_header":false,"_kad_post_footer":false,"_kad_post_classname":"","footnotes":""},"class_list":["post-1836","page","type-page","status-publish","hentry"],"_links":{"self":[{"href":"https:\/\/csmer.uprrp.edu\/index.php?rest_route=\/wp\/v2\/pages\/1836","targetHints":{"allow":["GET"]}}],"collection":[{"href":"https:\/\/csmer.uprrp.edu\/index.php?rest_route=\/wp\/v2\/pages"}],"about":[{"href":"https:\/\/csmer.uprrp.edu\/index.php?rest_route=\/wp\/v2\/types\/page"}],"author":[{"embeddable":true,"href":"https:\/\/csmer.uprrp.edu\/index.php?rest_route=\/wp\/v2\/users\/1"}],"replies":[{"embeddable":true,"href":"https:\/\/csmer.uprrp.edu\/index.php?rest_route=%2Fwp%2Fv2%2Fcomments&post=1836"}],"version-history":[{"count":4,"href":"https:\/\/csmer.uprrp.edu\/index.php?rest_route=\/wp\/v2\/pages\/1836\/revisions"}],"predecessor-version":[{"id":4555,"href":"https:\/\/csmer.uprrp.edu\/index.php?rest_route=\/wp\/v2\/pages\/1836\/revisions\/4555"}],"up":[{"embeddable":true,"href":"https:\/\/csmer.uprrp.edu\/index.php?rest_route=\/wp\/v2\/pages\/935"}],"wp:attachment":[{"href":"https:\/\/csmer.uprrp.edu\/index.php?rest_route=%2Fwp%2Fv2%2Fmedia&parent=1836"}],"curies":[{"name":"wp","href":"https:\/\/api.w.org\/{rel}","templated":true}]}}