{"id":1826,"date":"2015-02-03T20:28:09","date_gmt":"2015-02-04T00:28:09","guid":{"rendered":"http:\/\/csmer.uprrp.edu\/?page_id=1826"},"modified":"2024-12-03T12:43:07","modified_gmt":"2024-12-03T16:43:07","slug":"actividades","status":"publish","type":"page","link":"https:\/\/csmer.uprrp.edu\/?page_id=1826","title":{"rendered":"Actividades"},"content":{"rendered":"<p><strong>Archivo Fase 2:<\/strong><\/p>\n<p><strong>Verano 2012:<\/strong><\/p>\n<ul>\n<li>Matem\u00e1tica K-3:<strong> <\/strong><a href=\"https:\/\/csmer.uprrp.edu\/wp-content\/uploads\/k-3-mate-N\u00fameros-a-mi-alrededor.zip\">N\u00fameros a mi alrededor<\/a><a href=\"https:\/\/csmer.uprrp.edu\/wp-content\/uploads\/Matematicas-K-3-Feb-2013-\u00bfQU\u00c9-VALOR-TENGO.zip\"><br \/>\n<\/a><\/li>\n<li>Matem\u00e1tica 4-6: <a href=\"https:\/\/csmer.uprrp.edu\/wp-content\/uploads\/4-6-mate-A-conocer-de-Fracciones.zip\">A conocer de Fracciones<\/a><a href=\"https:\/\/csmer.uprrp.edu\/wp-content\/uploads\/Matematicas-4-6-Feb-2013-\u00c1rea-de-Superficie-II2.zip\"><br \/>\n<\/a><\/li>\n<li>Matem\u00e1tica 7-9: <a href=\"https:\/\/csmer.uprrp.edu\/wp-content\/uploads\/7-9-mate-Somos-cuadril\u00e1teros-nos-parecemos-pero-somos-diferentes.zip\">Somos cuadril\u00e1teros, nos parecemos pero somos diferentes<\/a><a href=\"https:\/\/csmer.uprrp.edu\/wp-content\/uploads\/Matematicas-7-9-Feb-2013-Probabilidad.zip\"><br \/>\n<\/a><\/li>\n<li>Ciencia K-3: <a href=\"https:\/\/csmer.uprrp.edu\/wp-content\/uploads\/k-3-cs-Las-Plantas-estructura-funci\u00f3n.zip\">Las Plantas estructura-funci\u00f3n<\/a><a href=\"https:\/\/csmer.uprrp.edu\/wp-content\/uploads\/Ciencias-K-3-Feb-2013-Parque-bucal-Donde-todo-ni\u00f1o-sale-con-una-sonrisa.zip\"><br \/>\n<\/a><\/li>\n<li>Ciencia 4-6: <a href=\"https:\/\/csmer.uprrp.edu\/wp-content\/uploads\/4-6-cs-Una-F\u00e1brica-Llamada-C\u00e9lula.zip\">Una F\u00e1brica Llamada C\u00e9lula<\/a><a href=\"https:\/\/csmer.uprrp.edu\/wp-content\/uploads\/Ciencias-4-6-Feb-2013-El-sistema-m\u00fasculo-esqueletal-Sost\u00e9n-y-movilidad.zip\"><br \/>\n<\/a><\/li>\n<li>Ciencia 7-9: <a href=\"https:\/\/csmer.uprrp.edu\/wp-content\/uploads\/7-9-cs-El-ciclo-del-carbono.zip\">El ciclo del carbono<\/a><a href=\"https:\/\/csmer.uprrp.edu\/wp-content\/uploads\/Ciencias-7-9-Feb-2013-La-mol\u00e9cula-de-ADN.zip\"><br \/>\n<\/a><\/li>\n<\/ul>\n<p><strong>Abril 2011:<\/strong><\/p>\n<ul>\n<li>Matem\u00e1tica K-3: <a href=\"https:\/\/csmer.uprrp.edu\/wp-content\/uploads\/k-3-mate-Tiempo-y-Dinero1.zip\">Tiempo y Dinero<\/a><a href=\"https:\/\/csmer.uprrp.edu\/wp-content\/uploads\/Matematicas-K-3-Feb-2013-\u00bfQU\u00c9-VALOR-TENGO.zip\"><br \/>\n<\/a><\/li>\n<li>Matem\u00e1tica 4-6: <a href=\"https:\/\/csmer.uprrp.edu\/wp-content\/uploads\/4-6-mate-Relaciones-num\u00e9ricas.zip\">Relaciones num\u00e9ricas<\/a><a href=\"https:\/\/csmer.uprrp.edu\/wp-content\/uploads\/Matematicas-4-6-Feb-2013-\u00c1rea-de-Superficie-II2.zip\"><br \/>\n<\/a><\/li>\n<li>Matem\u00e1tica 7-9: <a href=\"https:\/\/csmer.uprrp.edu\/wp-content\/uploads\/7-9-mate-Comunidad-de-factores-rectangulares.zip\">Comunidad de factores rectangulares<\/a><a href=\"https:\/\/csmer.uprrp.edu\/wp-content\/uploads\/Matematicas-7-9-Feb-2013-Probabilidad.zip\"><br \/>\n<\/a><\/li>\n<li>Ciencia K-3: <a href=\"https:\/\/csmer.uprrp.edu\/wp-content\/uploads\/k-3-cs-\u00a1M\u00e1s-all\u00e1-de-las-nubes1.zip\">\u00a1M\u00e1s all\u00e1 de las nubes!<\/a><a href=\"https:\/\/csmer.uprrp.edu\/wp-content\/uploads\/Ciencias-K-3-Feb-2013-Parque-bucal-Donde-todo-ni\u00f1o-sale-con-una-sonrisa.zip\"><br \/>\n<\/a><\/li>\n<li>Ciencia 4-6: <a href=\"https:\/\/csmer.uprrp.edu\/wp-content\/uploads\/4-6-cs-Si-no-me-adapto-pierdo\u2026.zip\">Si no me adapto, pierdo\u2026<\/a><a href=\"https:\/\/csmer.uprrp.edu\/wp-content\/uploads\/Ciencias-4-6-Feb-2013-El-sistema-m\u00fasculo-esqueletal-Sost\u00e9n-y-movilidad.zip\"><br \/>\n<\/a><\/li>\n<li>Ciencia 7-9: <a href=\"https:\/\/csmer.uprrp.edu\/wp-content\/uploads\/7-9-cs-Estudiando-la-materia-y-su-estructura-II.zip\">Estudiando la materia y su estructura II<\/a><\/li>\n<\/ul>\n<p><strong>Febrero 2011:<\/strong><\/p>\n<ul>\n<li>Matem\u00e1tica K-3:<strong> <\/strong><a href=\"https:\/\/csmer.uprrp.edu\/wp-content\/uploads\/k-3-mate-Tiempo-y-Dinero1.zip\">Tiempo y Dinero<\/a><a href=\"https:\/\/csmer.uprrp.edu\/wp-content\/uploads\/Matematicas-K-3-Feb-2013-\u00bfQU\u00c9-VALOR-TENGO.zip\"><br \/>\n<\/a><\/li>\n<li>Matem\u00e1tica 4-6: <a href=\"https:\/\/csmer.uprrp.edu\/wp-content\/uploads\/4-6-mate-Conozcamos-m\u00e1s-de-patrones.zip\">Conozcamos m\u00e1s de patrones<\/a><a href=\"https:\/\/csmer.uprrp.edu\/wp-content\/uploads\/Matematicas-4-6-Feb-2013-\u00c1rea-de-Superficie-II2.zip\"><br \/>\n<\/a><\/li>\n<li>Matem\u00e1tica 7-9: <a href=\"https:\/\/csmer.uprrp.edu\/wp-content\/uploads\/7-9-mate-Nos-vamos-de-viaje.zip\">Nos vamos de viaje<\/a><a href=\"https:\/\/csmer.uprrp.edu\/wp-content\/uploads\/Matematicas-7-9-Feb-2013-Probabilidad.zip\"><br \/>\n<\/a><\/li>\n<li>Ciencia K-3: <a href=\"https:\/\/csmer.uprrp.edu\/wp-content\/uploads\/k-3-cs-\u00a1M\u00e1s-all\u00e1-de-las-nubes1.zip\">\u00a1M\u00e1s all\u00e1 de las nubes!<\/a><a href=\"https:\/\/csmer.uprrp.edu\/wp-content\/uploads\/Ciencias-K-3-Feb-2013-Parque-bucal-Donde-todo-ni\u00f1o-sale-con-una-sonrisa.zip\"><br \/>\n<\/a><\/li>\n<li>Ciencia 4-6: <a href=\"https:\/\/csmer.uprrp.edu\/wp-content\/uploads\/4-6-cs-Las-interacciones-de-los-organismos-en-diferentes-ecosistemas.zip\">Las interacciones de los organismos en diferentes ecosistemas<\/a><a href=\"https:\/\/csmer.uprrp.edu\/wp-content\/uploads\/Ciencias-4-6-Feb-2013-El-sistema-m\u00fasculo-esqueletal-Sost\u00e9n-y-movilidad.zip\"><br \/>\n<\/a><\/li>\n<li>Ciencia 7-9: <a href=\"https:\/\/csmer.uprrp.edu\/wp-content\/uploads\/7-9-cs-Estudiando-la-materia-y-su-estructura.zip\">Estudiando la materia y su estructura<\/a><\/li>\n<\/ul>\n<p><strong>Diciembre 2010:<\/strong><\/p>\n<ul>\n<li>Matem\u00e1tica K-3: <a href=\"https:\/\/csmer.uprrp.edu\/wp-content\/uploads\/k-3-mate-Midiendo-nos-divertimos.zip\">Midiendo nos divertimos<\/a><a href=\"https:\/\/csmer.uprrp.edu\/wp-content\/uploads\/Matematicas-K-3-Feb-2013-\u00bfQU\u00c9-VALOR-TENGO.zip\"><br \/>\n<\/a><\/li>\n<li>Matem\u00e1tica 4-6: <a href=\"https:\/\/csmer.uprrp.edu\/wp-content\/uploads\/4-6-mate-Transformaciones-de-figuras.zip\">Transformaciones de figuras<\/a><a href=\"https:\/\/csmer.uprrp.edu\/wp-content\/uploads\/Matematicas-4-6-Feb-2013-\u00c1rea-de-Superficie-II2.zip\"><br \/>\n<\/a><\/li>\n<li>Matem\u00e1tica 7-9: <a href=\"https:\/\/csmer.uprrp.edu\/wp-content\/uploads\/7-9-mate-Estirando-los-chavitos-y-algo-m\u00e1s.zip\">Estirando los chavitos y algo m\u00e1s<\/a><a href=\"https:\/\/csmer.uprrp.edu\/wp-content\/uploads\/Matematicas-7-9-Feb-2013-Probabilidad.zip\"><br \/>\n<\/a><\/li>\n<li>Ciencia K-3: <a href=\"https:\/\/csmer.uprrp.edu\/wp-content\/uploads\/k-3-cs-\u00a1A-medir-se-ha-dicho.zip\">\u00a1A medir se ha dicho!<\/a><a href=\"https:\/\/csmer.uprrp.edu\/wp-content\/uploads\/Ciencias-K-3-Feb-2013-Parque-bucal-Donde-todo-ni\u00f1o-sale-con-una-sonrisa.zip\"><br \/>\n<\/a><\/li>\n<li>Ciencia 4-6: <a href=\"https:\/\/csmer.uprrp.edu\/wp-content\/uploads\/4-6-cs-El-sube-y-baja-de-la-superficie-de-Puerto-Rico.zip\">El sube y baja de la superficie de Puerto Rico<\/a><a href=\"https:\/\/csmer.uprrp.edu\/wp-content\/uploads\/Ciencias-4-6-Feb-2013-El-sistema-m\u00fasculo-esqueletal-Sost\u00e9n-y-movilidad.zip\"><br \/>\n<\/a><\/li>\n<li>Ciencia 7-9: <a href=\"https:\/\/csmer.uprrp.edu\/wp-content\/uploads\/7-9-cs-Estudio-de-la-din\u00e1mica-Utilizando-la-fuerza-y-la-masa.zip\">Estudio de la din\u00e1mica: Utilizando la fuerza y la masa<\/a><\/li>\n<\/ul>\n<p><strong>Octubre 2010:<\/strong><\/p>\n<ul>\n<li>Matem\u00e1tica K-3:<strong> <\/strong><a href=\"https:\/\/csmer.uprrp.edu\/wp-content\/uploads\/k-3-mate-Patrones-y-Gr\u00e1ficas.zip\">Patrones y Gr\u00e1ficas<\/a><a href=\"https:\/\/csmer.uprrp.edu\/wp-content\/uploads\/Matematicas-K-3-Feb-2013-\u00bfQU\u00c9-VALOR-TENGO.zip\"><br \/>\n<\/a><\/li>\n<li>Matem\u00e1tica 4-6: <a href=\"https:\/\/csmer.uprrp.edu\/wp-content\/uploads\/4-6-mate-De-lo-tridimensional-a-lo-plano.zip\">De lo tridimensional a lo plano<\/a><a href=\"https:\/\/csmer.uprrp.edu\/wp-content\/uploads\/Matematicas-4-6-Feb-2013-\u00c1rea-de-Superficie-II2.zip\"><br \/>\n<\/a><\/li>\n<li>Matem\u00e1tica 7-9: <a href=\"https:\/\/csmer.uprrp.edu\/wp-content\/uploads\/7-9-mate-Relaciones-funciones-y-algo-m\u00e1s\u2026.zip\">Relaciones, funciones y algo m\u00e1s\u2026<\/a><a href=\"https:\/\/csmer.uprrp.edu\/wp-content\/uploads\/Matematicas-7-9-Feb-2013-Probabilidad.zip\"><br \/>\n<\/a><\/li>\n<li>Ciencia K-3: <a href=\"https:\/\/csmer.uprrp.edu\/wp-content\/uploads\/k-3-cs-\u00a1Mu\u00e9velo-mu\u00e9velo-con-fuerza.zip\">\u00a1Mu\u00e9velo, mu\u00e9velo con fuerza!<\/a><a href=\"https:\/\/csmer.uprrp.edu\/wp-content\/uploads\/Ciencias-K-3-Feb-2013-Parque-bucal-Donde-todo-ni\u00f1o-sale-con-una-sonrisa.zip\"><br \/>\n<\/a><\/li>\n<li>Ciencia 4-6: <a href=\"https:\/\/csmer.uprrp.edu\/wp-content\/uploads\/4-6-cs-El-efecto-invernadero-\u00bfnecesario-o-problem\u00e1tico.rar\">El efecto invernadero, \u00bfnecesario o problem\u00e1tico?<\/a><\/li>\n<li>Ciencia 7-9: <a href=\"https:\/\/csmer.uprrp.edu\/wp-content\/uploads\/7-9-cs-Describiendo-el-movimiento-Estudio-de-la-cinem\u00e1tica-Parte-II.zip\">Describiendo el movimiento: Estudio de la cinem\u00e1tica-Parte II<\/a><\/li>\n<\/ul>\n<p><strong>Septiembre 2010:<\/strong><\/p>\n<ul>\n<li>Matem\u00e1tica K-3: <a href=\"https:\/\/csmer.uprrp.edu\/wp-content\/uploads\/k-3-mate-Tiempo-y-Dinero.zip\">Tiempo y Dinero<\/a><a href=\"https:\/\/csmer.uprrp.edu\/wp-content\/uploads\/Matematicas-K-3-Feb-2013-\u00bfQU\u00c9-VALOR-TENGO.zip\"><br \/>\n<\/a><\/li>\n<li>Matem\u00e1tica 4-6: <a href=\"https:\/\/csmer.uprrp.edu\/wp-content\/uploads\/4-6-mate-El-mundo-3D.zip\">El mundo 3D<\/a><a href=\"https:\/\/csmer.uprrp.edu\/wp-content\/uploads\/Matematicas-4-6-Feb-2013-\u00c1rea-de-Superficie-II2.zip\"><br \/>\n<\/a><\/li>\n<li>Matem\u00e1tica 7-9: <a href=\"https:\/\/csmer.uprrp.edu\/wp-content\/uploads\/7-9-mate-Fideos-m\u00e9tricos.zip\">Fideos m\u00e9tricos<\/a><a href=\"https:\/\/csmer.uprrp.edu\/wp-content\/uploads\/Matematicas-7-9-Feb-2013-Probabilidad.zip\"><br \/>\n<\/a><\/li>\n<li>Ciencia K-3: <a href=\"https:\/\/csmer.uprrp.edu\/wp-content\/uploads\/k-3-cs-\u00a1M\u00e1s-all\u00e1-de-las-nubes.zip\">\u00a1M\u00e1s all\u00e1 de las nubes!<\/a><a href=\"https:\/\/csmer.uprrp.edu\/wp-content\/uploads\/Ciencias-K-3-Feb-2013-Parque-bucal-Donde-todo-ni\u00f1o-sale-con-una-sonrisa.zip\"><br \/>\n<\/a><\/li>\n<li>Ciencia 4-6: <a href=\"https:\/\/csmer.uprrp.edu\/wp-content\/uploads\/4-6-cs-El-calentamiento-terrestre.zip\">El calentamiento terrestre<\/a><a href=\"https:\/\/csmer.uprrp.edu\/wp-content\/uploads\/Ciencias-4-6-Feb-2013-El-sistema-m\u00fasculo-esqueletal-Sost\u00e9n-y-movilidad.zip\"><br \/>\n<\/a><\/li>\n<li>Ciencia 7-9: <a href=\"https:\/\/csmer.uprrp.edu\/wp-content\/uploads\/7-9-cs-Describiendo-el-movimiento-Estudio-de-la-cinem\u00e1tica-Parte-I.zip\">Describiendo el movimiento: Estudio de la cinem\u00e1tica-Parte I<\/a><\/li>\n<\/ul>\n","protected":false},"excerpt":{"rendered":"<p>Archivo Fase 2: Verano 2012: Matem\u00e1tica K-3: N\u00fameros a mi alrededor Matem\u00e1tica 4-6: A conocer de Fracciones Matem\u00e1tica 7-9: Somos cuadril\u00e1teros, nos parecemos pero somos diferentes Ciencia K-3: Las Plantas estructura-funci\u00f3n Ciencia 4-6: Una F\u00e1brica Llamada C\u00e9lula Ciencia 7-9: El ciclo del carbono Abril 2011: Matem\u00e1tica K-3: Tiempo y Dinero Matem\u00e1tica 4-6: Relaciones num\u00e9ricas Matem\u00e1tica&#8230;<\/p>\n","protected":false},"author":1,"featured_media":0,"parent":1279,"menu_order":0,"comment_status":"closed","ping_status":"closed","template":"","meta":{"_kad_post_transparent":"","_kad_post_title":"","_kad_post_layout":"","_kad_post_sidebar_id":"","_kad_post_content_style":"","_kad_post_vertical_padding":"","_kad_post_feature":"","_kad_post_feature_position":"","_kad_post_header":false,"_kad_post_footer":false,"_kad_post_classname":"","footnotes":""},"class_list":["post-1826","page","type-page","status-publish","hentry"],"_links":{"self":[{"href":"https:\/\/csmer.uprrp.edu\/index.php?rest_route=\/wp\/v2\/pages\/1826","targetHints":{"allow":["GET"]}}],"collection":[{"href":"https:\/\/csmer.uprrp.edu\/index.php?rest_route=\/wp\/v2\/pages"}],"about":[{"href":"https:\/\/csmer.uprrp.edu\/index.php?rest_route=\/wp\/v2\/types\/page"}],"author":[{"embeddable":true,"href":"https:\/\/csmer.uprrp.edu\/index.php?rest_route=\/wp\/v2\/users\/1"}],"replies":[{"embeddable":true,"href":"https:\/\/csmer.uprrp.edu\/index.php?rest_route=%2Fwp%2Fv2%2Fcomments&post=1826"}],"version-history":[{"count":4,"href":"https:\/\/csmer.uprrp.edu\/index.php?rest_route=\/wp\/v2\/pages\/1826\/revisions"}],"predecessor-version":[{"id":3065,"href":"https:\/\/csmer.uprrp.edu\/index.php?rest_route=\/wp\/v2\/pages\/1826\/revisions\/3065"}],"up":[{"embeddable":true,"href":"https:\/\/csmer.uprrp.edu\/index.php?rest_route=\/wp\/v2\/pages\/1279"}],"wp:attachment":[{"href":"https:\/\/csmer.uprrp.edu\/index.php?rest_route=%2Fwp%2Fv2%2Fmedia&parent=1826"}],"curies":[{"name":"wp","href":"https:\/\/api.w.org\/{rel}","templated":true}]}}