{"id":181,"date":"2013-06-05T11:43:17","date_gmt":"2013-06-05T15:43:17","guid":{"rendered":"http:\/\/csmer.uprrp.edu\/?page_id=181"},"modified":"2025-02-21T14:20:49","modified_gmt":"2025-02-21T18:20:49","slug":"maria-ortiz","status":"publish","type":"page","link":"https:\/\/csmer.uprrp.edu\/?page_id=181","title":{"rendered":"Mar\u00eda Ortiz"},"content":{"rendered":"<div class=\"wp-block-image\">\n<figure class=\"aligncenter is-resized\"><img loading=\"lazy\" decoding=\"async\" width=\"300\" height=\"237\" src=\"https:\/\/csmer.uprrp.edu\/wp-content\/uploads\/FullSizeRender-300x237.jpg\" alt=\"FullSizeRender\" class=\"wp-image-2265\" style=\"width:374px;height:auto\" srcset=\"https:\/\/csmer.uprrp.edu\/wp-content\/uploads\/FullSizeRender-300x237.jpg 300w, https:\/\/csmer.uprrp.edu\/wp-content\/uploads\/FullSizeRender-1024x807.jpg 1024w, https:\/\/csmer.uprrp.edu\/wp-content\/uploads\/FullSizeRender-250x197.jpg 250w, https:\/\/csmer.uprrp.edu\/wp-content\/uploads\/FullSizeRender-550x434.jpg 550w, https:\/\/csmer.uprrp.edu\/wp-content\/uploads\/FullSizeRender-800x631.jpg 800w, https:\/\/csmer.uprrp.edu\/wp-content\/uploads\/FullSizeRender-228x180.jpg 228w, https:\/\/csmer.uprrp.edu\/wp-content\/uploads\/FullSizeRender-381x300.jpg 381w, https:\/\/csmer.uprrp.edu\/wp-content\/uploads\/FullSizeRender-634x500.jpg 634w, https:\/\/csmer.uprrp.edu\/wp-content\/uploads\/FullSizeRender.jpg 1172w\" sizes=\"auto, (max-width: 300px) 100vw, 300px\" \/><\/figure>\n<\/div>\n\n\n<p><strong>Preparaci\u00f3n Acad\u00e9mica<\/strong>:<\/p>\n\n\n\n<ul class=\"wp-block-list\">\n<li>Bachillerato en Biolog\u00eda, Facultad de Ciencias Naturales, UPR \u2013 Rio Piedras <\/li>\n\n\n\n<li>Bachillerato en Ciencia General, Facultad de Educaci\u00f3n, UPR \u2013 Rio Piedras <\/li>\n\n\n\n<li>Maestr\u00eda en Ciencias Ambientales con especialidad en Manejo Ambiental, Facultad de Ciencias y Tecnolog\u00eda, Universidad del Turabo, Gurabo, P.R.<\/li>\n<\/ul>\n\n\n\n<p><strong>Experiencia<\/strong>:<\/p>\n\n\n\n<ul class=\"wp-block-list\">\n<li>17 a\u00f1os de experiencia en el Departamento de Educaci\u00f3n.<\/li>\n\n\n\n<li>4 a\u00f1os de experiencia en el Colegio Notre Dame Superior en Caguas <\/li>\n\n\n\n<li>3 a\u00f1os de experiencia en el Colegio Bautista de Gurabo<\/li>\n<\/ul>\n\n\n\n<p><strong>Distinciones<\/strong>:<\/p>\n\n\n\n<ul class=\"wp-block-list\">\n<li>Medalla \u201cMagna Cum Laude\u201d en Bachillerato de Biolog\u00eda UPR-RP (1984) <\/li>\n\n\n\n<li>\u201cStudent Travel Grant Award\u201d, Universidad del Turabo, Gurabo (2007) <\/li>\n\n\n\n<li>Medalla de Excelencia Acad\u00e9mica en Maestr\u00eda de Ciencias Ambientales, Universidad del Turabo, Gurabo (2008) <\/li>\n\n\n\n<li>Publicaci\u00f3n de la Investigaci\u00f3n en acci\u00f3n &#8211; Uso de \u201cPhoto Story 3 for Windows\u201d para mejorar el aprovechamiento acad\u00e9mico de estudiantes de educaci\u00f3n especial en las destrezas de comprensi\u00f3n de lectura y escritura en la clase de ciencias. (2014) <\/li>\n\n\n\n<li>http:\/\/cie.uprrp.edu\/congreso\/2013\/ortizhernandez.html <\/li>\n\n\n\n<li>Presentaci\u00f3n de la investigaci\u00f3n en acci\u00f3n &#8211; Utilizando el Proyecto Escolar \u201cEduca, Act\u00faa y Vive\u201d, para mejorar la comprensi\u00f3n de los ciclos de carbono y nitr\u00f3geno. NSTA, National Conference on Science Education, Boston. (2014) <\/li>\n<\/ul>\n\n\n\n<p><\/p>\n\n\n\n<ul class=\"wp-block-list\">\n<li>Presentaci\u00f3n de la investigaci\u00f3n en acci\u00f3n &#8211; Uso de \u201cPhoto Story 3 for Windows\u201d para mejorar el aprovechamiento acad\u00e9mico de estudiantes de educaci\u00f3n especial en las destrezas de comprensi\u00f3n de lectura y escritura en la clase de ciencias. XII Congreso Puertorrique\u00f1o de Investigaci\u00f3n en la Educaci\u00f3n, UPR- RP (2013) <\/li>\n\n\n\n<li>Certificaci\u00f3n de Maestra M\u00e1ster de Ciencias- UPR, R\u00edo Piedras (2012)<\/li>\n\n\n\n<li>Presentaci\u00f3n de la investigaci\u00f3n en acci\u00f3n &#8211; Uso de \u201cPhoto Story 3 for Windows\u201d para mejorar el aprovechamiento acad\u00e9mico de estudiantes de Educaci\u00f3n especial en las destrezas de comprensi\u00f3n de lectura y escritura en la clase de ciencias. NSTA, National Conference on Science Education, Indianapolis. (2012) <\/li>\n\n\n\n<li>Presentaci\u00f3n de la investigaci\u00f3n de maestr\u00eda &#8211; \u201cComunidades microbianas presentes en la hojarasca en diferentes estados de descomposici\u00f3n con o sin la abertura del dosel y la deposici\u00f3n del detrito\u201d Reuni\u00f3n General 107 de la Sociedad Americana de Microbiolog\u00eda, Toronto, Canad\u00e1. (2007) <\/li>\n\n\n\n<li>Maestra L\u00edder del Proyecto Escuelas en Transformaci\u00f3n, Escuela Generoso E. Morales Mu\u00f1oz, San Lorenzo, PR (2007) <\/li>\n\n\n\n<li>Representar al Proyecto Escuelas en Transformaci\u00f3n en Conferencia de la Sociedad Internacional de Tecnolog\u00eda en Educaci\u00f3n (ISTE), Atlanta. (2007) <\/li>\n\n\n\n<li>The Great Nature Project de la National Geographic public\u00f3 unas fotos. \u00a0<a href=\"https:\/\/csmer.uprrp.edu\/?p=2371\">Mas informaci\u00f3n aqu\u00ed.<\/a><\/li>\n<\/ul>\n\n\n\n<p><strong>Grado que ense\u00f1a<\/strong>: S\u00e9ptimo a Noveno grado<\/p>\n\n\n\n<p><strong>Materia<\/strong>: Ciencia<\/p>\n\n\n\n<p><strong>Escuela<\/strong>: Generoso E. Morales Mu\u00f1oz<\/p>\n\n\n\n<p>Escuela Intermedia urbana localizada en el pueblo de San Lorenzo, P. R. La misma posee varios programas acad\u00e9micos entre los cuales se encuentran cursos generales y pre-vocacionales (Econom\u00eda Dom\u00e9stica y Artes Industriales). La escuela atiende una matr\u00edcula de 478 estudiantes, habiendo una facultad de 39 maestros. <\/p>\n\n\n\n<p>Contamos con una facultad altamente cualificada que participan de proyectos acad\u00e9micos en los que integran recursos tecnol\u00f3gicos y estrategias educativas necesarias para ofrecer una educaci\u00f3n de excelencia a nuestros estudiantes. Adem\u00e1s, nuestros estudiantes se han distinguido por ejecutorias acad\u00e9micas, deportivas y en el caso de los estudiantes del Programa de Pre- vocacional, \u00e9stos han logrado obtener el primer lugar durante varios a\u00f1os consecutivos en las competencias nacionales de dise\u00f1o, construcci\u00f3n y pintura de autos de madera.<\/p>\n\n\n\n<p><strong>\u00bfPor qu\u00e9 solicit\u00e9 participar en el proyecto?<\/strong><\/p>\n\n\n\n<p>La vida nos ofrece continuamente diversas oportunidades para enriquecer nuestra existencia y nosotros debemos luchar y valorar esas oportunidades. La experiencia de desarrollo profesional que me brindaba este proyecto era tan enriquecedora que todo maestro que estuviera comprometido con la educaci\u00f3n de sus estudiantes deb\u00eda buscar ser considerado para participar de \u00e9sta. Amo mi profesi\u00f3n y siempre he sentido la responsabilidad y el firme compromiso de buscar la manera de mejorar el proceso de ense\u00f1anza \u2013 aprendizaje en mis estudiantes, que en principio son nuestra raz\u00f3n de ser. El reto estuvo y decid\u00ed enfrentarlo. En resumen, decid\u00ed participar de este proyecto porque me permitir\u00eda continuar laborando en pos de mejorar la calidad de la educaci\u00f3n puertorrique\u00f1a, ya sea sirviendo de recurso a mis estudiantes o a mis compa\u00f1eros maestros.<\/p>\n","protected":false},"excerpt":{"rendered":"<p>Preparaci\u00f3n Acad\u00e9mica: Experiencia: Distinciones: Grado que ense\u00f1a: S\u00e9ptimo a Noveno grado Materia: Ciencia Escuela: Generoso E. Morales Mu\u00f1oz Escuela Intermedia urbana localizada en el pueblo de San Lorenzo, P. R. La misma posee varios programas acad\u00e9micos entre los cuales se encuentran cursos generales y pre-vocacionales (Econom\u00eda Dom\u00e9stica y Artes Industriales). La escuela atiende una matr\u00edcula&#8230;<\/p>\n","protected":false},"author":1,"featured_media":0,"parent":169,"menu_order":4,"comment_status":"closed","ping_status":"closed","template":"","meta":{"_kad_post_transparent":"","_kad_post_title":"","_kad_post_layout":"","_kad_post_sidebar_id":"","_kad_post_content_style":"","_kad_post_vertical_padding":"","_kad_post_feature":"","_kad_post_feature_position":"","_kad_post_header":false,"_kad_post_footer":false,"_kad_post_classname":"","footnotes":""},"class_list":["post-181","page","type-page","status-publish","hentry"],"_links":{"self":[{"href":"https:\/\/csmer.uprrp.edu\/index.php?rest_route=\/wp\/v2\/pages\/181","targetHints":{"allow":["GET"]}}],"collection":[{"href":"https:\/\/csmer.uprrp.edu\/index.php?rest_route=\/wp\/v2\/pages"}],"about":[{"href":"https:\/\/csmer.uprrp.edu\/index.php?rest_route=\/wp\/v2\/types\/page"}],"author":[{"embeddable":true,"href":"https:\/\/csmer.uprrp.edu\/index.php?rest_route=\/wp\/v2\/users\/1"}],"replies":[{"embeddable":true,"href":"https:\/\/csmer.uprrp.edu\/index.php?rest_route=%2Fwp%2Fv2%2Fcomments&post=181"}],"version-history":[{"count":4,"href":"https:\/\/csmer.uprrp.edu\/index.php?rest_route=\/wp\/v2\/pages\/181\/revisions"}],"predecessor-version":[{"id":3674,"href":"https:\/\/csmer.uprrp.edu\/index.php?rest_route=\/wp\/v2\/pages\/181\/revisions\/3674"}],"up":[{"embeddable":true,"href":"https:\/\/csmer.uprrp.edu\/index.php?rest_route=\/wp\/v2\/pages\/169"}],"wp:attachment":[{"href":"https:\/\/csmer.uprrp.edu\/index.php?rest_route=%2Fwp%2Fv2%2Fmedia&parent=181"}],"curies":[{"name":"wp","href":"https:\/\/api.w.org\/{rel}","templated":true}]}}