{"id":177,"date":"2013-06-05T11:38:15","date_gmt":"2013-06-05T15:38:15","guid":{"rendered":"http:\/\/csmer.uprrp.edu\/?page_id=177"},"modified":"2025-02-21T14:03:42","modified_gmt":"2025-02-21T18:03:42","slug":"lourdes-esther-rivera-gonzalez","status":"publish","type":"page","link":"https:\/\/csmer.uprrp.edu\/?page_id=177","title":{"rendered":"Lourdes Esther Rivera Gonz\u00e1lez"},"content":{"rendered":"<div class=\"wp-block-image\">\n<figure class=\"aligncenter\"><img loading=\"lazy\" decoding=\"async\" width=\"225\" height=\"300\" src=\"https:\/\/csmer.uprrp.edu\/wp-content\/uploads\/CAM00098-Optimized-225x300.jpg\" alt=\"CAM00098-Optimized\" class=\"wp-image-2361\" srcset=\"https:\/\/csmer.uprrp.edu\/wp-content\/uploads\/CAM00098-Optimized-225x300.jpg 225w, https:\/\/csmer.uprrp.edu\/wp-content\/uploads\/CAM00098-Optimized-250x333.jpg 250w, https:\/\/csmer.uprrp.edu\/wp-content\/uploads\/CAM00098-Optimized-550x733.jpg 550w, https:\/\/csmer.uprrp.edu\/wp-content\/uploads\/CAM00098-Optimized-135x180.jpg 135w, https:\/\/csmer.uprrp.edu\/wp-content\/uploads\/CAM00098-Optimized-375x500.jpg 375w, https:\/\/csmer.uprrp.edu\/wp-content\/uploads\/CAM00098-Optimized.jpg 675w\" sizes=\"auto, (max-width: 225px) 100vw, 225px\" \/><\/figure>\n<\/div>\n\n\n<p><strong>Preparaci\u00f3n Acad\u00e9mica<\/strong>:<\/p>\n\n\n\n<ul class=\"wp-block-list\">\n<li>Bachillerato en Pedagog\u00eda en Ciencia General y Biolog\u00eda, Universidad Interamericana de Barranquitas<\/li>\n\n\n\n<li>Maestr\u00eda en Curr\u00edculo y Ense\u00f1anza, Universidad del Turabo en Gurabo<\/li>\n<\/ul>\n\n\n\n<p><strong>Experiencia<\/strong>:<\/p>\n\n\n\n<ul class=\"wp-block-list\">\n<li>13 a\u00f1os de experiencia en el Departamento de Educaci\u00f3n<\/li>\n\n\n\n<li>4 a\u00f1os de experiencia en el Colegio San Jos\u00e9 de Aibonito y la Academia La Milagrosa en Cayey<\/li>\n<\/ul>\n\n\n\n<p><strong>Distinciones<\/strong>:<\/p>\n\n\n\n<ul class=\"wp-block-list\">\n<li>Certificaci\u00f3n de Maestra M\u00e1ster de Ciencia- UPR, RP<\/li>\n<\/ul>\n\n\n\n<p><strong>Grado que ense\u00f1a<\/strong>: S\u00e9ptimo a Noveno grado<\/p>\n\n\n\n<p><strong>Materia<\/strong>: Ciencia (Biolog\u00eda, Ciencias Terrestres, Ciencias F\u00edsicas)<\/p>\n\n\n\n<p><strong>Escuela<\/strong>: Juan D. Stubbe en Cidra<\/p>\n\n\n\n<p>La Escuela de la Comunidad Juan D. Stubbe est\u00e1 ubicada en el Barrio Bayamoncito del Municipio de la eterna primavera: Cidra. Es una comunidad acogedora y comprometida que la componen un director escolar, una orientadora, una trabajadora social, un oficinista, cinco empleados de custodia, seis empleados del comedor escolar, una guardia escolar y 34 maestros. Todos estamos dirigidos a que nuestra escuela sea la mejor de Puerto Rico, por ello siempre estamos unidos hacia un mismo norte. Para el estudiantado que impactamos damos lo mejor de nosotros para lograr mejorar cada a\u00f1o que finaliza. Entre los ofrecimientos que tenemos para fortalecer las experiencias enriquecedoras educativas se encuentran: educaci\u00f3n f\u00edsica, salud, m\u00fasica, artes industriales, educaci\u00f3n en tecnolog\u00eda y ciencias de la familia y el consumidor. Sin olvidar la Propuesta de tutor\u00edas Spot2learn, la cual fortaleci\u00f3 las materias de matem\u00e1ticas, espa\u00f1ol, bellas artes, educaci\u00f3n f\u00edsica y todas las disciplinas indirectamente ya que tambi\u00e9n se supervisaban las asignaciones y trabajos especiales. <\/p>\n\n\n\n<p>Tenemos tres niveles: K-3ro, 4to a 6to y 7mo a 9no, con un total de 430 estudiantes que se benefician de las diferentes opciones acad\u00e9micas que poseemos. Adem\u00e1s de contar con una planta f\u00edsica amplia donde es propicia la implantaci\u00f3n de diversas estrategias y enfoques que ayuden al desarrollo integral del estudiante impactado. Al ser una comunidad con bajos recursos econ\u00f3micos, se acude a recursos sociales para colaborar con el ornato, pintura y materiales educativos que redunden en beneficio de todos. Al pertenecer al Proyecto Maestro M\u00e1ster de Ciencias pude colaborar con mis pares a transformar la materia de Ciencia en una de investigaci\u00f3n profunda y concienciaci\u00f3n social para toda la comunidad escolar. En las otras materias igualmente, los maestros hac\u00edan de su disciplina una de compromiso de aprendizaje cidre\u00f1o sin igual.<\/p>\n\n\n\n<p><strong>\u00bfPor qu\u00e9 solicit\u00e9 participar en el proyecto?<\/strong><\/p>\n\n\n\n<p>Cuando tuve el conocimiento de que formar\u00edan un grupo de personas que se dedicar\u00edan a fortalecer y mejorar las habilidades de una como educadora haciendo una maestr\u00eda en Ciencia no lo pens\u00e9 m\u00e1s de una vez. El Proyecto M\u00e1ster Science Teacher fue una alternativa que me brind\u00f3 AlaCiMa para fortalecer mis necesidades pedag\u00f3gicas. Fue una experiencia innovadora, diferente y de profundo aprendizaje. D\u00eda a d\u00eda resultaba en una haza\u00f1a y lo mejor fue que se involucraba al estudiantado que impactaba, lo cual sirvi\u00f3 de apoyo a la docencia. Las visitas a mi sala de clases fueron de gran ayuda ya que se palpaban los resultados de su propuesta en mis ejecutorias como maestra. <\/p>\n\n\n\n<p>En fin, lo que me motiv\u00f3 a pertenecer a este gran grupo de profesionales fue el mejoramiento como persona, pero sobre todo como profesional. No tengo duda alguna de que mis expectativas fueron satisfechas y hasta sobrepasaron lo que en un inicio ten\u00eda en mente. Para mis estudiantes a su vez, fue de gran satisfacci\u00f3n pues tuvieron un impacto directo y continuo de todos mis aprendizajes. Siempre estar\u00e9 agradecida de la gran oportunidad que los l\u00edderes de AlaCiMa me dieron al ser parte de un grupo que ha hecho historia y continuar\u00e1 siendo importante en el mundo cient\u00edfico y alacime\u00f1o.<\/p>\n","protected":false},"excerpt":{"rendered":"<p>Preparaci\u00f3n Acad\u00e9mica: Experiencia: Distinciones: Grado que ense\u00f1a: S\u00e9ptimo a Noveno grado Materia: Ciencia (Biolog\u00eda, Ciencias Terrestres, Ciencias F\u00edsicas) Escuela: Juan D. Stubbe en Cidra La Escuela de la Comunidad Juan D. Stubbe est\u00e1 ubicada en el Barrio Bayamoncito del Municipio de la eterna primavera: Cidra. Es una comunidad acogedora y comprometida que la componen un&#8230;<\/p>\n","protected":false},"author":1,"featured_media":0,"parent":169,"menu_order":3,"comment_status":"closed","ping_status":"closed","template":"","meta":{"_kad_post_transparent":"","_kad_post_title":"","_kad_post_layout":"","_kad_post_sidebar_id":"","_kad_post_content_style":"","_kad_post_vertical_padding":"","_kad_post_feature":"","_kad_post_feature_position":"","_kad_post_header":false,"_kad_post_footer":false,"_kad_post_classname":"","footnotes":""},"class_list":["post-177","page","type-page","status-publish","hentry"],"_links":{"self":[{"href":"https:\/\/csmer.uprrp.edu\/index.php?rest_route=\/wp\/v2\/pages\/177","targetHints":{"allow":["GET"]}}],"collection":[{"href":"https:\/\/csmer.uprrp.edu\/index.php?rest_route=\/wp\/v2\/pages"}],"about":[{"href":"https:\/\/csmer.uprrp.edu\/index.php?rest_route=\/wp\/v2\/types\/page"}],"author":[{"embeddable":true,"href":"https:\/\/csmer.uprrp.edu\/index.php?rest_route=\/wp\/v2\/users\/1"}],"replies":[{"embeddable":true,"href":"https:\/\/csmer.uprrp.edu\/index.php?rest_route=%2Fwp%2Fv2%2Fcomments&post=177"}],"version-history":[{"count":4,"href":"https:\/\/csmer.uprrp.edu\/index.php?rest_route=\/wp\/v2\/pages\/177\/revisions"}],"predecessor-version":[{"id":3670,"href":"https:\/\/csmer.uprrp.edu\/index.php?rest_route=\/wp\/v2\/pages\/177\/revisions\/3670"}],"up":[{"embeddable":true,"href":"https:\/\/csmer.uprrp.edu\/index.php?rest_route=\/wp\/v2\/pages\/169"}],"wp:attachment":[{"href":"https:\/\/csmer.uprrp.edu\/index.php?rest_route=%2Fwp%2Fv2%2Fmedia&parent=177"}],"curies":[{"name":"wp","href":"https:\/\/api.w.org\/{rel}","templated":true}]}}