{"id":174,"date":"2013-06-05T10:54:45","date_gmt":"2013-06-05T14:54:45","guid":{"rendered":"http:\/\/csmer.uprrp.edu\/?page_id=174"},"modified":"2025-02-21T14:00:23","modified_gmt":"2025-02-21T18:00:23","slug":"javier-gonzalez-rosado","status":"publish","type":"page","link":"https:\/\/csmer.uprrp.edu\/?page_id=174","title":{"rendered":"Javier Gonzalez Rosado"},"content":{"rendered":"\n<h2 class=\"wp-block-heading has-text-align-center\"><span style=\"font-family: arial, helvetica, sans-serif; font-size: 14px;\"><a href=\"https:\/\/csmer.uprrp.edu\/wp-content\/uploads\/javier.jpg\"><img loading=\"lazy\" decoding=\"async\" class=\"wp-image-175 aligncenter\" src=\"https:\/\/csmer.uprrp.edu\/wp-content\/uploads\/javier-300x225.jpg\" alt=\"javier\" width=\"363\" height=\"272\" srcset=\"https:\/\/csmer.uprrp.edu\/wp-content\/uploads\/javier-300x225.jpg 300w, https:\/\/csmer.uprrp.edu\/wp-content\/uploads\/javier-1024x768.jpg 1024w\" sizes=\"auto, (max-width: 363px) 100vw, 363px\" \/><\/a><\/span><\/h2>\n\n\n\n<p><strong>Preparaci\u00f3n Acad\u00e9mica<\/strong>:<\/p>\n\n\n\n<ul class=\"wp-block-list\">\n<li>Bachillerato en Ciencias Generales (PUCPR ,1981) <\/li>\n\n\n\n<li>Maestr\u00eda en Curr\u00edculo y Ense\u00f1anza en Qu\u00edmica (PUCPR, 2005) <\/li>\n\n\n\n<li>Candidato Doctoral en Curr\u00edculo y Ense\u00f1anza (PUCPR, 2009)<\/li>\n<\/ul>\n\n\n\n<p><strong>Distinciones:<\/strong><\/p>\n\n\n\n<ul class=\"wp-block-list\">\n<li>Presidential Award for Excellence in Science Teaching (2003) <\/li>\n\n\n\n<li>Ganador de Propuesta Estudio hidrol\u00f3gico y qu\u00edmico de la cuenca del r\u00edo Jacaguas de Villalba por la Compa\u00f1\u00eda MEDTRONIC de Puerto Rico (2003) <\/li>\n\n\n\n<li>Ganador del Premio Amgen para La Excelencia en la Ense\u00f1anza de las Ciencias de la Asociaci\u00f3n de maestros de ciencia de Puerto Rico (2003) <\/li>\n\n\n\n<li>Nominado al premio Manuel A. Perez como Excelente Servidor P\u00fablico (2003) <\/li>\n\n\n\n<li>Ganador de Propuesta Qu\u00edmica Cibern\u00e9tica (2001) <\/li>\n\n\n\n<li>Ganador de Propuesta Laboratorio de destrezas ocupacionales avanzadas en ciencias (1998)<\/li>\n<\/ul>\n\n\n\n<p><strong>Grado que ense\u00f1a<\/strong>: Und\u00e9cimo grado<\/p>\n\n\n\n<p><strong>Materia<\/strong>: Qu\u00edmica<\/p>\n\n\n\n<p><strong>Escuela<\/strong>: Escuela Superior Lysander Borrero Terry<\/p>\n\n\n\n<p><strong>\u00bfPor qu\u00e9 solicit\u00e9 participar en el proyecto?<\/strong><\/p>\n\n\n\n<p>En el proceso de ense\u00f1anza y aprendizaje que por durante veinticinco a\u00f1os he sido part\u00edcipe como maestro, he adquirido infinidad de experiencias enriquecedoras. Del mismo modo ha habido tambi\u00e9n otras que, aunque no de la manera que hubiese querido me han servido de reflexi\u00f3n en mi labor educativa. He participado en muchos talleres y adiestramientos para mejorar mi pr\u00e1ctica magisterial. En estos momentos estoy participando en el proyecto Maestro Master en Ciencias por que entiendo que las estrategias que se me ofrecen para desarrollar liderato efectivo y mejorar mis conocimientos, estrategias, metodolog\u00eda y t\u00e9cnicas de ense\u00f1anzas me permiten llegar mejor al estudiante e inclusive a los compa\u00f1eros de trabajo. El poder servir como gu\u00eda a mis estudiantes, ayudarlos en sus inquietudes y el ofrecerle a mis pares consejos hace que me sienta bien satisfecho con lo que aprendo en este proyecto. <\/p>\n\n\n\n<p>Una de las expectativas que tengo es servir de recurso al Departamento de Educaci\u00f3n tanto para los maestros de experiencia como tambi\u00e9n a los de nuevo ingreso al sistema educativo. De igual forma servir como consultor a instituciones educativas que preparan a los nuevos maestros de ciencias para nivel superior. Tambi\u00e9n para poder desarrollar investigaciones relacionadas con las ciencias y la educaci\u00f3n tanto para estudiantes de nivel superior como universitarios. El servicio a los dem\u00e1s ha sido siempre uno de mis objetivos y el brindar de mis conocimientos a otros cumple con \u00e9ste.<\/p>\n","protected":false},"excerpt":{"rendered":"<p>Preparaci\u00f3n Acad\u00e9mica: Distinciones: Grado que ense\u00f1a: Und\u00e9cimo grado Materia: Qu\u00edmica Escuela: Escuela Superior Lysander Borrero Terry \u00bfPor qu\u00e9 solicit\u00e9 participar en el proyecto? En el proceso de ense\u00f1anza y aprendizaje que por durante veinticinco a\u00f1os he sido part\u00edcipe como maestro, he adquirido infinidad de experiencias enriquecedoras. Del mismo modo ha habido tambi\u00e9n otras que, aunque&#8230;<\/p>\n","protected":false},"author":1,"featured_media":0,"parent":169,"menu_order":1,"comment_status":"closed","ping_status":"closed","template":"","meta":{"_kad_post_transparent":"","_kad_post_title":"","_kad_post_layout":"","_kad_post_sidebar_id":"","_kad_post_content_style":"","_kad_post_vertical_padding":"","_kad_post_feature":"","_kad_post_feature_position":"","_kad_post_header":false,"_kad_post_footer":false,"_kad_post_classname":"","footnotes":""},"class_list":["post-174","page","type-page","status-publish","hentry"],"_links":{"self":[{"href":"https:\/\/csmer.uprrp.edu\/index.php?rest_route=\/wp\/v2\/pages\/174","targetHints":{"allow":["GET"]}}],"collection":[{"href":"https:\/\/csmer.uprrp.edu\/index.php?rest_route=\/wp\/v2\/pages"}],"about":[{"href":"https:\/\/csmer.uprrp.edu\/index.php?rest_route=\/wp\/v2\/types\/page"}],"author":[{"embeddable":true,"href":"https:\/\/csmer.uprrp.edu\/index.php?rest_route=\/wp\/v2\/users\/1"}],"replies":[{"embeddable":true,"href":"https:\/\/csmer.uprrp.edu\/index.php?rest_route=%2Fwp%2Fv2%2Fcomments&post=174"}],"version-history":[{"count":4,"href":"https:\/\/csmer.uprrp.edu\/index.php?rest_route=\/wp\/v2\/pages\/174\/revisions"}],"predecessor-version":[{"id":3668,"href":"https:\/\/csmer.uprrp.edu\/index.php?rest_route=\/wp\/v2\/pages\/174\/revisions\/3668"}],"up":[{"embeddable":true,"href":"https:\/\/csmer.uprrp.edu\/index.php?rest_route=\/wp\/v2\/pages\/169"}],"wp:attachment":[{"href":"https:\/\/csmer.uprrp.edu\/index.php?rest_route=%2Fwp%2Fv2%2Fmedia&parent=174"}],"curies":[{"name":"wp","href":"https:\/\/api.w.org\/{rel}","templated":true}]}}