{"id":1509,"date":"2014-06-12T14:52:10","date_gmt":"2014-06-12T18:52:10","guid":{"rendered":"http:\/\/csmer.uprrp.edu\/?page_id=1509"},"modified":"2025-02-07T13:06:31","modified_gmt":"2025-02-07T17:06:31","slug":"actividades","status":"publish","type":"page","link":"https:\/\/csmer.uprrp.edu\/?page_id=1509","title":{"rendered":"Actividades"},"content":{"rendered":"\n<p><strong>Actividades dise\u00f1adas por MMT:<\/strong><\/p>\n\n\n\n<figure class=\"wp-block-table\"><table><thead><tr><th>T\u00edtulo de la unidad<\/th><th>Concepto<\/th><th>Nivel<\/th><th>Dise\u00f1ador\/a<\/th><\/tr><\/thead><tbody><tr><td><a href=\"https:\/\/csmer.uprrp.edu\/wp-content\/uploads\/D%C3%ADa-1-y-2-Patrones-y-Relaciones.zip\">Jugando con figuras 3D<\/a><\/td><td>Figuras 3D<\/td><td>K-3<\/td><td>Luis O. De Jes\u00fas Torres<\/td><\/tr><tr><td><a href=\"https:\/\/csmer.uprrp.edu\/wp-content\/uploads\/Discovering-2D-Figures.zip\">Descubriendo figuras 2D<\/a><\/td><td>Figuras 2D<\/td><td>K-3<\/td><td>Amabel T. Soto<\/td><\/tr><tr><td><a href=\"https:\/\/csmer.uprrp.edu\/wp-content\/uploads\/Transformando-nuestro-entorno.zip\">Transformando nuestro entorno<\/a><\/td><td>Transformaciones geom\u00e9tricas<\/td><td>K-3<\/td><td>Osvaldo Par\u00e9s Rivera<\/td><\/tr><tr><td><a href=\"https:\/\/csmer.uprrp.edu\/wp-content\/uploads\/Las-estad\u00edsticas-en-mi-diario-vivir.pdf\">Las estad\u00edsticas en mi diario vivir<\/a><\/td><td>Gr\u00e1ficas estad\u00edsticas<\/td><td>K-3<\/td><td>Sylvia Hern\u00e1ndez<\/td><\/tr><tr><td><a href=\"https:\/\/csmer.uprrp.edu\/wp-content\/uploads\/D%C3%ADa-1-y-2-Patrones-y-Relaciones.zip\">Patrones y relaciones<\/a><\/td><td>Patrones<\/td><td>4-6<\/td><td>Yamily Col\u00f3n Negr\u00f3n<\/td><\/tr><tr><td><a href=\"https:\/\/csmer.uprrp.edu\/wp-content\/uploads\/D%C3%ADa-3-Variables-y-Expresiones.zip\">Variables y expresiones<\/a><\/td><td>Expresiones algebraicas<\/td><td>4-6<\/td><td>Marilyn Santiago Rom\u00e1n<\/td><\/tr><tr><td><a href=\"https:\/\/csmer.uprrp.edu\/wp-content\/uploads\/D%C3%ADa-4-Ecuaciones-Lineales-con-una-variable.zip\">Ecuaciones lineales en una variable<\/a><\/td><td>Ecuaciones lineales en una variable<\/td><td>4-6<\/td><td>Lymarie P\u00e9rez Muler<\/td><\/tr><tr><td><a href=\"https:\/\/csmer.uprrp.edu\/wp-content\/uploads\/D%C3%ADa-5-Representaciones-y-Relaciones.zip\">Representaciones y relaciones<\/a><\/td><td>Sistemas de coordenadas cartesianas<\/td><td>4-6<\/td><td>Carmen J. Vel\u00e1zquez<\/td><\/tr><tr><td><a href=\"https:\/\/csmer.uprrp.edu\/wp-content\/uploads\/D%C3%ADa-6-Desarrollando-estrategias-para-resolver-problemas-en-algebra.zip\">Creando estrategias para resolver problemas algebraicos<\/a><\/td><td>Soluci\u00f3n de problemas algebraicos<\/td><td>4-6<\/td><td>Tom\u00e1s D\u00edaz Berr\u00edos<\/td><\/tr><tr><td><a href=\"https:\/\/csmer.uprrp.edu\/wp-content\/uploads\/Tri%C3%A1ngulos.zip\">Demonstrando triangulos<\/a><\/td><td>Tri\u00e1ngulos<\/td><td>7-9<\/td><td>Josiel Rosado Tirado<\/td><\/tr><tr><td colspan=\"4\">Todas nuestras actividades curriculares est\u00e1n <a href=\"https:\/\/csmer.uprrp.edu\/?page_id=50\">disponibles aqui<\/a><\/td><\/tr><\/tbody><\/table><\/figure>\n\n\n\n<p><strong>Leccion 1:<\/strong><\/p>\n\n\n\n<figure class=\"wp-block-table\"><table><thead><tr><th>T\u00edtulo de la unidad<\/th><th>Dise\u00f1ador\/a<\/th><th>Nivel<\/th><\/tr><\/thead><tbody><tr><td><a href=\"https:\/\/csmer.uprrp.edu\/wp-content\/uploads\/Correlaci\u00f3n-lineal-entre-dos-variables.zip\">Correlaci\u00f3n lineal entre dos variables<\/a><\/td><td>Carmen J. Vel\u00e1zquez Rivera<\/td><td>Secundario<\/td><\/tr><tr><td><a href=\"https:\/\/csmer.uprrp.edu\/wp-content\/uploads\/Sistema-de-ecuaciones-por-m\u00e9todo-gr\u00e1fico.zip\">Sistema de ecuaciones por m\u00e9todo gr\u00e1fico<\/a><\/td><td>Josiel Rosado Tirado<\/td><td>Superior<\/td><\/tr><tr><td><a href=\"https:\/\/csmer.uprrp.edu\/wp-content\/uploads\/Jugando-con-las-expresiones-algebraicas.pdf\">Expresiones Algebraicas<\/a><\/td><td>Luis O. De Jes\u00fas Torres<\/td><td>Intermedio<\/td><\/tr><tr><td><a href=\"https:\/\/csmer.uprrp.edu\/wp-content\/uploads\/Modelando-la-travesia-en-La-Estrella.pdf\">Modelando La Traves\u00eda en La Estrella<\/a><\/td><td>Lymarie P\u00e9rez Muler<\/td><td>Superior<\/td><\/tr><tr><td><a href=\"https:\/\/csmer.uprrp.edu\/wp-content\/uploads\/Distancia-entre-dos-puntos-en-el-plano-real.pdf\">Distancia entre dos puntos en el plano real<\/a><\/td><td>Marilyn Santiago Rom\u00e1n<\/td><td>Superior<\/td><\/tr><tr><td><a href=\"https:\/\/csmer.uprrp.edu\/wp-content\/uploads\/El-c\u00edrculo-unitario-y-las-razones-trigonom\u00e9tricas.zip\">El c\u00edrculo unitario y las razones trigonom\u00e9tricas<\/a><\/td><td>Osvaldo Par\u00e9s Rivera<\/td><td>Superior<\/td><\/tr><tr><td><a href=\"https:\/\/csmer.uprrp.edu\/wp-content\/uploads\/Del-algoritmo-a-las-palabras-solucionando-razones-trigonom\u00e9tricas.zip\">Del algoritmo a las palabras solucionando razones trigonom\u00e9tricas<\/a><\/td><td>Sylvia Hern\u00e1ndez Acevedo<\/td><td>Superior<\/td><\/tr><\/tbody><\/table><\/figure>\n\n\n\n<p><strong>Leccion 2:<\/strong><\/p>\n\n\n\n<figure class=\"wp-block-table\"><table><thead><tr><th>T\u00edtulo de la Unidad<\/th><th>Dise\u00f1ador\/a<\/th><th>Nivel<\/th><\/tr><\/thead><tbody><tr><td><a href=\"https:\/\/csmer.uprrp.edu\/wp-content\/uploads\/Distribuci\u00f3n-Normal-Estad\u00edstica-Inferencial.zip\">Distribuci\u00f3n Normal: Estad\u00edstica Inferencial<\/a><\/td><td>Carmen J. Vel\u00e1zquez Rivera<\/td><td>Secundario<\/td><\/tr><tr><td><a href=\"https:\/\/csmer.uprrp.edu\/wp-content\/uploads\/Buscando-arcos-y-encontrando-\u00e1reas.zip\">Buscando arcos y encontrando \u00e1reas<\/a><\/td><td>Josiel Rosado Tirado<\/td><td>Superior<\/td><\/tr><tr><td><a href=\"https:\/\/csmer.uprrp.edu\/wp-content\/uploads\/Luis-Leccion-2-1.docx\">Aprendiendo sobre c\u00edrculos<\/a><\/td><td>Luis O. De Jes\u00fas Torres<\/td><td>Intermedio<\/td><\/tr><tr><td><a href=\"https:\/\/csmer.uprrp.edu\/wp-content\/uploads\/Aprendiendo-sobre-c\u00edrculos.zip\">Aprendiendo sobre c\u00edrculos<\/a><\/td><td>Lymarie P\u00e9rez Muler<\/td><td>Superior<\/td><\/tr><tr><td><a href=\"https:\/\/csmer.uprrp.edu\/wp-content\/uploads\/Medida-de-\u00e1ngulos.zip\">Medida de \u00e1ngulos<\/a><\/td><td>Marilyn Santiago Rom\u00e1n<\/td><td>Superior<\/td><\/tr><tr><td><a href=\"https:\/\/csmer.uprrp.edu\/wp-content\/uploads\/Osvaldo-Lecci\u00f3n-2.-MMT.-2015.pdf\">Vectores<\/a><\/td><td>Osvaldo Par\u00e9s Rivera<\/td><td>Superior<\/td><\/tr><tr><td><a href=\"https:\/\/csmer.uprrp.edu\/wp-content\/uploads\/Descubriendo-las-transformaciones-de-las-gr\u00e1ficas-de-seno-y-coseno.zip\">Descubriendo las transformaciones de las gr\u00e1ficas de seno y coseno<\/a><\/td><td>Sylvia Hern\u00e1ndez Acevedo<\/td><td>Superior<\/td><\/tr><\/tbody><\/table><\/figure>\n","protected":false},"excerpt":{"rendered":"<p>Actividades dise\u00f1adas por MMT: T\u00edtulo de la unidad Concepto Nivel Dise\u00f1ador\/a Jugando con figuras 3D Figuras 3D K-3 Luis O. De Jes\u00fas Torres Descubriendo figuras 2D Figuras 2D K-3 Amabel T. Soto Transformando nuestro entorno Transformaciones geom\u00e9tricas K-3 Osvaldo Par\u00e9s Rivera Las estad\u00edsticas en mi diario vivir Gr\u00e1ficas estad\u00edsticas K-3 Sylvia Hern\u00e1ndez Patrones y relaciones&#8230;<\/p>\n","protected":false},"author":1,"featured_media":0,"parent":24,"menu_order":4,"comment_status":"closed","ping_status":"closed","template":"","meta":{"_kad_post_transparent":"","_kad_post_title":"","_kad_post_layout":"","_kad_post_sidebar_id":"","_kad_post_content_style":"","_kad_post_vertical_padding":"","_kad_post_feature":"","_kad_post_feature_position":"","_kad_post_header":false,"_kad_post_footer":false,"_kad_post_classname":"","footnotes":""},"class_list":["post-1509","page","type-page","status-publish","hentry"],"_links":{"self":[{"href":"https:\/\/csmer.uprrp.edu\/index.php?rest_route=\/wp\/v2\/pages\/1509","targetHints":{"allow":["GET"]}}],"collection":[{"href":"https:\/\/csmer.uprrp.edu\/index.php?rest_route=\/wp\/v2\/pages"}],"about":[{"href":"https:\/\/csmer.uprrp.edu\/index.php?rest_route=\/wp\/v2\/types\/page"}],"author":[{"embeddable":true,"href":"https:\/\/csmer.uprrp.edu\/index.php?rest_route=\/wp\/v2\/users\/1"}],"replies":[{"embeddable":true,"href":"https:\/\/csmer.uprrp.edu\/index.php?rest_route=%2Fwp%2Fv2%2Fcomments&post=1509"}],"version-history":[{"count":4,"href":"https:\/\/csmer.uprrp.edu\/index.php?rest_route=\/wp\/v2\/pages\/1509\/revisions"}],"predecessor-version":[{"id":3492,"href":"https:\/\/csmer.uprrp.edu\/index.php?rest_route=\/wp\/v2\/pages\/1509\/revisions\/3492"}],"up":[{"embeddable":true,"href":"https:\/\/csmer.uprrp.edu\/index.php?rest_route=\/wp\/v2\/pages\/24"}],"wp:attachment":[{"href":"https:\/\/csmer.uprrp.edu\/index.php?rest_route=%2Fwp%2Fv2%2Fmedia&parent=1509"}],"curies":[{"name":"wp","href":"https:\/\/api.w.org\/{rel}","templated":true}]}}