{"id":1476,"date":"2014-06-12T14:19:14","date_gmt":"2014-06-12T18:19:14","guid":{"rendered":"http:\/\/csmer.uprrp.edu\/?page_id=1476"},"modified":"2024-12-03T11:31:33","modified_gmt":"2024-12-03T15:31:33","slug":"publicaciones","status":"publish","type":"page","link":"https:\/\/csmer.uprrp.edu\/?page_id=1476","title":{"rendered":"Publicaciones"},"content":{"rendered":"\n<h3 class=\"wp-block-heading\"><a href=\"https:\/\/csmer.uprrp.edu\/wp-content\/uploads\/Integraci\u00f3n-de-competencias-de-informaci\u00f3n-al-curr\u00edculo-de-la.pdf\">Integraci\u00f3n de competencias de informaci\u00f3n al curr\u00edculo de la Facultad de Estudios Generales de la Universidad de Puerto Rico: curso 4105 de Ciencias Biol\u00f3gicas<\/a><\/h3>\n\n\n\n<p>Por: Wilma V. Col\u00f3n Parrilla<\/p>\n\n\n\n<p><strong>Resumen:<\/strong><br>Al adoptarse las tecnolog\u00edas de la informaci\u00f3n en las instituciones acad\u00e9micas, resulta imperativo para los docentes desarrollar o fortalecer aquellas destrezas que le servir\u00e1n al estudiante para la b\u00fasqueda, manejo efectivo y uso \u00e9tico de la informaci\u00f3n, no s\u00f3lo durante sus estudios acad\u00e9micos sino a lo largo de toda su vida. En el art\u00edculo se enfatizar\u00e1 en el aval\u00fao de competencias de informaci\u00f3n (CI) en un curso de educaci\u00f3n general sobre controversias de actualidad en las Ciencias&nbsp;Biol\u00f3gicas, dise\u00f1ado para estudiantes de Ciencias Naturales, de la Universidad de Puerto Rico, Recinto de R\u00edo Piedras. Se ilustrar\u00e1 la incorporaci\u00f3n de estrategias para el fortalecimiento de CI a lo largo de varios semestres, de acuerdo con los resultados del aval\u00fao de las necesidades estudiantiles. Adem\u00e1s, se presentar\u00e1n los resultados del aval\u00fao de CI a lo largo de un semestre, as\u00ed como las estrategias e instrumentos utilizados para ello. Se evaluar\u00e1 el \u00e9xito de las estrategias incorporadas, en nuestro af\u00e1n de que el estudiante desarrolle las competencias necesarias para la b\u00fasqueda, el manejo efectivo y el uso \u00e9tico de la informaci\u00f3n y se discutir\u00e1 la importancia de la alfabetizaci\u00f3n informacional en la Facultad de Estudios Generales.<\/p>\n\n\n<div class=\"wp-block-image\">\n<figure class=\"aligncenter is-resized\"><a href=\"https:\/\/csmer.uprrp.edu\/wp-content\/uploads\/Integraci%C3%B3n-de-competencias-de-informaci%C3%B3n-al-curr%C3%ADculo-de-la.pdf\"><img loading=\"lazy\" decoding=\"async\" width=\"550\" height=\"712\" src=\"https:\/\/csmer.uprrp.edu\/wp-content\/uploads\/Integraci\u00f3n-de-competencias-de-informaci\u00f3n-al-curr\u00edculo-de-la-550x712.jpg\" alt=\"Integraci\u00f3n-de-competencias-de-informaci\u00f3n-al-curr\u00edculo-de-la\" class=\"wp-image-2505\" style=\"width:457px;height:auto\" srcset=\"https:\/\/csmer.uprrp.edu\/wp-content\/uploads\/Integraci\u00f3n-de-competencias-de-informaci\u00f3n-al-curr\u00edculo-de-la-550x712.jpg 550w, https:\/\/csmer.uprrp.edu\/wp-content\/uploads\/Integraci\u00f3n-de-competencias-de-informaci\u00f3n-al-curr\u00edculo-de-la-232x300.jpg 232w, https:\/\/csmer.uprrp.edu\/wp-content\/uploads\/Integraci\u00f3n-de-competencias-de-informaci\u00f3n-al-curr\u00edculo-de-la-791x1024.jpg 791w, https:\/\/csmer.uprrp.edu\/wp-content\/uploads\/Integraci\u00f3n-de-competencias-de-informaci\u00f3n-al-curr\u00edculo-de-la-250x324.jpg 250w, https:\/\/csmer.uprrp.edu\/wp-content\/uploads\/Integraci\u00f3n-de-competencias-de-informaci\u00f3n-al-curr\u00edculo-de-la-800x1035.jpg 800w, https:\/\/csmer.uprrp.edu\/wp-content\/uploads\/Integraci\u00f3n-de-competencias-de-informaci\u00f3n-al-curr\u00edculo-de-la-139x180.jpg 139w, https:\/\/csmer.uprrp.edu\/wp-content\/uploads\/Integraci\u00f3n-de-competencias-de-informaci\u00f3n-al-curr\u00edculo-de-la-386x500.jpg 386w\" sizes=\"auto, (max-width: 550px) 100vw, 550px\" \/><\/a><\/figure>\n<\/div>","protected":false},"excerpt":{"rendered":"<p>Integraci\u00f3n de competencias de informaci\u00f3n al curr\u00edculo de la Facultad de Estudios Generales de la Universidad de Puerto Rico: curso 4105 de Ciencias Biol\u00f3gicas Por: Wilma V. Col\u00f3n Parrilla Resumen:Al adoptarse las tecnolog\u00edas de la informaci\u00f3n en las instituciones acad\u00e9micas, resulta imperativo para los docentes desarrollar o fortalecer aquellas destrezas que le servir\u00e1n al estudiante&#8230;<\/p>\n","protected":false},"author":1,"featured_media":0,"parent":26,"menu_order":0,"comment_status":"closed","ping_status":"closed","template":"","meta":{"_kad_post_transparent":"","_kad_post_title":"","_kad_post_layout":"","_kad_post_sidebar_id":"","_kad_post_content_style":"","_kad_post_vertical_padding":"","_kad_post_feature":"","_kad_post_feature_position":"","_kad_post_header":false,"_kad_post_footer":false,"_kad_post_classname":"","footnotes":""},"class_list":["post-1476","page","type-page","status-publish","hentry"],"_links":{"self":[{"href":"https:\/\/csmer.uprrp.edu\/index.php?rest_route=\/wp\/v2\/pages\/1476","targetHints":{"allow":["GET"]}}],"collection":[{"href":"https:\/\/csmer.uprrp.edu\/index.php?rest_route=\/wp\/v2\/pages"}],"about":[{"href":"https:\/\/csmer.uprrp.edu\/index.php?rest_route=\/wp\/v2\/types\/page"}],"author":[{"embeddable":true,"href":"https:\/\/csmer.uprrp.edu\/index.php?rest_route=\/wp\/v2\/users\/1"}],"replies":[{"embeddable":true,"href":"https:\/\/csmer.uprrp.edu\/index.php?rest_route=%2Fwp%2Fv2%2Fcomments&post=1476"}],"version-history":[{"count":4,"href":"https:\/\/csmer.uprrp.edu\/index.php?rest_route=\/wp\/v2\/pages\/1476\/revisions"}],"predecessor-version":[{"id":3034,"href":"https:\/\/csmer.uprrp.edu\/index.php?rest_route=\/wp\/v2\/pages\/1476\/revisions\/3034"}],"up":[{"embeddable":true,"href":"https:\/\/csmer.uprrp.edu\/index.php?rest_route=\/wp\/v2\/pages\/26"}],"wp:attachment":[{"href":"https:\/\/csmer.uprrp.edu\/index.php?rest_route=%2Fwp%2Fv2%2Fmedia&parent=1476"}],"curies":[{"name":"wp","href":"https:\/\/api.w.org\/{rel}","templated":true}]}}