{"id":147,"date":"2013-06-05T10:16:59","date_gmt":"2013-06-05T14:16:59","guid":{"rendered":"http:\/\/csmer.uprrp.edu\/?page_id=147"},"modified":"2025-08-13T10:14:46","modified_gmt":"2025-08-13T14:14:46","slug":"directorio","status":"publish","type":"page","link":"https:\/\/csmer.uprrp.edu\/?page_id=147","title":{"rendered":"Directorio"},"content":{"rendered":"\n<figure class=\"wp-block-table\"><table class=\"has-fixed-layout\"><thead><tr><th>Nombre<\/th><th>Escuela<\/th><th>Distrito<\/th><th>Regi\u00f3n<\/th><th>Directo\/a<\/th><\/tr><\/thead><tbody><tr><td>Carmen M. Ruiz M\u00e9ndez<\/td><td>Central Especializada Artes Visuales<\/td><td>San Juan I<\/td><td>San Juan<\/td><td>David Ocasio<\/td><\/tr><tr><td>Jadira Aponte Ram\u00edrez<\/td><td>Josefa del R\u00edo Guerrero<\/td><td>Orocovis<\/td><td>Bayam\u00f3n<\/td><td>Yaira Garc\u00eda<\/td><\/tr><tr><td>Lourdes E. Rivera Gonz\u00e1lez<\/td><td>Juan D. Stubbe<\/td><td>Cidra<\/td><td>Caguas<\/td><td>Edward Le\u00f3n<\/td><\/tr><tr><td>Mar\u00eda L. Ortiz Hern\u00e1ndez<\/td><td>Dra. Mar\u00eda T. Delgado Marcano<\/td><td>Yabucoa<\/td><td>Humacao<\/td><td>Jeannette Claudio<\/td><\/tr><tr><td>Marixa Rodr\u00edguez Vega<\/td><td>Especializada en Ciencia &#8211; Br\u00edgida \u00c1lvarez Rodr\u00edguez<\/td><td>Vega Baja<\/td><td>Arecibo<\/td><td>Hedri\u00e1n Ayuso<\/td><\/tr><tr><td>Minnuette Rodr\u00edguez<\/td><td>Especializada en Ballet &#8211; Juli\u00e1n Blanco<\/td><td>San Juan I<\/td><td>San Juan<\/td><td>Lissette V\u00e1zquez<\/td><\/tr><tr><td>Myrna Hern\u00e1ndez Nieves<\/td><td>Catalina Morales<\/td><td>Moca<\/td><td>Mayag\u00fcez<\/td><td>Carlos A. Cuero<\/td><\/tr><tr><td>Sandra Beltr\u00e1n Morales<\/td><td>Francisco Gaztambide Vega<\/td><td>Bayam\u00f3n II<\/td><td>Bayam\u00f3n<\/td><td>Ana H. Rivera<\/td><\/tr><\/tbody><\/table><\/figure>\n","protected":false},"excerpt":{"rendered":"<p>Nombre Escuela Distrito Regi\u00f3n Directo\/a Carmen M. Ruiz M\u00e9ndez Central Especializada Artes Visuales San Juan I San Juan David Ocasio Jadira Aponte Ram\u00edrez Josefa del R\u00edo Guerrero Orocovis Bayam\u00f3n Yaira Garc\u00eda Lourdes E. Rivera Gonz\u00e1lez Juan D. Stubbe Cidra Caguas Edward Le\u00f3n Mar\u00eda L. Ortiz Hern\u00e1ndez Dra. Mar\u00eda T. Delgado Marcano Yabucoa Humacao Jeannette Claudio&#8230;<\/p>\n","protected":false},"author":1,"featured_media":0,"parent":23,"menu_order":0,"comment_status":"closed","ping_status":"closed","template":"","meta":{"_kad_post_transparent":"","_kad_post_title":"","_kad_post_layout":"","_kad_post_sidebar_id":"","_kad_post_content_style":"","_kad_post_vertical_padding":"","_kad_post_feature":"","_kad_post_feature_position":"","_kad_post_header":false,"_kad_post_footer":false,"_kad_post_classname":"","footnotes":""},"class_list":["post-147","page","type-page","status-publish","hentry"],"_links":{"self":[{"href":"https:\/\/csmer.uprrp.edu\/index.php?rest_route=\/wp\/v2\/pages\/147","targetHints":{"allow":["GET"]}}],"collection":[{"href":"https:\/\/csmer.uprrp.edu\/index.php?rest_route=\/wp\/v2\/pages"}],"about":[{"href":"https:\/\/csmer.uprrp.edu\/index.php?rest_route=\/wp\/v2\/types\/page"}],"author":[{"embeddable":true,"href":"https:\/\/csmer.uprrp.edu\/index.php?rest_route=\/wp\/v2\/users\/1"}],"replies":[{"embeddable":true,"href":"https:\/\/csmer.uprrp.edu\/index.php?rest_route=%2Fwp%2Fv2%2Fcomments&post=147"}],"version-history":[{"count":4,"href":"https:\/\/csmer.uprrp.edu\/index.php?rest_route=\/wp\/v2\/pages\/147\/revisions"}],"predecessor-version":[{"id":4465,"href":"https:\/\/csmer.uprrp.edu\/index.php?rest_route=\/wp\/v2\/pages\/147\/revisions\/4465"}],"up":[{"embeddable":true,"href":"https:\/\/csmer.uprrp.edu\/index.php?rest_route=\/wp\/v2\/pages\/23"}],"wp:attachment":[{"href":"https:\/\/csmer.uprrp.edu\/index.php?rest_route=%2Fwp%2Fv2%2Fmedia&parent=147"}],"curies":[{"name":"wp","href":"https:\/\/api.w.org\/{rel}","templated":true}]}}