{"id":139,"date":"2013-06-05T10:07:13","date_gmt":"2013-06-05T14:07:13","guid":{"rendered":"http:\/\/csmer.uprrp.edu\/?page_id=139"},"modified":"2024-12-01T14:48:38","modified_gmt":"2024-12-01T18:48:38","slug":"poster-presentations","status":"publish","type":"page","link":"https:\/\/csmer.uprrp.edu\/?page_id=139","title":{"rendered":"Afiches\/Presentaciones"},"content":{"rendered":"<h2 class=\"main-heading\">Congreso Puertorrique\u00f1o de investigaci\u00f3n en la educaci\u00f3n<\/h2>\n<p><img loading=\"lazy\" decoding=\"async\" class=\"size-medium wp-image-2473 alignnone\" src=\"https:\/\/csmer.uprrp.edu\/wp-content\/uploads\/AFICHE-congreso-puertorriqueno-edu_2015-225x300.png\" alt=\"AFICHE-congreso-puertorriqueno-edu_2015\" width=\"225\" height=\"300\" srcset=\"https:\/\/csmer.uprrp.edu\/wp-content\/uploads\/AFICHE-congreso-puertorriqueno-edu_2015-225x300.png 225w, https:\/\/csmer.uprrp.edu\/wp-content\/uploads\/AFICHE-congreso-puertorriqueno-edu_2015-768x1024.png 768w, https:\/\/csmer.uprrp.edu\/wp-content\/uploads\/AFICHE-congreso-puertorriqueno-edu_2015-250x333.png 250w, https:\/\/csmer.uprrp.edu\/wp-content\/uploads\/AFICHE-congreso-puertorriqueno-edu_2015-550x733.png 550w, https:\/\/csmer.uprrp.edu\/wp-content\/uploads\/AFICHE-congreso-puertorriqueno-edu_2015-800x1067.png 800w, https:\/\/csmer.uprrp.edu\/wp-content\/uploads\/AFICHE-congreso-puertorriqueno-edu_2015-135x180.png 135w, https:\/\/csmer.uprrp.edu\/wp-content\/uploads\/AFICHE-congreso-puertorriqueno-edu_2015-375x500.png 375w, https:\/\/csmer.uprrp.edu\/wp-content\/uploads\/AFICHE-congreso-puertorriqueno-edu_2015.png 900w\" sizes=\"auto, (max-width: 225px) 100vw, 225px\" \/><\/p>\n<p><a href=\"https:\/\/csmer.uprrp.edu\/wp-content\/uploads\/osvaldo-Cartel-Congreso-de-Investigaci\u00f3n.-UPR.-R\u00edo-Piedras.-2015.pdf\"><img loading=\"lazy\" decoding=\"async\" class=\"alignnone wp-image-2479\" src=\"https:\/\/csmer.uprrp.edu\/wp-content\/uploads\/osvaldo-Cartel-Congreso-de-Investigaci\u00f3n.-UPR.-R\u00edo-Piedras.-2015-min-min-240x300.jpg\" alt=\"osvaldo Cartel Congreso de Investigaci\u00f3n. UPR. R\u00edo Piedras. 2015-min-min\" width=\"550\" height=\"688\" srcset=\"https:\/\/csmer.uprrp.edu\/wp-content\/uploads\/osvaldo-Cartel-Congreso-de-Investigaci\u00f3n.-UPR.-R\u00edo-Piedras.-2015-min-min-240x300.jpg 240w, https:\/\/csmer.uprrp.edu\/wp-content\/uploads\/osvaldo-Cartel-Congreso-de-Investigaci\u00f3n.-UPR.-R\u00edo-Piedras.-2015-min-min-819x1024.jpg 819w, https:\/\/csmer.uprrp.edu\/wp-content\/uploads\/osvaldo-Cartel-Congreso-de-Investigaci\u00f3n.-UPR.-R\u00edo-Piedras.-2015-min-min-250x313.jpg 250w, https:\/\/csmer.uprrp.edu\/wp-content\/uploads\/osvaldo-Cartel-Congreso-de-Investigaci\u00f3n.-UPR.-R\u00edo-Piedras.-2015-min-min-550x688.jpg 550w, https:\/\/csmer.uprrp.edu\/wp-content\/uploads\/osvaldo-Cartel-Congreso-de-Investigaci\u00f3n.-UPR.-R\u00edo-Piedras.-2015-min-min-800x1000.jpg 800w, https:\/\/csmer.uprrp.edu\/wp-content\/uploads\/osvaldo-Cartel-Congreso-de-Investigaci\u00f3n.-UPR.-R\u00edo-Piedras.-2015-min-min-144x180.jpg 144w, https:\/\/csmer.uprrp.edu\/wp-content\/uploads\/osvaldo-Cartel-Congreso-de-Investigaci\u00f3n.-UPR.-R\u00edo-Piedras.-2015-min-min-400x500.jpg 400w\" sizes=\"auto, (max-width: 550px) 100vw, 550px\" \/><\/a><\/p>\n<p>&nbsp;<\/p>\n<h2>NSF Robert Noyce Teacher Scholarship Program Conference, Washington, DC<\/h2>\n<h3>2014<a href=\"https:\/\/csmer.uprrp.edu\/wp-content\/uploads\/Poster-Investigacion-JRT-7-oct.pdf\"><br \/>\n<\/a><a href=\"https:\/\/csmer.uprrp.edu\/wp-content\/uploads\/Poster-Investigacion-JRT-7-oct.pdf\"><img loading=\"lazy\" decoding=\"async\" class=\"alignnone wp-image-1794\" src=\"https:\/\/csmer.uprrp.edu\/wp-content\/uploads\/poster-Edwin-2014-page-001-1024x768.jpg\" alt=\"poster-Edwin 2014-page-001\" width=\"550\" height=\"413\" srcset=\"https:\/\/csmer.uprrp.edu\/wp-content\/uploads\/poster-Edwin-2014-page-001-1024x768.jpg 1024w, https:\/\/csmer.uprrp.edu\/wp-content\/uploads\/poster-Edwin-2014-page-001-300x225.jpg 300w\" sizes=\"auto, (max-width: 550px) 100vw, 550px\" \/><\/a><\/h3>\n<h3><a href=\"https:\/\/csmer.uprrp.edu\/wp-content\/uploads\/Poster-Investigacion-JRT-7-oct.pdf\"><img loading=\"lazy\" decoding=\"async\" class=\"alignnone wp-image-1793\" src=\"https:\/\/csmer.uprrp.edu\/wp-content\/uploads\/Poster-Marilyn-2014-page-001-300x225.jpg\" alt=\"Poster Marilyn 2014-page-001\" width=\"550\" height=\"413\" srcset=\"https:\/\/csmer.uprrp.edu\/wp-content\/uploads\/Poster-Marilyn-2014-page-001-300x225.jpg 300w, https:\/\/csmer.uprrp.edu\/wp-content\/uploads\/Poster-Marilyn-2014-page-001-1024x768.jpg 1024w\" sizes=\"auto, (max-width: 550px) 100vw, 550px\" \/><\/a><\/h3>\n<h3><\/h3>\n<h3>2013<\/h3>\n<p><a href=\"https:\/\/csmer.uprrp.edu\/wp-content\/uploads\/poster-Edwin-2013-MB-para-michelle.pdf\"><img loading=\"lazy\" decoding=\"async\" class=\" wp-image-2272 size-wcstandard alignnone\" src=\"https:\/\/csmer.uprrp.edu\/wp-content\/uploads\/poster-Edwin-2013-MB-para-michelle-550x413.jpg\" alt=\"poster-Edwin 2013 MB- para michelle\" width=\"550\" height=\"413\" srcset=\"https:\/\/csmer.uprrp.edu\/wp-content\/uploads\/poster-Edwin-2013-MB-para-michelle-550x413.jpg 550w, https:\/\/csmer.uprrp.edu\/wp-content\/uploads\/poster-Edwin-2013-MB-para-michelle-300x225.jpg 300w, https:\/\/csmer.uprrp.edu\/wp-content\/uploads\/poster-Edwin-2013-MB-para-michelle-1024x768.jpg 1024w, https:\/\/csmer.uprrp.edu\/wp-content\/uploads\/poster-Edwin-2013-MB-para-michelle-250x188.jpg 250w, https:\/\/csmer.uprrp.edu\/wp-content\/uploads\/poster-Edwin-2013-MB-para-michelle-800x600.jpg 800w, https:\/\/csmer.uprrp.edu\/wp-content\/uploads\/poster-Edwin-2013-MB-para-michelle-240x180.jpg 240w, https:\/\/csmer.uprrp.edu\/wp-content\/uploads\/poster-Edwin-2013-MB-para-michelle-400x300.jpg 400w, https:\/\/csmer.uprrp.edu\/wp-content\/uploads\/poster-Edwin-2013-MB-para-michelle-667x500.jpg 667w, https:\/\/csmer.uprrp.edu\/wp-content\/uploads\/poster-Edwin-2013-MB-para-michelle.jpg 1200w\" sizes=\"auto, (max-width: 550px) 100vw, 550px\" \/><\/a><\/p>\n<h3><a href=\"https:\/\/csmer.uprrp.edu\/wp-content\/uploads\/poster-Rep.-Dominicana-MMT.pdf\"><img loading=\"lazy\" decoding=\"async\" class=\" alignnone wp-image-1773\" src=\"https:\/\/csmer.uprrp.edu\/wp-content\/uploads\/Poster-Yamily-PARA-IMPRESION-page-0011-1024x768.jpg\" alt=\"Poster Yamily-PARA IMPRESION-page-001\" width=\"550\" height=\"413\" srcset=\"https:\/\/csmer.uprrp.edu\/wp-content\/uploads\/Poster-Yamily-PARA-IMPRESION-page-0011-1024x768.jpg 1024w, https:\/\/csmer.uprrp.edu\/wp-content\/uploads\/Poster-Yamily-PARA-IMPRESION-page-0011-300x225.jpg 300w\" sizes=\"auto, (max-width: 550px) 100vw, 550px\" \/><br \/>\n<\/a>2012<\/h3>\n<p>&nbsp;<\/p>\n<h3><a href=\"https:\/\/csmer.uprrp.edu\/wp-content\/uploads\/poster-Rep.-Dominicana-MMT.pdf\"><img loading=\"lazy\" decoding=\"async\" class=\"alignnone wp-image-1778\" src=\"https:\/\/csmer.uprrp.edu\/wp-content\/uploads\/poster-Edwin-3-page-001-1024x768.jpg\" alt=\"poster-Edwin (3)-page-001\" width=\"550\" height=\"413\" srcset=\"https:\/\/csmer.uprrp.edu\/wp-content\/uploads\/poster-Edwin-3-page-001-1024x768.jpg 1024w, https:\/\/csmer.uprrp.edu\/wp-content\/uploads\/poster-Edwin-3-page-001-300x225.jpg 300w\" sizes=\"auto, (max-width: 550px) 100vw, 550px\" \/><\/a><\/h3>\n<h3><a href=\"https:\/\/csmer.uprrp.edu\/wp-content\/uploads\/poster-Rep.-Dominicana-MMT.pdf\"><img loading=\"lazy\" decoding=\"async\" class=\" alignnone wp-image-1770\" src=\"https:\/\/csmer.uprrp.edu\/wp-content\/uploads\/Poster-Tom\u00e1s-page-0011-1024x768.jpg\" alt=\"Poster Tom\u00e1s-page-001\" width=\"550\" height=\"413\" srcset=\"https:\/\/csmer.uprrp.edu\/wp-content\/uploads\/Poster-Tom\u00e1s-page-0011-1024x768.jpg 1024w, https:\/\/csmer.uprrp.edu\/wp-content\/uploads\/Poster-Tom\u00e1s-page-0011-300x225.jpg 300w\" sizes=\"auto, (max-width: 550px) 100vw, 550px\" \/><\/a><\/h3>\n<h3><\/h3>\n<h3><\/h3>\n<h3>2011<\/h3>\n<h3><a href=\"https:\/\/csmer.uprrp.edu\/wp-content\/uploads\/poster-Rep.-Dominicana-MMT.pdf\"><img loading=\"lazy\" decoding=\"async\" class=\" size-large wp-image-1776 alignnone\" src=\"https:\/\/csmer.uprrp.edu\/wp-content\/uploads\/poster-page-001-1024x768.jpg\" alt=\"poster-page-001\" width=\"470\" height=\"352\" srcset=\"https:\/\/csmer.uprrp.edu\/wp-content\/uploads\/poster-page-001-1024x768.jpg 1024w, https:\/\/csmer.uprrp.edu\/wp-content\/uploads\/poster-page-001-300x225.jpg 300w\" sizes=\"auto, (max-width: 470px) 100vw, 470px\" \/><\/a><\/h3>\n<h2>I \u2013 Congreso de Educaci\u00f3n Matem\u00e1tica de Am\u00e9rica Central y el Caribe (CEMACyC), Rep\u00fablica Dominicana<\/h2>\n<h3>Noviembre, 2013<\/h3>\n<h3><\/h3>\n<h3><\/h3>\n<h3><a href=\"https:\/\/csmer.uprrp.edu\/wp-content\/uploads\/poster-Rep.-Dominicana-MMT.pdf\"><img loading=\"lazy\" decoding=\"async\" class=\" size-large wp-image-1766 alignnone\" src=\"https:\/\/csmer.uprrp.edu\/wp-content\/uploads\/poster-Rep.-Dominicana-MMT-page-001-2-647x1024.jpg\" alt=\"poster - Rep. Dominicana MMT-page-001 (2)\" width=\"470\" height=\"743\" srcset=\"https:\/\/csmer.uprrp.edu\/wp-content\/uploads\/poster-Rep.-Dominicana-MMT-page-001-2-647x1024.jpg 647w, https:\/\/csmer.uprrp.edu\/wp-content\/uploads\/poster-Rep.-Dominicana-MMT-page-001-2-189x300.jpg 189w\" sizes=\"auto, (max-width: 470px) 100vw, 470px\" \/><\/a><\/h3>\n<p><a href=\"https:\/\/csmer.uprrp.edu\/wp-content\/uploads\/Presentation-congreso-educativo-2015-estadisticas-en-la-basura.pdf\"><img loading=\"lazy\" decoding=\"async\" class=\"wp-image-2488 size-wcstandard alignnone\" src=\"https:\/\/csmer.uprrp.edu\/wp-content\/uploads\/Presentation-congreso-educativo-2015-estadisticas-en-la-basura-550x309.jpg\" alt=\"Presentation - congreso educativo 2015- estadisticas en la basura\" width=\"550\" height=\"309\" srcset=\"https:\/\/csmer.uprrp.edu\/wp-content\/uploads\/Presentation-congreso-educativo-2015-estadisticas-en-la-basura-550x309.jpg 550w, https:\/\/csmer.uprrp.edu\/wp-content\/uploads\/Presentation-congreso-educativo-2015-estadisticas-en-la-basura-300x169.jpg 300w, https:\/\/csmer.uprrp.edu\/wp-content\/uploads\/Presentation-congreso-educativo-2015-estadisticas-en-la-basura-1024x576.jpg 1024w, https:\/\/csmer.uprrp.edu\/wp-content\/uploads\/Presentation-congreso-educativo-2015-estadisticas-en-la-basura-250x141.jpg 250w, https:\/\/csmer.uprrp.edu\/wp-content\/uploads\/Presentation-congreso-educativo-2015-estadisticas-en-la-basura-800x450.jpg 800w, https:\/\/csmer.uprrp.edu\/wp-content\/uploads\/Presentation-congreso-educativo-2015-estadisticas-en-la-basura-320x180.jpg 320w, https:\/\/csmer.uprrp.edu\/wp-content\/uploads\/Presentation-congreso-educativo-2015-estadisticas-en-la-basura-533x300.jpg 533w, https:\/\/csmer.uprrp.edu\/wp-content\/uploads\/Presentation-congreso-educativo-2015-estadisticas-en-la-basura-889x500.jpg 889w\" sizes=\"auto, (max-width: 550px) 100vw, 550px\" \/><\/a><\/p>\n","protected":false},"excerpt":{"rendered":"<p>Congreso Puertorrique\u00f1o de investigaci\u00f3n en la educaci\u00f3n &nbsp; NSF Robert Noyce Teacher Scholarship Program Conference, Washington, DC 2014 2013 2012 &nbsp; 2011 I \u2013 Congreso de Educaci\u00f3n Matem\u00e1tica de Am\u00e9rica Central y el Caribe (CEMACyC), Rep\u00fablica Dominicana Noviembre, 2013<\/p>\n","protected":false},"author":1,"featured_media":0,"parent":24,"menu_order":0,"comment_status":"closed","ping_status":"closed","template":"","meta":{"_kad_post_transparent":"","_kad_post_title":"","_kad_post_layout":"","_kad_post_sidebar_id":"","_kad_post_content_style":"","_kad_post_vertical_padding":"","_kad_post_feature":"","_kad_post_feature_position":"","_kad_post_header":false,"_kad_post_footer":false,"_kad_post_classname":"","footnotes":""},"class_list":["post-139","page","type-page","status-publish","hentry"],"_links":{"self":[{"href":"https:\/\/csmer.uprrp.edu\/index.php?rest_route=\/wp\/v2\/pages\/139","targetHints":{"allow":["GET"]}}],"collection":[{"href":"https:\/\/csmer.uprrp.edu\/index.php?rest_route=\/wp\/v2\/pages"}],"about":[{"href":"https:\/\/csmer.uprrp.edu\/index.php?rest_route=\/wp\/v2\/types\/page"}],"author":[{"embeddable":true,"href":"https:\/\/csmer.uprrp.edu\/index.php?rest_route=\/wp\/v2\/users\/1"}],"replies":[{"embeddable":true,"href":"https:\/\/csmer.uprrp.edu\/index.php?rest_route=%2Fwp%2Fv2%2Fcomments&post=139"}],"version-history":[{"count":5,"href":"https:\/\/csmer.uprrp.edu\/index.php?rest_route=\/wp\/v2\/pages\/139\/revisions"}],"predecessor-version":[{"id":2527,"href":"https:\/\/csmer.uprrp.edu\/index.php?rest_route=\/wp\/v2\/pages\/139\/revisions\/2527"}],"up":[{"embeddable":true,"href":"https:\/\/csmer.uprrp.edu\/index.php?rest_route=\/wp\/v2\/pages\/24"}],"wp:attachment":[{"href":"https:\/\/csmer.uprrp.edu\/index.php?rest_route=%2Fwp%2Fv2%2Fmedia&parent=139"}],"curies":[{"name":"wp","href":"https:\/\/api.w.org\/{rel}","templated":true}]}}