{"id":13,"date":"2013-03-11T14:21:40","date_gmt":"2013-03-11T18:21:40","guid":{"rendered":"http:\/\/csmer.uprrp.edu\/?page_id=13"},"modified":"2025-02-21T10:43:16","modified_gmt":"2025-02-21T14:43:16","slug":"alacima","status":"publish","type":"page","link":"https:\/\/csmer.uprrp.edu\/?page_id=13","title":{"rendered":"AlACiMa (2003-2008)"},"content":{"rendered":"<p><a href=\"https:\/\/csmer.uprrp.edu\/wp-content\/uploads\/Slide2.png\"><img loading=\"lazy\" decoding=\"async\" class=\"size-medium wp-image-15 alignleft\" src=\"https:\/\/csmer.uprrp.edu\/wp-content\/uploads\/Slide2-300x278.png\" alt=\"Alacima\" width=\"300\" height=\"278\" srcset=\"https:\/\/csmer.uprrp.edu\/wp-content\/uploads\/Slide2-300x278.png 300w, https:\/\/csmer.uprrp.edu\/wp-content\/uploads\/Slide2.png 656w\" sizes=\"auto, (max-width: 300px) 100vw, 300px\" \/><\/a><\/p>\n<p>La Alianza para el Aprendizaje de Ciencias y Matem\u00e1ticas de Puerto Rico (AlACiMa) fue un proyecto integral que incluy\u00f3 cuatro de las principales universidades de la isla que est\u00e1n en la avanzada de la educaci\u00f3n de las ciencias y las matem\u00e1tica, junto al Departamento de Educaci\u00f3n y organizaciones de apoyo, que incluyen a los otros siete recintos del sistema de la UPR, la Universidad Interamericana, el Observatorio de Arecibo, el Instituto Internacional de Dasonom\u00eda Tropical, el Fideicomiso de Conservaci\u00f3n de Puerto Rico, la Asociaci\u00f3n de Maestros de Ciencia de Puerto Rico, la Asociaci\u00f3n Puertorrique\u00f1a de Maestros de Matem\u00e1tica, as\u00ed como las Alianzas Corporativas para la Educaci\u00f3n, entre otras.<\/p>\n<p>AlACiMa form\u00f3 una alianza entre los Recintos de R\u00edo Piedras, Mayag\u00fcez, Cayey y Humacao de la UPR para, en conjunto, abarcar la isla entera, a fin de poder trabajar m\u00e1s directamente con los maestros de ciencias y matem\u00e1ticas (C&amp;M) en la implementaci\u00f3n de materiales curriculares evaluados como excelentes, para optimizar el aprendizaje de C&amp;M de 305,000 estudiantes de 584 escuelas en los grados K a 12. La Alianza cre\u00f3 nuevas oportunidades para el desarrollo profesional y para la obtenci\u00f3n de certificaciones para los maestros de C&amp;M, y reform\u00f3 el programa para la preparaci\u00f3n de 3,000 futuros maestros de los grados K a 12, a fin de garantizar que \u00e9stos est\u00e9n altamente calificados para implementar y sostener las mejoras educativas introducidas por AlACiMa.<\/p>\n<p><em>Visi\u00f3n:<\/em><\/p>\n<p>Todos los estudiantes, desde kinder hasta duod\u00e9cimo grado, alcanzan niveles altos de entendimiento de las ciencias y las matem\u00e1ticas, basados en los est\u00e1ndares locales y nacionales.<\/p>\n<p><em>Misi\u00f3n:<\/em><\/p>\n<p>Ofrecer un programa de apoyo comprensivo y sist\u00e9mico a las escuelas, para que cada maestro de Ciencias y Matem\u00e1ticas sea experto en el \u00e1rea de contenido que ense\u00f1a y posea las destrezas para llevar una ense\u00f1anza de calidad a todos los estudiantes, en un ambiente centrado en el aprendizaje.<\/p>\n","protected":false},"excerpt":{"rendered":"<p>La Alianza para el Aprendizaje de Ciencias y Matem\u00e1ticas de Puerto Rico (AlACiMa) fue un proyecto integral que incluy\u00f3 cuatro de las principales universidades de la isla que est\u00e1n en la avanzada de la educaci\u00f3n de las ciencias y las matem\u00e1tica, junto al Departamento de Educaci\u00f3n y organizaciones de apoyo, que incluyen a los otros&#8230;<\/p>\n","protected":false},"author":1,"featured_media":0,"parent":0,"menu_order":5,"comment_status":"closed","ping_status":"closed","template":"","meta":{"_kad_post_transparent":"","_kad_post_title":"","_kad_post_layout":"","_kad_post_sidebar_id":"","_kad_post_content_style":"","_kad_post_vertical_padding":"","_kad_post_feature":"","_kad_post_feature_position":"","_kad_post_header":false,"_kad_post_footer":false,"_kad_post_classname":"","footnotes":""},"class_list":["post-13","page","type-page","status-publish","hentry"],"_links":{"self":[{"href":"https:\/\/csmer.uprrp.edu\/index.php?rest_route=\/wp\/v2\/pages\/13","targetHints":{"allow":["GET"]}}],"collection":[{"href":"https:\/\/csmer.uprrp.edu\/index.php?rest_route=\/wp\/v2\/pages"}],"about":[{"href":"https:\/\/csmer.uprrp.edu\/index.php?rest_route=\/wp\/v2\/types\/page"}],"author":[{"embeddable":true,"href":"https:\/\/csmer.uprrp.edu\/index.php?rest_route=\/wp\/v2\/users\/1"}],"replies":[{"embeddable":true,"href":"https:\/\/csmer.uprrp.edu\/index.php?rest_route=%2Fwp%2Fv2%2Fcomments&post=13"}],"version-history":[{"count":5,"href":"https:\/\/csmer.uprrp.edu\/index.php?rest_route=\/wp\/v2\/pages\/13\/revisions"}],"predecessor-version":[{"id":2127,"href":"https:\/\/csmer.uprrp.edu\/index.php?rest_route=\/wp\/v2\/pages\/13\/revisions\/2127"}],"wp:attachment":[{"href":"https:\/\/csmer.uprrp.edu\/index.php?rest_route=%2Fwp%2Fv2%2Fmedia&parent=13"}],"curies":[{"name":"wp","href":"https:\/\/api.w.org\/{rel}","templated":true}]}}