{"id":1279,"date":"2014-05-27T12:48:59","date_gmt":"2014-05-27T16:48:59","guid":{"rendered":"http:\/\/csmer.uprrp.edu\/?page_id=1279"},"modified":"2025-02-21T15:51:13","modified_gmt":"2025-02-21T19:51:13","slug":"actividades","status":"publish","type":"page","link":"https:\/\/csmer.uprrp.edu\/?page_id=1279","title":{"rendered":"Fases I y II"},"content":{"rendered":"<p><strong>Fase II<\/strong><\/p>\n<p>La segunda Fase de AlACiMa<sup>2<\/sup> propone que el Departamento de Educaci\u00f3n de Puerto Rico (DEPR) contin\u00fae con el programa de adecuaci\u00f3n profesional para los maestros de ciencia y matem\u00e1ticas y directores de 110 escuelas impactadas, siendo los 15 Centro de Recurso para Ciencia y Matem\u00e1ticas (CRPCM) reci\u00e9n inaugurados y 2 de los CRPCM originales de AlACiMa, la sede para desarrollar capacitaciones al igual que para pr\u00e9stamos de equipo y materiales. Los maestros de ciencia y matem\u00e1ticas de dichas escuelas y sus directores continuaran recibiendo capacitaciones que siguen un riguroso dise\u00f1o que realizan profesores universitarios con alto dominio de contenido, experiencia en la capacitaci\u00f3n a maestros y conocimiento de nuestras escuelas, junto a maestros ejemplares de la sala de clases. De igual manera, el dise\u00f1o y desarrollo de las actividades estar\u00e1n alineados con los Est\u00e1ndares de Contenido, Tecnolog\u00eda y las Expectativas de Grado de Departamento de Educaci\u00f3n (revisado a diciembre de 2007), el Plan Estrat\u00e9gico del Departamento de Educaci\u00f3n los Marcos Conceptuales del Departamento de Educaci\u00f3n y los requerimientos del Programa de T\u00edtulo V-A y la Ley de Educaci\u00f3n Elemental y Secundaria de 1965, seg\u00fan enmendada <i>No Child Left Behind<\/i>, L.P. 107-110. Se dise\u00f1ar\u00e1n actividades que promueven experiencias acad\u00e9micas retantes que incluyen la preparaci\u00f3n y uso de materiales y manipulativos para desarrollar, mantener y\/o fortalecer el desarrollo de conceptos y destrezas en Ciencias y Matem\u00e1ticas. Se enfatizara la integraci\u00f3n de la tecnolog\u00eda en las actividades de desarrollo profesional y se realizaran exitosas Academias de Integraci\u00f3n de la Tecnolog\u00eda con el seguimiento correspondiente.<\/p>\n","protected":false},"excerpt":{"rendered":"<p>Fase II La segunda Fase de AlACiMa2 propone que el Departamento de Educaci\u00f3n de Puerto Rico (DEPR) contin\u00fae con el programa de adecuaci\u00f3n profesional para los maestros de ciencia y matem\u00e1ticas y directores de 110 escuelas impactadas, siendo los 15 Centro de Recurso para Ciencia y Matem\u00e1ticas (CRPCM) reci\u00e9n inaugurados y 2 de los CRPCM&#8230;<\/p>\n","protected":false},"author":1,"featured_media":0,"parent":25,"menu_order":1,"comment_status":"closed","ping_status":"closed","template":"","meta":{"_kad_post_transparent":"","_kad_post_title":"","_kad_post_layout":"","_kad_post_sidebar_id":"","_kad_post_content_style":"","_kad_post_vertical_padding":"","_kad_post_feature":"","_kad_post_feature_position":"","_kad_post_header":false,"_kad_post_footer":false,"_kad_post_classname":"","footnotes":""},"class_list":["post-1279","page","type-page","status-publish","hentry"],"_links":{"self":[{"href":"https:\/\/csmer.uprrp.edu\/index.php?rest_route=\/wp\/v2\/pages\/1279","targetHints":{"allow":["GET"]}}],"collection":[{"href":"https:\/\/csmer.uprrp.edu\/index.php?rest_route=\/wp\/v2\/pages"}],"about":[{"href":"https:\/\/csmer.uprrp.edu\/index.php?rest_route=\/wp\/v2\/types\/page"}],"author":[{"embeddable":true,"href":"https:\/\/csmer.uprrp.edu\/index.php?rest_route=\/wp\/v2\/users\/1"}],"replies":[{"embeddable":true,"href":"https:\/\/csmer.uprrp.edu\/index.php?rest_route=%2Fwp%2Fv2%2Fcomments&post=1279"}],"version-history":[{"count":5,"href":"https:\/\/csmer.uprrp.edu\/index.php?rest_route=\/wp\/v2\/pages\/1279\/revisions"}],"predecessor-version":[{"id":1833,"href":"https:\/\/csmer.uprrp.edu\/index.php?rest_route=\/wp\/v2\/pages\/1279\/revisions\/1833"}],"up":[{"embeddable":true,"href":"https:\/\/csmer.uprrp.edu\/index.php?rest_route=\/wp\/v2\/pages\/25"}],"wp:attachment":[{"href":"https:\/\/csmer.uprrp.edu\/index.php?rest_route=%2Fwp%2Fv2%2Fmedia&parent=1279"}],"curies":[{"name":"wp","href":"https:\/\/api.w.org\/{rel}","templated":true}]}}