{"id":124,"date":"2013-06-05T09:54:43","date_gmt":"2013-06-05T13:54:43","guid":{"rendered":"http:\/\/csmer.uprrp.edu\/?page_id=124"},"modified":"2025-12-03T13:56:27","modified_gmt":"2025-12-03T17:56:27","slug":"directorio","status":"publish","type":"page","link":"https:\/\/csmer.uprrp.edu\/?page_id=124","title":{"rendered":"Directorio"},"content":{"rendered":"\n<figure class=\"wp-block-table\"><table class=\"has-fixed-layout\"><thead><tr><th class=\"has-text-align-left\" data-align=\"left\">Nombre<\/th><th>Escuela<\/th><th>Distrito<\/th><th>Regi\u00f3n<\/th><th>Director\/a<\/th><\/tr><\/thead><tbody><tr><td class=\"has-text-align-left\" data-align=\"left\">Amabel T. Soto Guzm\u00e1n<\/td><td>Carmen L. Feliciano Carreras<\/td><td>R\u00edo Grande<\/td><td>Humacao<\/td><td>Myrna Estrada<\/td><\/tr><tr><td class=\"has-text-align-left\" data-align=\"left\">Carmen J. Vel\u00e1zquez Rivera<\/td><td>Jose Emilio Lugo<\/td><td>Utuado<\/td><td>Ponce<\/td><td>Yanira Torres de R\u00edos<\/td><\/tr><tr><td class=\"has-text-align-left\" data-align=\"left\">Josiel Rosado Tirado<\/td><td>Juan Quirindongo Morell<\/td><td>Vega Baja<\/td><td>Arecibo<\/td><td>Silvi Ruiz<\/td><\/tr><tr><td class=\"has-text-align-left\" data-align=\"left\">Luis O. De J\u00e9sus Torres<\/td><td>Francisco A. Garc\u00eda Boyri\u00e9<\/td><td>Guayama<\/td><td>Caguas<\/td><td>Carlos Mel\u00e9ndez<\/td><\/tr><tr><td class=\"has-text-align-left\" data-align=\"left\">Lymarie P\u00e9rez Muler<\/td><td>Petra Mercado Bougart<\/td><td>Humacao<\/td><td>Humacao<\/td><td>Gerardo Gonz\u00e1lez<\/td><\/tr><tr><td class=\"has-text-align-left\" data-align=\"left\">Marilyn Santiago Rom\u00e1n<\/td><td>Sup. Domingo Aponte Collazo<\/td><td>Camuy<\/td><td>Arecibo<\/td><td>Angela Serrano<\/td><\/tr><tr><td class=\"has-text-align-left\" data-align=\"left\">Osvaldo Par\u00e9s Rivera<\/td><td>Eugenio Maria Hostos<\/td><td>Mayag\u00fcez<\/td><td>Mayag\u00fcez<\/td><td>Maribel L\u00f3pez<\/td><\/tr><tr><td class=\"has-text-align-left\" data-align=\"left\">Sylvia Hern\u00e1ndez Acevedo<\/td><td>Carlos Gonz\u00e1lez<\/td><td>Aguada<\/td><td>Mayag\u00fcez<\/td><td>Julio Qui\u00f1onez<\/td><\/tr><tr><td class=\"has-text-align-left\" data-align=\"left\">Tomas D\u00edas Berrios<\/td><td>Jos\u00e9 Rojas Cort\u00e9s<\/td><td>Orocovis<\/td><td>Bayam\u00f3n<\/td><td>Hector Cartagena<\/td><\/tr><tr><td class=\"has-text-align-left\" data-align=\"left\">Yamily Col\u00f3n Negr\u00f3n<\/td><td>Jos\u00e9 S. Alegr\u00eda<\/td><td>Vega Alta<\/td><td>Arecibo<\/td><td>Anacelis Aquino<\/td><\/tr><\/tbody><\/table><\/figure>\n","protected":false},"excerpt":{"rendered":"<p>Nombre Escuela Distrito Regi\u00f3n Director\/a Amabel T. Soto Guzm\u00e1n Carmen L. Feliciano Carreras R\u00edo Grande Humacao Myrna Estrada Carmen J. Vel\u00e1zquez Rivera Jose Emilio Lugo Utuado Ponce Yanira Torres de R\u00edos Josiel Rosado Tirado Juan Quirindongo Morell Vega Baja Arecibo Silvi Ruiz Luis O. De J\u00e9sus Torres Francisco A. Garc\u00eda Boyri\u00e9 Guayama Caguas Carlos Mel\u00e9ndez&#8230;<\/p>\n","protected":false},"author":1,"featured_media":0,"parent":24,"menu_order":0,"comment_status":"closed","ping_status":"closed","template":"","meta":{"_kad_post_transparent":"","_kad_post_title":"","_kad_post_layout":"","_kad_post_sidebar_id":"","_kad_post_content_style":"","_kad_post_vertical_padding":"","_kad_post_feature":"","_kad_post_feature_position":"","_kad_post_header":false,"_kad_post_footer":false,"_kad_post_classname":"","footnotes":""},"class_list":["post-124","page","type-page","status-publish","hentry"],"_links":{"self":[{"href":"https:\/\/csmer.uprrp.edu\/index.php?rest_route=\/wp\/v2\/pages\/124","targetHints":{"allow":["GET"]}}],"collection":[{"href":"https:\/\/csmer.uprrp.edu\/index.php?rest_route=\/wp\/v2\/pages"}],"about":[{"href":"https:\/\/csmer.uprrp.edu\/index.php?rest_route=\/wp\/v2\/types\/page"}],"author":[{"embeddable":true,"href":"https:\/\/csmer.uprrp.edu\/index.php?rest_route=\/wp\/v2\/users\/1"}],"replies":[{"embeddable":true,"href":"https:\/\/csmer.uprrp.edu\/index.php?rest_route=%2Fwp%2Fv2%2Fcomments&post=124"}],"version-history":[{"count":5,"href":"https:\/\/csmer.uprrp.edu\/index.php?rest_route=\/wp\/v2\/pages\/124\/revisions"}],"predecessor-version":[{"id":4802,"href":"https:\/\/csmer.uprrp.edu\/index.php?rest_route=\/wp\/v2\/pages\/124\/revisions\/4802"}],"up":[{"embeddable":true,"href":"https:\/\/csmer.uprrp.edu\/index.php?rest_route=\/wp\/v2\/pages\/24"}],"wp:attachment":[{"href":"https:\/\/csmer.uprrp.edu\/index.php?rest_route=%2Fwp%2Fv2%2Fmedia&parent=124"}],"curies":[{"name":"wp","href":"https:\/\/api.w.org\/{rel}","templated":true}]}}